{"id":9,"date":"2021-06-23T13:20:44","date_gmt":"2021-06-23T11:20:44","guid":{"rendered":"https:\/\/www.itd.info\/web\/?page_id=9"},"modified":"2021-06-23T16:40:17","modified_gmt":"2021-06-23T14:40:17","slug":"home","status":"publish","type":"page","link":"https:\/\/www.itd.info\/web\/","title":{"rendered":"Home"},"content":{"rendered":"\n<div class=\"wp-block-columns\">\n<div class=\"wp-block-column\">\n<div class=\"wp-block-columns\">\n<div class=\"wp-block-column\" style=\"flex-basis:80%\">\n<p class=\"has-text-align-center\">Wir bieten dir durch unsere Profis eine fundierte und anerkannte Ausbildung nach internationalen Standards um dir diesen Wunsch zu erf\u00fcllen. Tauchen ist keine Kampfsportart und kann von jedermann (frau) erlernt werden. Probiere es aus und du wirst begeistert sein!<\/p>\n\n\n\n<p class=\"has-text-align-center\">Der Einstieg ist der Scuba Diver, bei dem du alle Grundkenntnisse zum sicheren Tauchen weltweit erlangst. N\u00e4here Infos bekommst du bei uns oder einem Tauchlehrer in deiner N\u00e4he.<\/p>\n\n\n\n<figure class=\"wp-block-image size-large is-style-default\"><img loading=\"lazy\" width=\"745\" height=\"514\" src=\"https:\/\/www.itd.info\/web\/wp-content\/uploads\/2021\/06\/Home1.jpg\" alt=\"\" class=\"wp-image-94\" srcset=\"https:\/\/www.itd.info\/web\/wp-content\/uploads\/2021\/06\/Home1.jpg 745w, https:\/\/www.itd.info\/web\/wp-content\/uploads\/2021\/06\/Home1-300x207.jpg 300w\" sizes=\"(max-width: 745px) 100vw, 745px\" \/><\/figure>\n\n\n\n<p class=\"has-text-align-center\">QUALIT\u00c4T IST UNSER H\u00d6CHSTES GEBOT<\/p>\n\n\n\n<p class=\"has-text-align-center\">Unser Ziel ist es, Technische und Sport Tauchausbildung auf einem h\u00f6chstm\u00f6glichen Niveau anzubieten. Aus diesem Grund sind wir der Meinung diese muss bereits bei der Grundausbildung anfangen.<\/p>\n\n\n\n<p class=\"has-text-align-center\">Die L\u00f6sung unsererseits liegt im Ausbildungssystem. Jeder Folgekurs baut<br>auf den vorangegangenen direkt auf. Die Theorie und Praxis sind jeweils<br>in sich abgeschlossen und stellen eine eigene Einheit dar.<br>Dadurch entsteht kein ewiges Wiederholen von Grundkenntnissen.<br>Wir arbeiten nach europ\u00e4ischen Ausbildungs-Standards.<\/p>\n\n\n\n<p class=\"has-text-align-center\">Die Manuals erscheinen nach und nach einheitlich in mehreren Sprachen.<\/p>\n\n\n\n<p class=\"has-text-align-center\">Die Schwerpunkte jedes Kurses werden intensiv aufgearbeitet und st\u00e4ndig aktualisiert, um stets ein fundiertes Wissen und K\u00f6nnen zu vermitteln.<\/p>\n\n\n\n<p class=\"has-text-align-center\">Die Kursstruktur ist geradlinig aufgebaut.<\/p>\n<\/div>\n\n\n\n<div class=\"wp-block-column\" style=\"flex-basis:20%\"><div id='1' class='widgets_on_page wop_tiny1  wop_small1  wop_medium1  wop_large1  wop_wide1'>\n\t\t\t<ul><li id=\"media_image-9\" class=\"widget widget_media_image\"><img width=\"1\" height=\"1\" src=\"https:\/\/www.itd.info\/web\/wp-content\/uploads\/2021\/06\/blank.png\" class=\"image wp-image-400  attachment-20x20 size-20x20\" alt=\"\" loading=\"lazy\" style=\"max-width: 100%; height: auto;\" \/><\/li><li id=\"media_image-3\" class=\"widget widget_media_image\"><a href=\"https:\/\/www.ipdi2002.org\/\"><img width=\"140\" height=\"140\" src=\"https:\/\/www.itd.info\/web\/wp-content\/uploads\/2021\/06\/IPDI-klein.png\" class=\"image wp-image-59  attachment-full size-full\" alt=\"\" loading=\"lazy\" style=\"max-width: 100%; height: auto;\" \/><\/a><\/li><li id=\"media_image-8\" class=\"widget widget_media_image\"><img width=\"1\" height=\"1\" src=\"https:\/\/www.itd.info\/web\/wp-content\/uploads\/2021\/06\/blank.png\" class=\"image wp-image-400  attachment-20x20 size-20x20\" alt=\"\" loading=\"lazy\" style=\"max-width: 100%; height: auto;\" \/><\/li><li id=\"media_image-4\" class=\"widget widget_media_image\"><a href=\"http:\/\/www.bonex-systeme.de\/\"><img width=\"140\" height=\"71\" src=\"https:\/\/www.itd.info\/web\/wp-content\/uploads\/2021\/06\/Logo-bonex-300x153.png\" class=\"image wp-image-60  attachment-140x71 size-140x71\" alt=\"\" loading=\"lazy\" style=\"max-width: 100%; height: auto;\" srcset=\"https:\/\/www.itd.info\/web\/wp-content\/uploads\/2021\/06\/Logo-bonex-300x153.png 300w, https:\/\/www.itd.info\/web\/wp-content\/uploads\/2021\/06\/Logo-bonex-1024x523.png 1024w, https:\/\/www.itd.info\/web\/wp-content\/uploads\/2021\/06\/Logo-bonex-768x392.png 768w, https:\/\/www.itd.info\/web\/wp-content\/uploads\/2021\/06\/Logo-bonex.png 1346w\" sizes=\"(max-width: 140px) 100vw, 140px\" \/><\/a><\/li><li id=\"media_image-10\" class=\"widget widget_media_image\"><img width=\"1\" height=\"1\" src=\"https:\/\/www.itd.info\/web\/wp-content\/uploads\/2021\/06\/blank.png\" class=\"image wp-image-400  attachment-20x20 size-20x20\" alt=\"\" loading=\"lazy\" style=\"max-width: 100%; height: auto;\" \/><\/li><li id=\"media_image-5\" class=\"widget widget_media_image\"><a href=\"https:\/\/ks-tauchtechnik.de\/\"><img width=\"140\" height=\"140\" src=\"https:\/\/www.itd.info\/web\/wp-content\/uploads\/2021\/06\/Logo-ksTauchtechnik-150x150.png\" class=\"image wp-image-61  attachment-140x140 size-140x140\" alt=\"\" loading=\"lazy\" style=\"max-width: 100%; height: auto;\" srcset=\"https:\/\/www.itd.info\/web\/wp-content\/uploads\/2021\/06\/Logo-ksTauchtechnik-150x150.png 150w, https:\/\/www.itd.info\/web\/wp-content\/uploads\/2021\/06\/Logo-ksTauchtechnik-300x300.png 300w, https:\/\/www.itd.info\/web\/wp-content\/uploads\/2021\/06\/Logo-ksTauchtechnik.png 760w\" sizes=\"(max-width: 140px) 100vw, 140px\" \/><\/a><\/li><li id=\"media_image-11\" class=\"widget widget_media_image\"><img width=\"1\" height=\"1\" src=\"https:\/\/www.itd.info\/web\/wp-content\/uploads\/2021\/06\/blank.png\" class=\"image wp-image-400  attachment-20x20 size-20x20\" alt=\"\" loading=\"lazy\" style=\"max-width: 100%; height: auto;\" \/><\/li><li id=\"media_image-6\" class=\"widget widget_media_image\"><a href=\"https:\/\/www.tek-diver-shop.de\/\"><img width=\"2560\" height=\"1157\" src=\"https:\/\/www.itd.info\/web\/wp-content\/uploads\/2024\/08\/LogoHTD-neu-2024-Original-scaled.jpg\" class=\"image wp-image-549  attachment-full size-full\" alt=\"\" loading=\"lazy\" style=\"max-width: 100%; height: auto;\" srcset=\"https:\/\/www.itd.info\/web\/wp-content\/uploads\/2024\/08\/LogoHTD-neu-2024-Original-scaled.jpg 2560w, https:\/\/www.itd.info\/web\/wp-content\/uploads\/2024\/08\/LogoHTD-neu-2024-Original-300x136.jpg 300w, https:\/\/www.itd.info\/web\/wp-content\/uploads\/2024\/08\/LogoHTD-neu-2024-Original-1024x463.jpg 1024w, https:\/\/www.itd.info\/web\/wp-content\/uploads\/2024\/08\/LogoHTD-neu-2024-Original-768x347.jpg 768w, https:\/\/www.itd.info\/web\/wp-content\/uploads\/2024\/08\/LogoHTD-neu-2024-Original-1536x694.jpg 1536w, https:\/\/www.itd.info\/web\/wp-content\/uploads\/2024\/08\/LogoHTD-neu-2024-Original-2048x925.jpg 2048w\" sizes=\"(max-width: 2560px) 100vw, 2560px\" \/><\/a><\/li><li id=\"media_image-12\" class=\"widget widget_media_image\"><img width=\"1\" height=\"1\" src=\"https:\/\/www.itd.info\/web\/wp-content\/uploads\/2021\/06\/blank.png\" class=\"image wp-image-400  attachment-20x20 size-20x20\" alt=\"\" loading=\"lazy\" style=\"max-width: 100%; height: auto;\" \/><\/li><li id=\"media_image-7\" class=\"widget widget_media_image\"><a href=\"https:\/\/www.bluemarlin-redsea.com\/\"><img width=\"140\" height=\"160\" src=\"https:\/\/www.itd.info\/web\/wp-content\/uploads\/2021\/06\/Logo_dtd-262x300.png\" class=\"image wp-image-89  attachment-140x160 size-140x160\" alt=\"\" loading=\"lazy\" style=\"max-width: 100%; height: auto;\" srcset=\"https:\/\/www.itd.info\/web\/wp-content\/uploads\/2021\/06\/Logo_dtd-262x300.png 262w, https:\/\/www.itd.info\/web\/wp-content\/uploads\/2021\/06\/Logo_dtd.png 616w\" sizes=\"(max-width: 140px) 100vw, 140px\" \/><\/a><\/li><\/ul><\/div><!-- widgets_on_page -->\n<\/div>\n<\/div>\n\n\n\n<p class=\"has-text-align-center\"><\/p>\n<\/div>\n<\/div>\n\n\n\n<p><\/p>\n","protected":false},"excerpt":{"rendered":"<p>Wir bieten dir durch unsere Profis eine fundierte und anerkannte Ausbildung nach internationalen Standards um dir diesen Wunsch zu erf\u00fcllen. Tauchen ist keine Kampfsportart und kann von jedermann (frau) erlernt werden. Probiere es aus und du wirst begeistert sein! Der Einstieg ist der Scuba Diver, bei dem du alle Grundkenntnisse zum sicheren Tauchen weltweit erlangst. N\u00e4here Infos bekommst du bei uns oder einem Tauchlehrer in deiner N\u00e4he. QUALIT\u00c4T IST UNSER H\u00d6CHSTES GEBOT Unser Ziel ist es, Technische und Sport Tauchausbildung auf einem h\u00f6chstm\u00f6glichen Niveau anzubieten. Aus diesem Grund sind wir der Meinung diese muss bereits bei der Grundausbildung anfangen. Die\u2026<\/p>\n","protected":false},"author":1,"featured_media":0,"parent":0,"menu_order":0,"comment_status":"closed","ping_status":"closed","template":"","meta":[],"blocksy_meta":{"styles_descriptor":{"styles":{"desktop":"","tablet":"","mobile":""},"google_fonts":[]}},"yoast_head":"<!-- This site is optimized with the Yoast SEO plugin v18.4.1 - https:\/\/yoast.com\/wordpress\/plugins\/seo\/ -->\n<title>Home - ITD<\/title>\n<meta name=\"robots\" content=\"index, follow, max-snippet:-1, max-image-preview:large, max-video-preview:-1\" \/>\n<link rel=\"canonical\" href=\"https:\/\/www.itd.info\/web\/\" \/>\n<meta property=\"og:locale\" content=\"de_DE\" \/>\n<meta property=\"og:type\" content=\"article\" \/>\n<meta property=\"og:title\" content=\"Home - ITD\" \/>\n<meta property=\"og:description\" content=\"Wir bieten dir durch unsere Profis eine fundierte und anerkannte Ausbildung nach internationalen Standards um dir diesen Wunsch zu erf\u00fcllen. Tauchen ist keine Kampfsportart und kann von jedermann (frau) erlernt werden. Probiere es aus und du wirst begeistert sein! Der Einstieg ist der Scuba Diver, bei dem du alle Grundkenntnisse zum sicheren Tauchen weltweit erlangst. N\u00e4here Infos bekommst du bei uns oder einem Tauchlehrer in deiner N\u00e4he. QUALIT\u00c4T IST UNSER H\u00d6CHSTES GEBOT Unser Ziel ist es, Technische und Sport Tauchausbildung auf einem h\u00f6chstm\u00f6glichen Niveau anzubieten. Aus diesem Grund sind wir der Meinung diese muss bereits bei der Grundausbildung anfangen. Die\u2026\" \/>\n<meta property=\"og:url\" content=\"https:\/\/www.itd.info\/web\/\" \/>\n<meta property=\"og:site_name\" content=\"ITD\" \/>\n<meta property=\"article:modified_time\" content=\"2021-06-23T14:40:17+00:00\" \/>\n<meta property=\"og:image\" content=\"https:\/\/www.itd.info\/web\/wp-content\/uploads\/2021\/06\/Home1.jpg\" \/>\n<meta name=\"twitter:card\" content=\"summary_large_image\" \/>\n<meta name=\"twitter:label1\" content=\"Gesch\u00e4tzte Lesezeit\" \/>\n\t<meta name=\"twitter:data1\" content=\"1 Minute\" \/>\n<script type=\"application\/ld+json\" class=\"yoast-schema-graph\">{\"@context\":\"https:\/\/schema.org\",\"@graph\":[{\"@type\":\"Organization\",\"@id\":\"https:\/\/www.itd.info\/web\/#organization\",\"name\":\"ITD\",\"url\":\"https:\/\/www.itd.info\/web\/\",\"sameAs\":[],\"logo\":{\"@type\":\"ImageObject\",\"@id\":\"https:\/\/www.itd.info\/web\/#logo\",\"inLanguage\":\"de-DE\",\"url\":\"https:\/\/www.itd.info\/web\/wp-content\/uploads\/2021\/06\/itd.jpg\",\"contentUrl\":\"https:\/\/www.itd.info\/web\/wp-content\/uploads\/2021\/06\/itd.jpg\",\"width\":650,\"height\":409,\"caption\":\"ITD\"},\"image\":{\"@id\":\"https:\/\/www.itd.info\/web\/#logo\"}},{\"@type\":\"WebSite\",\"@id\":\"https:\/\/www.itd.info\/web\/#website\",\"url\":\"https:\/\/www.itd.info\/web\/\",\"name\":\"ITD\",\"description\":\"International Tek Diver\",\"publisher\":{\"@id\":\"https:\/\/www.itd.info\/web\/#organization\"},\"potentialAction\":[{\"@type\":\"SearchAction\",\"target\":{\"@type\":\"EntryPoint\",\"urlTemplate\":\"https:\/\/www.itd.info\/web\/?s={search_term_string}\"},\"query-input\":\"required name=search_term_string\"}],\"inLanguage\":\"de-DE\"},{\"@type\":\"ImageObject\",\"@id\":\"https:\/\/www.itd.info\/web\/#primaryimage\",\"inLanguage\":\"de-DE\",\"url\":\"https:\/\/www.itd.info\/web\/wp-content\/uploads\/2021\/06\/Home1.jpg\",\"contentUrl\":\"https:\/\/www.itd.info\/web\/wp-content\/uploads\/2021\/06\/Home1.jpg\",\"width\":745,\"height\":514},{\"@type\":\"WebPage\",\"@id\":\"https:\/\/www.itd.info\/web\/#webpage\",\"url\":\"https:\/\/www.itd.info\/web\/\",\"name\":\"Home - ITD\",\"isPartOf\":{\"@id\":\"https:\/\/www.itd.info\/web\/#website\"},\"primaryImageOfPage\":{\"@id\":\"https:\/\/www.itd.info\/web\/#primaryimage\"},\"datePublished\":\"2021-06-23T11:20:44+00:00\",\"dateModified\":\"2021-06-23T14:40:17+00:00\",\"breadcrumb\":{\"@id\":\"https:\/\/www.itd.info\/web\/#breadcrumb\"},\"inLanguage\":\"de-DE\",\"potentialAction\":[{\"@type\":\"ReadAction\",\"target\":[\"https:\/\/www.itd.info\/web\/\"]}]},{\"@type\":\"BreadcrumbList\",\"@id\":\"https:\/\/www.itd.info\/web\/#breadcrumb\",\"itemListElement\":[{\"@type\":\"ListItem\",\"position\":1,\"name\":\"Startseite\",\"item\":\"https:\/\/www.itd.info\/web\/\"},{\"@type\":\"ListItem\",\"position\":2,\"name\":\"Home\"}]}]}<\/script>\n<!-- \/ Yoast SEO plugin. -->","yoast_head_json":{"title":"Home - ITD","robots":{"index":"index","follow":"follow","max-snippet":"max-snippet:-1","max-image-preview":"max-image-preview:large","max-video-preview":"max-video-preview:-1"},"canonical":"https:\/\/www.itd.info\/web\/","og_locale":"de_DE","og_type":"article","og_title":"Home - ITD","og_description":"Wir bieten dir durch unsere Profis eine fundierte und anerkannte Ausbildung nach internationalen Standards um dir diesen Wunsch zu erf\u00fcllen. Tauchen ist keine Kampfsportart und kann von jedermann (frau) erlernt werden. Probiere es aus und du wirst begeistert sein! Der Einstieg ist der Scuba Diver, bei dem du alle Grundkenntnisse zum sicheren Tauchen weltweit erlangst. N\u00e4here Infos bekommst du bei uns oder einem Tauchlehrer in deiner N\u00e4he. QUALIT\u00c4T IST UNSER H\u00d6CHSTES GEBOT Unser Ziel ist es, Technische und Sport Tauchausbildung auf einem h\u00f6chstm\u00f6glichen Niveau anzubieten. Aus diesem Grund sind wir der Meinung diese muss bereits bei der Grundausbildung anfangen. Die\u2026","og_url":"https:\/\/www.itd.info\/web\/","og_site_name":"ITD","article_modified_time":"2021-06-23T14:40:17+00:00","og_image":[{"url":"https:\/\/www.itd.info\/web\/wp-content\/uploads\/2021\/06\/Home1.jpg"}],"twitter_card":"summary_large_image","twitter_misc":{"Gesch\u00e4tzte Lesezeit":"1 Minute"},"schema":{"@context":"https:\/\/schema.org","@graph":[{"@type":"Organization","@id":"https:\/\/www.itd.info\/web\/#organization","name":"ITD","url":"https:\/\/www.itd.info\/web\/","sameAs":[],"logo":{"@type":"ImageObject","@id":"https:\/\/www.itd.info\/web\/#logo","inLanguage":"de-DE","url":"https:\/\/www.itd.info\/web\/wp-content\/uploads\/2021\/06\/itd.jpg","contentUrl":"https:\/\/www.itd.info\/web\/wp-content\/uploads\/2021\/06\/itd.jpg","width":650,"height":409,"caption":"ITD"},"image":{"@id":"https:\/\/www.itd.info\/web\/#logo"}},{"@type":"WebSite","@id":"https:\/\/www.itd.info\/web\/#website","url":"https:\/\/www.itd.info\/web\/","name":"ITD","description":"International Tek Diver","publisher":{"@id":"https:\/\/www.itd.info\/web\/#organization"},"potentialAction":[{"@type":"SearchAction","target":{"@type":"EntryPoint","urlTemplate":"https:\/\/www.itd.info\/web\/?s={search_term_string}"},"query-input":"required name=search_term_string"}],"inLanguage":"de-DE"},{"@type":"ImageObject","@id":"https:\/\/www.itd.info\/web\/#primaryimage","inLanguage":"de-DE","url":"https:\/\/www.itd.info\/web\/wp-content\/uploads\/2021\/06\/Home1.jpg","contentUrl":"https:\/\/www.itd.info\/web\/wp-content\/uploads\/2021\/06\/Home1.jpg","width":745,"height":514},{"@type":"WebPage","@id":"https:\/\/www.itd.info\/web\/#webpage","url":"https:\/\/www.itd.info\/web\/","name":"Home - ITD","isPartOf":{"@id":"https:\/\/www.itd.info\/web\/#website"},"primaryImageOfPage":{"@id":"https:\/\/www.itd.info\/web\/#primaryimage"},"datePublished":"2021-06-23T11:20:44+00:00","dateModified":"2021-06-23T14:40:17+00:00","breadcrumb":{"@id":"https:\/\/www.itd.info\/web\/#breadcrumb"},"inLanguage":"de-DE","potentialAction":[{"@type":"ReadAction","target":["https:\/\/www.itd.info\/web\/"]}]},{"@type":"BreadcrumbList","@id":"https:\/\/www.itd.info\/web\/#breadcrumb","itemListElement":[{"@type":"ListItem","position":1,"name":"Startseite","item":"https:\/\/www.itd.info\/web\/"},{"@type":"ListItem","position":2,"name":"Home"}]}]}},"_links":{"self":[{"href":"https:\/\/www.itd.info\/web\/wp-json\/wp\/v2\/pages\/9"}],"collection":[{"href":"https:\/\/www.itd.info\/web\/wp-json\/wp\/v2\/pages"}],"about":[{"href":"https:\/\/www.itd.info\/web\/wp-json\/wp\/v2\/types\/page"}],"author":[{"embeddable":true,"href":"https:\/\/www.itd.info\/web\/wp-json\/wp\/v2\/users\/1"}],"replies":[{"embeddable":true,"href":"https:\/\/www.itd.info\/web\/wp-json\/wp\/v2\/comments?post=9"}],"version-history":[{"count":6,"href":"https:\/\/www.itd.info\/web\/wp-json\/wp\/v2\/pages\/9\/revisions"}],"predecessor-version":[{"id":498,"href":"https:\/\/www.itd.info\/web\/wp-json\/wp\/v2\/pages\/9\/revisions\/498"}],"wp:attachment":[{"href":"https:\/\/www.itd.info\/web\/wp-json\/wp\/v2\/media?parent=9"}],"curies":[{"name":"wp","href":"https:\/\/api.w.org\/{rel}","templated":true}]}}