{"id":386,"date":"2021-06-24T11:29:28","date_gmt":"2021-06-24T09:29:28","guid":{"rendered":"https:\/\/www.itd.info\/web\/?page_id=386"},"modified":"2021-06-24T11:29:28","modified_gmt":"2021-06-24T09:29:28","slug":"hoehlentaucher-ht-3-voraussetzungen","status":"publish","type":"page","link":"https:\/\/www.itd.info\/web\/hoehlentaucher-ht-3-voraussetzungen\/","title":{"rendered":"H\u00f6hlentaucher HT-3 Voraussetzungen"},"content":{"rendered":"\n<div class=\"wp-block-columns\">\n<div class=\"wp-block-column\" style=\"flex-basis:80%\">\n<h2 class=\"has-text-align-center\">H\u00f6hlentaucher HT-3 Voraussetzungen<\/h2>\n\n\n\n<div class=\"wp-block-image is-style-default\"><figure class=\"aligncenter size-full\"><img loading=\"lazy\" width=\"325\" height=\"424\" src=\"https:\/\/www.itd.info\/web\/wp-content\/uploads\/2021\/06\/caveh.png\" alt=\"\" class=\"wp-image-382\" srcset=\"https:\/\/www.itd.info\/web\/wp-content\/uploads\/2021\/06\/caveh.png 325w, https:\/\/www.itd.info\/web\/wp-content\/uploads\/2021\/06\/caveh-230x300.png 230w\" sizes=\"(max-width: 325px) 100vw, 325px\" \/><\/figure><\/div>\n\n\n\n<h5 class=\"has-text-align-center\">Voraussetzungen:<\/h5>\n\n\n\n<ul><li>3 * Taucher CMAS \/ ITD oder \u00e4quivalent<\/li><li>Mindestalter 18 Jahre<\/li><li>G\u00fcltige Tauchtauglichkeitsbescheinigung<\/li><li>150 Tauchg\u00e4nge<\/li><li>Tek-Deep-Diver<\/li><li>10 H\u00f6hlentauchg\u00e4nge in Zone 2 seit HT 2<\/li><li>wie bereits in Zone 2, aber zus\u00e4tzlich 3., 4. oder 5. Flasche, je nach dem &#8211; Ziel des Vorsto\u00dfes<\/li><li>zus\u00e4tzlich redundanten Tauchcomputer<\/li><li>zus\u00e4tzliche Dekompressionsgemische im H\u00f6hleneingangsbereich<\/li><\/ul>\n\n\n\n<h5 class=\"has-text-align-center\">Kursinhalt Theorie:<\/h5>\n\n\n\n<ul><li>Theorielektion 4-6 Stunden<\/li><li>Definition der Zone 3<\/li><li>Kenntnisse \u00fcber Funktion, Handhabung und richtige Anwendung der spez. Ausr\u00fcstung zum Betauchen der Zone 3<\/li><li>besondere Techniken zum Betauchen der Zone 3<\/li><li>Einsatz von technischen Ger\u00e4ten ( Scootern, Habitat usw. )<\/li><li>Lesen und Beurteilung von topographischen Unterlagen, zur Planung und Vorbereitung von H\u00f6hlentauchg\u00e4ngen<\/li><li>Vorsichtsmassnahmen beim Betauchen der Zone 3<\/li><li>Durchf\u00fchrung von Rettungsma\u00dfnahmen in der H\u00f6hle, oder Betreuung eines verunfallten Tauchers vor Ort mit erweiterter Hilfeleistung der Rettungsdienste<\/li><\/ul>\n\n\n\n<h5 class=\"has-text-align-center\">Kursinhalt Praxis:<\/h5>\n\n\n\n<ul><li>min.10 Tauchg\u00e4nge in Zone 3 in 4 verschiedenen H\u00f6hlen<\/li><li>Vorst\u00f6\u00dfe in Zone 3 k\u00f6nnen oft zu sehr langen<\/li><li>Dekompressionszeiten mit erh\u00f6hten DCS- Risiko f\u00fchren, so das der Einsatz von Sauerstoff im Dekompressionsbereich n\u00f6tig wird<\/li><li>Ausr\u00fcstung muss dem HT-3 Standart entsprechen<\/li><\/ul>\n<\/div>\n\n\n\n<div class=\"wp-block-column\" style=\"flex-basis:20%\"><div id='1' class='widgets_on_page wop_tiny1  wop_small1  wop_medium1  wop_large1  wop_wide1'>\n\t\t\t<ul><li id=\"media_image-9\" class=\"widget widget_media_image\"><img width=\"1\" height=\"1\" src=\"https:\/\/www.itd.info\/web\/wp-content\/uploads\/2021\/06\/blank.png\" class=\"image wp-image-400  attachment-20x20 size-20x20\" alt=\"\" loading=\"lazy\" style=\"max-width: 100%; height: auto;\" \/><\/li><li id=\"media_image-3\" class=\"widget widget_media_image\"><a href=\"https:\/\/www.ipdi2002.org\/\"><img width=\"140\" height=\"140\" src=\"https:\/\/www.itd.info\/web\/wp-content\/uploads\/2021\/06\/IPDI-klein.png\" class=\"image wp-image-59  attachment-full size-full\" alt=\"\" loading=\"lazy\" style=\"max-width: 100%; height: auto;\" \/><\/a><\/li><li id=\"media_image-8\" class=\"widget widget_media_image\"><img width=\"1\" height=\"1\" src=\"https:\/\/www.itd.info\/web\/wp-content\/uploads\/2021\/06\/blank.png\" class=\"image wp-image-400  attachment-20x20 size-20x20\" alt=\"\" loading=\"lazy\" style=\"max-width: 100%; height: auto;\" \/><\/li><li id=\"media_image-4\" class=\"widget widget_media_image\"><a href=\"http:\/\/www.bonex-systeme.de\/\"><img width=\"140\" height=\"71\" src=\"https:\/\/www.itd.info\/web\/wp-content\/uploads\/2021\/06\/Logo-bonex-300x153.png\" class=\"image wp-image-60  attachment-140x71 size-140x71\" alt=\"\" loading=\"lazy\" style=\"max-width: 100%; height: auto;\" srcset=\"https:\/\/www.itd.info\/web\/wp-content\/uploads\/2021\/06\/Logo-bonex-300x153.png 300w, https:\/\/www.itd.info\/web\/wp-content\/uploads\/2021\/06\/Logo-bonex-1024x523.png 1024w, https:\/\/www.itd.info\/web\/wp-content\/uploads\/2021\/06\/Logo-bonex-768x392.png 768w, https:\/\/www.itd.info\/web\/wp-content\/uploads\/2021\/06\/Logo-bonex.png 1346w\" sizes=\"(max-width: 140px) 100vw, 140px\" \/><\/a><\/li><li id=\"media_image-10\" class=\"widget widget_media_image\"><img width=\"1\" height=\"1\" src=\"https:\/\/www.itd.info\/web\/wp-content\/uploads\/2021\/06\/blank.png\" class=\"image wp-image-400  attachment-20x20 size-20x20\" alt=\"\" loading=\"lazy\" style=\"max-width: 100%; height: auto;\" \/><\/li><li id=\"media_image-5\" class=\"widget widget_media_image\"><a href=\"https:\/\/ks-tauchtechnik.de\/\"><img width=\"140\" height=\"140\" src=\"https:\/\/www.itd.info\/web\/wp-content\/uploads\/2021\/06\/Logo-ksTauchtechnik-150x150.png\" class=\"image wp-image-61  attachment-140x140 size-140x140\" alt=\"\" loading=\"lazy\" style=\"max-width: 100%; height: auto;\" srcset=\"https:\/\/www.itd.info\/web\/wp-content\/uploads\/2021\/06\/Logo-ksTauchtechnik-150x150.png 150w, https:\/\/www.itd.info\/web\/wp-content\/uploads\/2021\/06\/Logo-ksTauchtechnik-300x300.png 300w, https:\/\/www.itd.info\/web\/wp-content\/uploads\/2021\/06\/Logo-ksTauchtechnik.png 760w\" sizes=\"(max-width: 140px) 100vw, 140px\" \/><\/a><\/li><li id=\"media_image-11\" class=\"widget widget_media_image\"><img width=\"1\" height=\"1\" src=\"https:\/\/www.itd.info\/web\/wp-content\/uploads\/2021\/06\/blank.png\" class=\"image wp-image-400  attachment-20x20 size-20x20\" alt=\"\" loading=\"lazy\" style=\"max-width: 100%; height: auto;\" \/><\/li><li id=\"media_image-6\" class=\"widget widget_media_image\"><a href=\"https:\/\/www.tek-diver-shop.de\/\"><img width=\"2560\" height=\"1157\" src=\"https:\/\/www.itd.info\/web\/wp-content\/uploads\/2024\/08\/LogoHTD-neu-2024-Original-scaled.jpg\" class=\"image wp-image-549  attachment-full size-full\" alt=\"\" loading=\"lazy\" style=\"max-width: 100%; height: auto;\" srcset=\"https:\/\/www.itd.info\/web\/wp-content\/uploads\/2024\/08\/LogoHTD-neu-2024-Original-scaled.jpg 2560w, https:\/\/www.itd.info\/web\/wp-content\/uploads\/2024\/08\/LogoHTD-neu-2024-Original-300x136.jpg 300w, https:\/\/www.itd.info\/web\/wp-content\/uploads\/2024\/08\/LogoHTD-neu-2024-Original-1024x463.jpg 1024w, https:\/\/www.itd.info\/web\/wp-content\/uploads\/2024\/08\/LogoHTD-neu-2024-Original-768x347.jpg 768w, https:\/\/www.itd.info\/web\/wp-content\/uploads\/2024\/08\/LogoHTD-neu-2024-Original-1536x694.jpg 1536w, https:\/\/www.itd.info\/web\/wp-content\/uploads\/2024\/08\/LogoHTD-neu-2024-Original-2048x925.jpg 2048w\" sizes=\"(max-width: 2560px) 100vw, 2560px\" \/><\/a><\/li><li id=\"media_image-12\" class=\"widget widget_media_image\"><img width=\"1\" height=\"1\" src=\"https:\/\/www.itd.info\/web\/wp-content\/uploads\/2021\/06\/blank.png\" class=\"image wp-image-400  attachment-20x20 size-20x20\" alt=\"\" loading=\"lazy\" style=\"max-width: 100%; height: auto;\" \/><\/li><li id=\"media_image-7\" class=\"widget widget_media_image\"><a href=\"https:\/\/www.bluemarlin-redsea.com\/\"><img width=\"140\" height=\"160\" src=\"https:\/\/www.itd.info\/web\/wp-content\/uploads\/2021\/06\/Logo_dtd-262x300.png\" class=\"image wp-image-89  attachment-140x160 size-140x160\" alt=\"\" loading=\"lazy\" style=\"max-width: 100%; height: auto;\" srcset=\"https:\/\/www.itd.info\/web\/wp-content\/uploads\/2021\/06\/Logo_dtd-262x300.png 262w, https:\/\/www.itd.info\/web\/wp-content\/uploads\/2021\/06\/Logo_dtd.png 616w\" sizes=\"(max-width: 140px) 100vw, 140px\" \/><\/a><\/li><\/ul><\/div><!-- widgets_on_page -->\n<\/div>\n<\/div>\n\n\n\n<p><\/p>\n","protected":false},"excerpt":{"rendered":"<p>H\u00f6hlentaucher HT-3 Voraussetzungen Voraussetzungen: 3 * Taucher CMAS \/ ITD oder \u00e4quivalent Mindestalter 18 Jahre G\u00fcltige Tauchtauglichkeitsbescheinigung 150 Tauchg\u00e4nge Tek-Deep-Diver 10 H\u00f6hlentauchg\u00e4nge in Zone 2 seit HT 2 wie bereits in Zone 2, aber zus\u00e4tzlich 3., 4. oder 5. Flasche, je nach dem &#8211; Ziel des Vorsto\u00dfes zus\u00e4tzlich redundanten Tauchcomputer zus\u00e4tzliche Dekompressionsgemische im H\u00f6hleneingangsbereich Kursinhalt Theorie: Theorielektion 4-6 Stunden Definition der Zone 3 Kenntnisse \u00fcber Funktion, Handhabung und richtige Anwendung der spez. Ausr\u00fcstung zum Betauchen der Zone 3 besondere Techniken zum Betauchen der Zone 3 Einsatz von technischen Ger\u00e4ten ( Scootern, Habitat usw. ) Lesen und Beurteilung von topographischen Unterlagen,\u2026<\/p>\n","protected":false},"author":1,"featured_media":0,"parent":0,"menu_order":0,"comment_status":"closed","ping_status":"closed","template":"","meta":[],"blocksy_meta":{"styles_descriptor":{"styles":{"desktop":"","tablet":"","mobile":""},"google_fonts":[]}},"yoast_head":"<!-- This site is optimized with the Yoast SEO plugin v18.4.1 - https:\/\/yoast.com\/wordpress\/plugins\/seo\/ -->\n<title>H\u00f6hlentaucher HT-3 Voraussetzungen - ITD<\/title>\n<meta name=\"robots\" content=\"index, follow, max-snippet:-1, max-image-preview:large, max-video-preview:-1\" \/>\n<link rel=\"canonical\" href=\"https:\/\/www.itd.info\/web\/hoehlentaucher-ht-3-voraussetzungen\/\" \/>\n<meta property=\"og:locale\" content=\"de_DE\" \/>\n<meta property=\"og:type\" content=\"article\" \/>\n<meta property=\"og:title\" content=\"H\u00f6hlentaucher HT-3 Voraussetzungen - ITD\" \/>\n<meta property=\"og:description\" content=\"H\u00f6hlentaucher HT-3 Voraussetzungen Voraussetzungen: 3 * Taucher CMAS \/ ITD oder \u00e4quivalent Mindestalter 18 Jahre G\u00fcltige Tauchtauglichkeitsbescheinigung 150 Tauchg\u00e4nge Tek-Deep-Diver 10 H\u00f6hlentauchg\u00e4nge in Zone 2 seit HT 2 wie bereits in Zone 2, aber zus\u00e4tzlich 3., 4. oder 5. Flasche, je nach dem &#8211; Ziel des Vorsto\u00dfes zus\u00e4tzlich redundanten Tauchcomputer zus\u00e4tzliche Dekompressionsgemische im H\u00f6hleneingangsbereich Kursinhalt Theorie: Theorielektion 4-6 Stunden Definition der Zone 3 Kenntnisse \u00fcber Funktion, Handhabung und richtige Anwendung der spez. Ausr\u00fcstung zum Betauchen der Zone 3 besondere Techniken zum Betauchen der Zone 3 Einsatz von technischen Ger\u00e4ten ( Scootern, Habitat usw. ) Lesen und Beurteilung von topographischen Unterlagen,\u2026\" \/>\n<meta property=\"og:url\" content=\"https:\/\/www.itd.info\/web\/hoehlentaucher-ht-3-voraussetzungen\/\" \/>\n<meta property=\"og:site_name\" content=\"ITD\" \/>\n<meta property=\"og:image\" content=\"https:\/\/www.itd.info\/web\/wp-content\/uploads\/2021\/06\/caveh.png\" \/>\n<meta name=\"twitter:card\" content=\"summary_large_image\" \/>\n<meta name=\"twitter:label1\" content=\"Gesch\u00e4tzte Lesezeit\" \/>\n\t<meta name=\"twitter:data1\" content=\"1 Minute\" \/>\n<script type=\"application\/ld+json\" class=\"yoast-schema-graph\">{\"@context\":\"https:\/\/schema.org\",\"@graph\":[{\"@type\":\"Organization\",\"@id\":\"https:\/\/www.itd.info\/web\/#organization\",\"name\":\"ITD\",\"url\":\"https:\/\/www.itd.info\/web\/\",\"sameAs\":[],\"logo\":{\"@type\":\"ImageObject\",\"@id\":\"https:\/\/www.itd.info\/web\/#logo\",\"inLanguage\":\"de-DE\",\"url\":\"https:\/\/www.itd.info\/web\/wp-content\/uploads\/2021\/06\/itd.jpg\",\"contentUrl\":\"https:\/\/www.itd.info\/web\/wp-content\/uploads\/2021\/06\/itd.jpg\",\"width\":650,\"height\":409,\"caption\":\"ITD\"},\"image\":{\"@id\":\"https:\/\/www.itd.info\/web\/#logo\"}},{\"@type\":\"WebSite\",\"@id\":\"https:\/\/www.itd.info\/web\/#website\",\"url\":\"https:\/\/www.itd.info\/web\/\",\"name\":\"ITD\",\"description\":\"International Tek Diver\",\"publisher\":{\"@id\":\"https:\/\/www.itd.info\/web\/#organization\"},\"potentialAction\":[{\"@type\":\"SearchAction\",\"target\":{\"@type\":\"EntryPoint\",\"urlTemplate\":\"https:\/\/www.itd.info\/web\/?s={search_term_string}\"},\"query-input\":\"required name=search_term_string\"}],\"inLanguage\":\"de-DE\"},{\"@type\":\"ImageObject\",\"@id\":\"https:\/\/www.itd.info\/web\/hoehlentaucher-ht-3-voraussetzungen\/#primaryimage\",\"inLanguage\":\"de-DE\",\"url\":\"https:\/\/www.itd.info\/web\/wp-content\/uploads\/2021\/06\/caveh.png\",\"contentUrl\":\"https:\/\/www.itd.info\/web\/wp-content\/uploads\/2021\/06\/caveh.png\",\"width\":325,\"height\":424},{\"@type\":\"WebPage\",\"@id\":\"https:\/\/www.itd.info\/web\/hoehlentaucher-ht-3-voraussetzungen\/#webpage\",\"url\":\"https:\/\/www.itd.info\/web\/hoehlentaucher-ht-3-voraussetzungen\/\",\"name\":\"H\u00f6hlentaucher HT-3 Voraussetzungen - ITD\",\"isPartOf\":{\"@id\":\"https:\/\/www.itd.info\/web\/#website\"},\"primaryImageOfPage\":{\"@id\":\"https:\/\/www.itd.info\/web\/hoehlentaucher-ht-3-voraussetzungen\/#primaryimage\"},\"datePublished\":\"2021-06-24T09:29:28+00:00\",\"dateModified\":\"2021-06-24T09:29:28+00:00\",\"breadcrumb\":{\"@id\":\"https:\/\/www.itd.info\/web\/hoehlentaucher-ht-3-voraussetzungen\/#breadcrumb\"},\"inLanguage\":\"de-DE\",\"potentialAction\":[{\"@type\":\"ReadAction\",\"target\":[\"https:\/\/www.itd.info\/web\/hoehlentaucher-ht-3-voraussetzungen\/\"]}]},{\"@type\":\"BreadcrumbList\",\"@id\":\"https:\/\/www.itd.info\/web\/hoehlentaucher-ht-3-voraussetzungen\/#breadcrumb\",\"itemListElement\":[{\"@type\":\"ListItem\",\"position\":1,\"name\":\"Startseite\",\"item\":\"https:\/\/www.itd.info\/web\/\"},{\"@type\":\"ListItem\",\"position\":2,\"name\":\"H\u00f6hlentaucher HT-3 Voraussetzungen\"}]}]}<\/script>\n<!-- \/ Yoast SEO plugin. -->","yoast_head_json":{"title":"H\u00f6hlentaucher HT-3 Voraussetzungen - ITD","robots":{"index":"index","follow":"follow","max-snippet":"max-snippet:-1","max-image-preview":"max-image-preview:large","max-video-preview":"max-video-preview:-1"},"canonical":"https:\/\/www.itd.info\/web\/hoehlentaucher-ht-3-voraussetzungen\/","og_locale":"de_DE","og_type":"article","og_title":"H\u00f6hlentaucher HT-3 Voraussetzungen - ITD","og_description":"H\u00f6hlentaucher HT-3 Voraussetzungen Voraussetzungen: 3 * Taucher CMAS \/ ITD oder \u00e4quivalent Mindestalter 18 Jahre G\u00fcltige Tauchtauglichkeitsbescheinigung 150 Tauchg\u00e4nge Tek-Deep-Diver 10 H\u00f6hlentauchg\u00e4nge in Zone 2 seit HT 2 wie bereits in Zone 2, aber zus\u00e4tzlich 3., 4. oder 5. Flasche, je nach dem &#8211; Ziel des Vorsto\u00dfes zus\u00e4tzlich redundanten Tauchcomputer zus\u00e4tzliche Dekompressionsgemische im H\u00f6hleneingangsbereich Kursinhalt Theorie: Theorielektion 4-6 Stunden Definition der Zone 3 Kenntnisse \u00fcber Funktion, Handhabung und richtige Anwendung der spez. Ausr\u00fcstung zum Betauchen der Zone 3 besondere Techniken zum Betauchen der Zone 3 Einsatz von technischen Ger\u00e4ten ( Scootern, Habitat usw. ) Lesen und Beurteilung von topographischen Unterlagen,\u2026","og_url":"https:\/\/www.itd.info\/web\/hoehlentaucher-ht-3-voraussetzungen\/","og_site_name":"ITD","og_image":[{"url":"https:\/\/www.itd.info\/web\/wp-content\/uploads\/2021\/06\/caveh.png"}],"twitter_card":"summary_large_image","twitter_misc":{"Gesch\u00e4tzte Lesezeit":"1 Minute"},"schema":{"@context":"https:\/\/schema.org","@graph":[{"@type":"Organization","@id":"https:\/\/www.itd.info\/web\/#organization","name":"ITD","url":"https:\/\/www.itd.info\/web\/","sameAs":[],"logo":{"@type":"ImageObject","@id":"https:\/\/www.itd.info\/web\/#logo","inLanguage":"de-DE","url":"https:\/\/www.itd.info\/web\/wp-content\/uploads\/2021\/06\/itd.jpg","contentUrl":"https:\/\/www.itd.info\/web\/wp-content\/uploads\/2021\/06\/itd.jpg","width":650,"height":409,"caption":"ITD"},"image":{"@id":"https:\/\/www.itd.info\/web\/#logo"}},{"@type":"WebSite","@id":"https:\/\/www.itd.info\/web\/#website","url":"https:\/\/www.itd.info\/web\/","name":"ITD","description":"International Tek Diver","publisher":{"@id":"https:\/\/www.itd.info\/web\/#organization"},"potentialAction":[{"@type":"SearchAction","target":{"@type":"EntryPoint","urlTemplate":"https:\/\/www.itd.info\/web\/?s={search_term_string}"},"query-input":"required name=search_term_string"}],"inLanguage":"de-DE"},{"@type":"ImageObject","@id":"https:\/\/www.itd.info\/web\/hoehlentaucher-ht-3-voraussetzungen\/#primaryimage","inLanguage":"de-DE","url":"https:\/\/www.itd.info\/web\/wp-content\/uploads\/2021\/06\/caveh.png","contentUrl":"https:\/\/www.itd.info\/web\/wp-content\/uploads\/2021\/06\/caveh.png","width":325,"height":424},{"@type":"WebPage","@id":"https:\/\/www.itd.info\/web\/hoehlentaucher-ht-3-voraussetzungen\/#webpage","url":"https:\/\/www.itd.info\/web\/hoehlentaucher-ht-3-voraussetzungen\/","name":"H\u00f6hlentaucher HT-3 Voraussetzungen - ITD","isPartOf":{"@id":"https:\/\/www.itd.info\/web\/#website"},"primaryImageOfPage":{"@id":"https:\/\/www.itd.info\/web\/hoehlentaucher-ht-3-voraussetzungen\/#primaryimage"},"datePublished":"2021-06-24T09:29:28+00:00","dateModified":"2021-06-24T09:29:28+00:00","breadcrumb":{"@id":"https:\/\/www.itd.info\/web\/hoehlentaucher-ht-3-voraussetzungen\/#breadcrumb"},"inLanguage":"de-DE","potentialAction":[{"@type":"ReadAction","target":["https:\/\/www.itd.info\/web\/hoehlentaucher-ht-3-voraussetzungen\/"]}]},{"@type":"BreadcrumbList","@id":"https:\/\/www.itd.info\/web\/hoehlentaucher-ht-3-voraussetzungen\/#breadcrumb","itemListElement":[{"@type":"ListItem","position":1,"name":"Startseite","item":"https:\/\/www.itd.info\/web\/"},{"@type":"ListItem","position":2,"name":"H\u00f6hlentaucher HT-3 Voraussetzungen"}]}]}},"_links":{"self":[{"href":"https:\/\/www.itd.info\/web\/wp-json\/wp\/v2\/pages\/386"}],"collection":[{"href":"https:\/\/www.itd.info\/web\/wp-json\/wp\/v2\/pages"}],"about":[{"href":"https:\/\/www.itd.info\/web\/wp-json\/wp\/v2\/types\/page"}],"author":[{"embeddable":true,"href":"https:\/\/www.itd.info\/web\/wp-json\/wp\/v2\/users\/1"}],"replies":[{"embeddable":true,"href":"https:\/\/www.itd.info\/web\/wp-json\/wp\/v2\/comments?post=386"}],"version-history":[{"count":1,"href":"https:\/\/www.itd.info\/web\/wp-json\/wp\/v2\/pages\/386\/revisions"}],"predecessor-version":[{"id":387,"href":"https:\/\/www.itd.info\/web\/wp-json\/wp\/v2\/pages\/386\/revisions\/387"}],"wp:attachment":[{"href":"https:\/\/www.itd.info\/web\/wp-json\/wp\/v2\/media?parent=386"}],"curies":[{"name":"wp","href":"https:\/\/api.w.org\/{rel}","templated":true}]}}