{"id":380,"date":"2021-06-24T11:22:43","date_gmt":"2021-06-24T09:22:43","guid":{"rendered":"https:\/\/www.itd.info\/web\/?page_id=380"},"modified":"2021-06-24T11:22:43","modified_gmt":"2021-06-24T09:22:43","slug":"hoehlentaucher-ht-2-voraussetzungen","status":"publish","type":"page","link":"https:\/\/www.itd.info\/web\/hoehlentaucher-ht-2-voraussetzungen\/","title":{"rendered":"H\u00f6hlentaucher HT-2 Voraussetzungen"},"content":{"rendered":"\n<div class=\"wp-block-columns\">\n<div class=\"wp-block-column\" style=\"flex-basis:80%\">\n<h2 class=\"has-text-align-center\">H\u00f6hlentaucher HT-2 Voraussetzungen<\/h2>\n\n\n\n<div class=\"wp-block-image is-style-default\"><figure class=\"aligncenter size-full\"><img loading=\"lazy\" width=\"344\" height=\"232\" src=\"https:\/\/www.itd.info\/web\/wp-content\/uploads\/2021\/06\/cavehb.png\" alt=\"\" class=\"wp-image-383\" srcset=\"https:\/\/www.itd.info\/web\/wp-content\/uploads\/2021\/06\/cavehb.png 344w, https:\/\/www.itd.info\/web\/wp-content\/uploads\/2021\/06\/cavehb-300x202.png 300w\" sizes=\"(max-width: 344px) 100vw, 344px\" \/><\/figure><\/div>\n\n\n\n<h5 class=\"has-text-align-center\">Voraussetzungen:<\/h5>\n\n\n\n<ul><li>2 * Taucher CMAS \/ ITD oder \u00e4quivalent<\/li><li>Mindestalter 18 Jahre<\/li><li>G\u00fcltige Tauchtauglichkeitsbescheinigung<\/li><li>100 Tauchg\u00e4nge, 10 Tauchg\u00e4nge seit HT-1 Brevet<\/li><li>Nitrox-Diver<\/li><li>Wie bereits in Zone 1, aber zus\u00e4tzlich 2 voneinander unabh\u00e4ngige Flaschen gleicher Gr\u00f6\u00dfe oder 2 gekoppelte Flaschen die durch einen<\/li><li>Absperrhahn getrennt werden k\u00f6nnen.<\/li><li>1 Automatenschlauch mit einer Mindestl\u00e4nge von zwei Metern Pro Flasche min. 1 unabh\u00e4ngiges Druckmessger\u00e4t (Finimeter)<\/li><li>Reservemaske<\/li><li>3 voneinander unabh\u00e4ngige Lampensysteme mit der doppelten Brenndauer des geplanten Tauchganges, wovon 2 Lampen an einem Helm befestigt werden sollten um die H\u00e4nde frei zu behalten<\/li><li>1 Leinenrolle ( Reel ) mit min. 50 m. Leine Markierungspfeile zur Befestigung an der F\u00fchrungsleine Pro Gruppe eine Hauptseilrolle mit min. 200 m Leine<\/li><\/ul>\n\n\n\n<h5 class=\"has-text-align-center\">Kursinhalt Theorie:<\/h5>\n\n\n\n<ul><li>Theorielektion 3-4 Stunden<\/li><li>Genaue Definition der Tauchzonen 2 und 3<\/li><li>korrekte Handhabung der zus\u00e4tzlich ben\u00f6tigten spez. H\u00f6hlentauchausr\u00fcstung<\/li><li>Berechnung des Luftverbrauches, und die Anwendung der 1\/3 bis 1\/5 Regel<\/li><li>Einsatz von Nitroxgemischen und O2 f\u00fcr die Anwendung der stufenweise Dekompression<\/li><li>Erfassung der Topographie ( Richtung, Distanzen, Querschnitte ) einer H\u00f6hle Organisation der erweiterten Hilfeleistung bei Tauchunf\u00e4llen<\/li><\/ul>\n\n\n\n<h5 class=\"has-text-align-center\">Kursinhalt Praxis:<\/h5>\n\n\n\n<ul><li>min. 8 Tauchg\u00e4nge in 2 verschiedenen H\u00f6hlen im Bereich der Zone 2<\/li><li>Tauchg\u00e4nge finden nur bei Tageslicht statt<\/li><li>Das Betauchen der Zone 2 geh\u00f6rt nicht mehr in den Bereich des Sporttauchens, sondern geh\u00f6rt schon in den Bereich des H\u00f6hlentauchens.<\/li><li>In diesem Bereich k\u00f6nnen bereits Tauchg\u00e4nge gemacht werden, die einen Dekostop erfordern.<\/li><li>Ausr\u00fcstung muss dem HT-2 Standart entsprechen<\/li><\/ul>\n<\/div>\n\n\n\n<div class=\"wp-block-column\" style=\"flex-basis:20%\"><div id='1' class='widgets_on_page wop_tiny1  wop_small1  wop_medium1  wop_large1  wop_wide1'>\n\t\t\t<ul><li id=\"media_image-9\" class=\"widget widget_media_image\"><img width=\"1\" height=\"1\" src=\"https:\/\/www.itd.info\/web\/wp-content\/uploads\/2021\/06\/blank.png\" class=\"image wp-image-400  attachment-20x20 size-20x20\" alt=\"\" loading=\"lazy\" style=\"max-width: 100%; height: auto;\" \/><\/li><li id=\"media_image-3\" class=\"widget widget_media_image\"><a href=\"https:\/\/www.ipdi2002.org\/\"><img width=\"140\" height=\"140\" src=\"https:\/\/www.itd.info\/web\/wp-content\/uploads\/2021\/06\/IPDI-klein.png\" class=\"image wp-image-59  attachment-full size-full\" alt=\"\" loading=\"lazy\" style=\"max-width: 100%; height: auto;\" \/><\/a><\/li><li id=\"media_image-8\" class=\"widget widget_media_image\"><img width=\"1\" height=\"1\" src=\"https:\/\/www.itd.info\/web\/wp-content\/uploads\/2021\/06\/blank.png\" class=\"image wp-image-400  attachment-20x20 size-20x20\" alt=\"\" loading=\"lazy\" style=\"max-width: 100%; height: auto;\" \/><\/li><li id=\"media_image-4\" class=\"widget widget_media_image\"><a href=\"http:\/\/www.bonex-systeme.de\/\"><img width=\"140\" height=\"71\" src=\"https:\/\/www.itd.info\/web\/wp-content\/uploads\/2021\/06\/Logo-bonex-300x153.png\" class=\"image wp-image-60  attachment-140x71 size-140x71\" alt=\"\" loading=\"lazy\" style=\"max-width: 100%; height: auto;\" srcset=\"https:\/\/www.itd.info\/web\/wp-content\/uploads\/2021\/06\/Logo-bonex-300x153.png 300w, https:\/\/www.itd.info\/web\/wp-content\/uploads\/2021\/06\/Logo-bonex-1024x523.png 1024w, https:\/\/www.itd.info\/web\/wp-content\/uploads\/2021\/06\/Logo-bonex-768x392.png 768w, https:\/\/www.itd.info\/web\/wp-content\/uploads\/2021\/06\/Logo-bonex.png 1346w\" sizes=\"(max-width: 140px) 100vw, 140px\" \/><\/a><\/li><li id=\"media_image-10\" class=\"widget widget_media_image\"><img width=\"1\" height=\"1\" src=\"https:\/\/www.itd.info\/web\/wp-content\/uploads\/2021\/06\/blank.png\" class=\"image wp-image-400  attachment-20x20 size-20x20\" alt=\"\" loading=\"lazy\" style=\"max-width: 100%; height: auto;\" \/><\/li><li id=\"media_image-5\" class=\"widget widget_media_image\"><a href=\"https:\/\/ks-tauchtechnik.de\/\"><img width=\"140\" height=\"140\" src=\"https:\/\/www.itd.info\/web\/wp-content\/uploads\/2021\/06\/Logo-ksTauchtechnik-150x150.png\" class=\"image wp-image-61  attachment-140x140 size-140x140\" alt=\"\" loading=\"lazy\" style=\"max-width: 100%; height: auto;\" srcset=\"https:\/\/www.itd.info\/web\/wp-content\/uploads\/2021\/06\/Logo-ksTauchtechnik-150x150.png 150w, https:\/\/www.itd.info\/web\/wp-content\/uploads\/2021\/06\/Logo-ksTauchtechnik-300x300.png 300w, https:\/\/www.itd.info\/web\/wp-content\/uploads\/2021\/06\/Logo-ksTauchtechnik.png 760w\" sizes=\"(max-width: 140px) 100vw, 140px\" \/><\/a><\/li><li id=\"media_image-11\" class=\"widget widget_media_image\"><img width=\"1\" height=\"1\" src=\"https:\/\/www.itd.info\/web\/wp-content\/uploads\/2021\/06\/blank.png\" class=\"image wp-image-400  attachment-20x20 size-20x20\" alt=\"\" loading=\"lazy\" style=\"max-width: 100%; height: auto;\" \/><\/li><li id=\"media_image-6\" class=\"widget widget_media_image\"><a href=\"https:\/\/www.tek-diver-shop.de\/\"><img width=\"2560\" height=\"1157\" src=\"https:\/\/www.itd.info\/web\/wp-content\/uploads\/2024\/08\/LogoHTD-neu-2024-Original-scaled.jpg\" class=\"image wp-image-549  attachment-full size-full\" alt=\"\" loading=\"lazy\" style=\"max-width: 100%; height: auto;\" srcset=\"https:\/\/www.itd.info\/web\/wp-content\/uploads\/2024\/08\/LogoHTD-neu-2024-Original-scaled.jpg 2560w, https:\/\/www.itd.info\/web\/wp-content\/uploads\/2024\/08\/LogoHTD-neu-2024-Original-300x136.jpg 300w, https:\/\/www.itd.info\/web\/wp-content\/uploads\/2024\/08\/LogoHTD-neu-2024-Original-1024x463.jpg 1024w, https:\/\/www.itd.info\/web\/wp-content\/uploads\/2024\/08\/LogoHTD-neu-2024-Original-768x347.jpg 768w, https:\/\/www.itd.info\/web\/wp-content\/uploads\/2024\/08\/LogoHTD-neu-2024-Original-1536x694.jpg 1536w, https:\/\/www.itd.info\/web\/wp-content\/uploads\/2024\/08\/LogoHTD-neu-2024-Original-2048x925.jpg 2048w\" sizes=\"(max-width: 2560px) 100vw, 2560px\" \/><\/a><\/li><li id=\"media_image-12\" class=\"widget widget_media_image\"><img width=\"1\" height=\"1\" src=\"https:\/\/www.itd.info\/web\/wp-content\/uploads\/2021\/06\/blank.png\" class=\"image wp-image-400  attachment-20x20 size-20x20\" alt=\"\" loading=\"lazy\" style=\"max-width: 100%; height: auto;\" \/><\/li><li id=\"media_image-7\" class=\"widget widget_media_image\"><a href=\"https:\/\/www.bluemarlin-redsea.com\/\"><img width=\"140\" height=\"160\" src=\"https:\/\/www.itd.info\/web\/wp-content\/uploads\/2021\/06\/Logo_dtd-262x300.png\" class=\"image wp-image-89  attachment-140x160 size-140x160\" alt=\"\" loading=\"lazy\" style=\"max-width: 100%; height: auto;\" srcset=\"https:\/\/www.itd.info\/web\/wp-content\/uploads\/2021\/06\/Logo_dtd-262x300.png 262w, https:\/\/www.itd.info\/web\/wp-content\/uploads\/2021\/06\/Logo_dtd.png 616w\" sizes=\"(max-width: 140px) 100vw, 140px\" \/><\/a><\/li><\/ul><\/div><!-- widgets_on_page -->\n<\/div>\n<\/div>\n\n\n\n<p><\/p>\n","protected":false},"excerpt":{"rendered":"<p>H\u00f6hlentaucher HT-2 Voraussetzungen Voraussetzungen: 2 * Taucher CMAS \/ ITD oder \u00e4quivalent Mindestalter 18 Jahre G\u00fcltige Tauchtauglichkeitsbescheinigung 100 Tauchg\u00e4nge, 10 Tauchg\u00e4nge seit HT-1 Brevet Nitrox-Diver Wie bereits in Zone 1, aber zus\u00e4tzlich 2 voneinander unabh\u00e4ngige Flaschen gleicher Gr\u00f6\u00dfe oder 2 gekoppelte Flaschen die durch einen Absperrhahn getrennt werden k\u00f6nnen. 1 Automatenschlauch mit einer Mindestl\u00e4nge von zwei Metern Pro Flasche min. 1 unabh\u00e4ngiges Druckmessger\u00e4t (Finimeter) Reservemaske 3 voneinander unabh\u00e4ngige Lampensysteme mit der doppelten Brenndauer des geplanten Tauchganges, wovon 2 Lampen an einem Helm befestigt werden sollten um die H\u00e4nde frei zu behalten 1 Leinenrolle ( Reel ) mit min. 50 m.\u2026<\/p>\n","protected":false},"author":1,"featured_media":0,"parent":0,"menu_order":0,"comment_status":"closed","ping_status":"closed","template":"","meta":[],"blocksy_meta":{"styles_descriptor":{"styles":{"desktop":"","tablet":"","mobile":""},"google_fonts":[]}},"yoast_head":"<!-- This site is optimized with the Yoast SEO plugin v18.4.1 - https:\/\/yoast.com\/wordpress\/plugins\/seo\/ -->\n<title>H\u00f6hlentaucher HT-2 Voraussetzungen - ITD<\/title>\n<meta name=\"robots\" content=\"index, follow, max-snippet:-1, max-image-preview:large, max-video-preview:-1\" \/>\n<link rel=\"canonical\" href=\"https:\/\/www.itd.info\/web\/hoehlentaucher-ht-2-voraussetzungen\/\" \/>\n<meta property=\"og:locale\" content=\"de_DE\" \/>\n<meta property=\"og:type\" content=\"article\" \/>\n<meta property=\"og:title\" content=\"H\u00f6hlentaucher HT-2 Voraussetzungen - ITD\" \/>\n<meta property=\"og:description\" content=\"H\u00f6hlentaucher HT-2 Voraussetzungen Voraussetzungen: 2 * Taucher CMAS \/ ITD oder \u00e4quivalent Mindestalter 18 Jahre G\u00fcltige Tauchtauglichkeitsbescheinigung 100 Tauchg\u00e4nge, 10 Tauchg\u00e4nge seit HT-1 Brevet Nitrox-Diver Wie bereits in Zone 1, aber zus\u00e4tzlich 2 voneinander unabh\u00e4ngige Flaschen gleicher Gr\u00f6\u00dfe oder 2 gekoppelte Flaschen die durch einen Absperrhahn getrennt werden k\u00f6nnen. 1 Automatenschlauch mit einer Mindestl\u00e4nge von zwei Metern Pro Flasche min. 1 unabh\u00e4ngiges Druckmessger\u00e4t (Finimeter) Reservemaske 3 voneinander unabh\u00e4ngige Lampensysteme mit der doppelten Brenndauer des geplanten Tauchganges, wovon 2 Lampen an einem Helm befestigt werden sollten um die H\u00e4nde frei zu behalten 1 Leinenrolle ( Reel ) mit min. 50 m.\u2026\" \/>\n<meta property=\"og:url\" content=\"https:\/\/www.itd.info\/web\/hoehlentaucher-ht-2-voraussetzungen\/\" \/>\n<meta property=\"og:site_name\" content=\"ITD\" \/>\n<meta property=\"og:image\" content=\"https:\/\/www.itd.info\/web\/wp-content\/uploads\/2021\/06\/cavehb.png\" \/>\n<meta name=\"twitter:card\" content=\"summary_large_image\" \/>\n<meta name=\"twitter:label1\" content=\"Gesch\u00e4tzte Lesezeit\" \/>\n\t<meta name=\"twitter:data1\" content=\"1 Minute\" \/>\n<script type=\"application\/ld+json\" class=\"yoast-schema-graph\">{\"@context\":\"https:\/\/schema.org\",\"@graph\":[{\"@type\":\"Organization\",\"@id\":\"https:\/\/www.itd.info\/web\/#organization\",\"name\":\"ITD\",\"url\":\"https:\/\/www.itd.info\/web\/\",\"sameAs\":[],\"logo\":{\"@type\":\"ImageObject\",\"@id\":\"https:\/\/www.itd.info\/web\/#logo\",\"inLanguage\":\"de-DE\",\"url\":\"https:\/\/www.itd.info\/web\/wp-content\/uploads\/2021\/06\/itd.jpg\",\"contentUrl\":\"https:\/\/www.itd.info\/web\/wp-content\/uploads\/2021\/06\/itd.jpg\",\"width\":650,\"height\":409,\"caption\":\"ITD\"},\"image\":{\"@id\":\"https:\/\/www.itd.info\/web\/#logo\"}},{\"@type\":\"WebSite\",\"@id\":\"https:\/\/www.itd.info\/web\/#website\",\"url\":\"https:\/\/www.itd.info\/web\/\",\"name\":\"ITD\",\"description\":\"International Tek Diver\",\"publisher\":{\"@id\":\"https:\/\/www.itd.info\/web\/#organization\"},\"potentialAction\":[{\"@type\":\"SearchAction\",\"target\":{\"@type\":\"EntryPoint\",\"urlTemplate\":\"https:\/\/www.itd.info\/web\/?s={search_term_string}\"},\"query-input\":\"required name=search_term_string\"}],\"inLanguage\":\"de-DE\"},{\"@type\":\"ImageObject\",\"@id\":\"https:\/\/www.itd.info\/web\/hoehlentaucher-ht-2-voraussetzungen\/#primaryimage\",\"inLanguage\":\"de-DE\",\"url\":\"https:\/\/www.itd.info\/web\/wp-content\/uploads\/2021\/06\/cavehb.png\",\"contentUrl\":\"https:\/\/www.itd.info\/web\/wp-content\/uploads\/2021\/06\/cavehb.png\",\"width\":344,\"height\":232},{\"@type\":\"WebPage\",\"@id\":\"https:\/\/www.itd.info\/web\/hoehlentaucher-ht-2-voraussetzungen\/#webpage\",\"url\":\"https:\/\/www.itd.info\/web\/hoehlentaucher-ht-2-voraussetzungen\/\",\"name\":\"H\u00f6hlentaucher HT-2 Voraussetzungen - ITD\",\"isPartOf\":{\"@id\":\"https:\/\/www.itd.info\/web\/#website\"},\"primaryImageOfPage\":{\"@id\":\"https:\/\/www.itd.info\/web\/hoehlentaucher-ht-2-voraussetzungen\/#primaryimage\"},\"datePublished\":\"2021-06-24T09:22:43+00:00\",\"dateModified\":\"2021-06-24T09:22:43+00:00\",\"breadcrumb\":{\"@id\":\"https:\/\/www.itd.info\/web\/hoehlentaucher-ht-2-voraussetzungen\/#breadcrumb\"},\"inLanguage\":\"de-DE\",\"potentialAction\":[{\"@type\":\"ReadAction\",\"target\":[\"https:\/\/www.itd.info\/web\/hoehlentaucher-ht-2-voraussetzungen\/\"]}]},{\"@type\":\"BreadcrumbList\",\"@id\":\"https:\/\/www.itd.info\/web\/hoehlentaucher-ht-2-voraussetzungen\/#breadcrumb\",\"itemListElement\":[{\"@type\":\"ListItem\",\"position\":1,\"name\":\"Startseite\",\"item\":\"https:\/\/www.itd.info\/web\/\"},{\"@type\":\"ListItem\",\"position\":2,\"name\":\"H\u00f6hlentaucher HT-2 Voraussetzungen\"}]}]}<\/script>\n<!-- \/ Yoast SEO plugin. -->","yoast_head_json":{"title":"H\u00f6hlentaucher HT-2 Voraussetzungen - ITD","robots":{"index":"index","follow":"follow","max-snippet":"max-snippet:-1","max-image-preview":"max-image-preview:large","max-video-preview":"max-video-preview:-1"},"canonical":"https:\/\/www.itd.info\/web\/hoehlentaucher-ht-2-voraussetzungen\/","og_locale":"de_DE","og_type":"article","og_title":"H\u00f6hlentaucher HT-2 Voraussetzungen - ITD","og_description":"H\u00f6hlentaucher HT-2 Voraussetzungen Voraussetzungen: 2 * Taucher CMAS \/ ITD oder \u00e4quivalent Mindestalter 18 Jahre G\u00fcltige Tauchtauglichkeitsbescheinigung 100 Tauchg\u00e4nge, 10 Tauchg\u00e4nge seit HT-1 Brevet Nitrox-Diver Wie bereits in Zone 1, aber zus\u00e4tzlich 2 voneinander unabh\u00e4ngige Flaschen gleicher Gr\u00f6\u00dfe oder 2 gekoppelte Flaschen die durch einen Absperrhahn getrennt werden k\u00f6nnen. 1 Automatenschlauch mit einer Mindestl\u00e4nge von zwei Metern Pro Flasche min. 1 unabh\u00e4ngiges Druckmessger\u00e4t (Finimeter) Reservemaske 3 voneinander unabh\u00e4ngige Lampensysteme mit der doppelten Brenndauer des geplanten Tauchganges, wovon 2 Lampen an einem Helm befestigt werden sollten um die H\u00e4nde frei zu behalten 1 Leinenrolle ( Reel ) mit min. 50 m.\u2026","og_url":"https:\/\/www.itd.info\/web\/hoehlentaucher-ht-2-voraussetzungen\/","og_site_name":"ITD","og_image":[{"url":"https:\/\/www.itd.info\/web\/wp-content\/uploads\/2021\/06\/cavehb.png"}],"twitter_card":"summary_large_image","twitter_misc":{"Gesch\u00e4tzte Lesezeit":"1 Minute"},"schema":{"@context":"https:\/\/schema.org","@graph":[{"@type":"Organization","@id":"https:\/\/www.itd.info\/web\/#organization","name":"ITD","url":"https:\/\/www.itd.info\/web\/","sameAs":[],"logo":{"@type":"ImageObject","@id":"https:\/\/www.itd.info\/web\/#logo","inLanguage":"de-DE","url":"https:\/\/www.itd.info\/web\/wp-content\/uploads\/2021\/06\/itd.jpg","contentUrl":"https:\/\/www.itd.info\/web\/wp-content\/uploads\/2021\/06\/itd.jpg","width":650,"height":409,"caption":"ITD"},"image":{"@id":"https:\/\/www.itd.info\/web\/#logo"}},{"@type":"WebSite","@id":"https:\/\/www.itd.info\/web\/#website","url":"https:\/\/www.itd.info\/web\/","name":"ITD","description":"International Tek Diver","publisher":{"@id":"https:\/\/www.itd.info\/web\/#organization"},"potentialAction":[{"@type":"SearchAction","target":{"@type":"EntryPoint","urlTemplate":"https:\/\/www.itd.info\/web\/?s={search_term_string}"},"query-input":"required name=search_term_string"}],"inLanguage":"de-DE"},{"@type":"ImageObject","@id":"https:\/\/www.itd.info\/web\/hoehlentaucher-ht-2-voraussetzungen\/#primaryimage","inLanguage":"de-DE","url":"https:\/\/www.itd.info\/web\/wp-content\/uploads\/2021\/06\/cavehb.png","contentUrl":"https:\/\/www.itd.info\/web\/wp-content\/uploads\/2021\/06\/cavehb.png","width":344,"height":232},{"@type":"WebPage","@id":"https:\/\/www.itd.info\/web\/hoehlentaucher-ht-2-voraussetzungen\/#webpage","url":"https:\/\/www.itd.info\/web\/hoehlentaucher-ht-2-voraussetzungen\/","name":"H\u00f6hlentaucher HT-2 Voraussetzungen - ITD","isPartOf":{"@id":"https:\/\/www.itd.info\/web\/#website"},"primaryImageOfPage":{"@id":"https:\/\/www.itd.info\/web\/hoehlentaucher-ht-2-voraussetzungen\/#primaryimage"},"datePublished":"2021-06-24T09:22:43+00:00","dateModified":"2021-06-24T09:22:43+00:00","breadcrumb":{"@id":"https:\/\/www.itd.info\/web\/hoehlentaucher-ht-2-voraussetzungen\/#breadcrumb"},"inLanguage":"de-DE","potentialAction":[{"@type":"ReadAction","target":["https:\/\/www.itd.info\/web\/hoehlentaucher-ht-2-voraussetzungen\/"]}]},{"@type":"BreadcrumbList","@id":"https:\/\/www.itd.info\/web\/hoehlentaucher-ht-2-voraussetzungen\/#breadcrumb","itemListElement":[{"@type":"ListItem","position":1,"name":"Startseite","item":"https:\/\/www.itd.info\/web\/"},{"@type":"ListItem","position":2,"name":"H\u00f6hlentaucher HT-2 Voraussetzungen"}]}]}},"_links":{"self":[{"href":"https:\/\/www.itd.info\/web\/wp-json\/wp\/v2\/pages\/380"}],"collection":[{"href":"https:\/\/www.itd.info\/web\/wp-json\/wp\/v2\/pages"}],"about":[{"href":"https:\/\/www.itd.info\/web\/wp-json\/wp\/v2\/types\/page"}],"author":[{"embeddable":true,"href":"https:\/\/www.itd.info\/web\/wp-json\/wp\/v2\/users\/1"}],"replies":[{"embeddable":true,"href":"https:\/\/www.itd.info\/web\/wp-json\/wp\/v2\/comments?post=380"}],"version-history":[{"count":1,"href":"https:\/\/www.itd.info\/web\/wp-json\/wp\/v2\/pages\/380\/revisions"}],"predecessor-version":[{"id":384,"href":"https:\/\/www.itd.info\/web\/wp-json\/wp\/v2\/pages\/380\/revisions\/384"}],"wp:attachment":[{"href":"https:\/\/www.itd.info\/web\/wp-json\/wp\/v2\/media?parent=380"}],"curies":[{"name":"wp","href":"https:\/\/api.w.org\/{rel}","templated":true}]}}