{"id":368,"date":"2021-06-23T21:16:26","date_gmt":"2021-06-23T19:16:26","guid":{"rendered":"https:\/\/www.itd.info\/web\/?page_id=368"},"modified":"2021-06-26T16:55:17","modified_gmt":"2021-06-26T14:55:17","slug":"hoehlentaucher-ht-2","status":"publish","type":"page","link":"https:\/\/www.itd.info\/web\/hoehlentaucher-ht-2\/","title":{"rendered":"H\u00f6hlentaucher HT-2"},"content":{"rendered":"\n<div class=\"wp-block-columns\">\n<div class=\"wp-block-column\">\n<p><a href=\"https:\/\/www.itd.info\/web\/hoehlentaucher-ht-1\/\">H\u00f6hlentaucher HT-1<\/a><\/p>\n<\/div>\n\n\n\n<div class=\"wp-block-column\">\n<p><a href=\"https:\/\/www.itd.info\/web\/hoehlentaucher-ht-2\/\">H\u00f6hlentaucher HT-2<\/a><\/p>\n<\/div>\n\n\n\n<div class=\"wp-block-column\">\n<p><a href=\"https:\/\/www.itd.info\/web\/hoehlentaucher-ht-3\/\">H\u00f6hlentaucher HT-3<\/a><\/p>\n<\/div>\n<\/div>\n\n\n\n<div class=\"wp-block-columns\">\n<div class=\"wp-block-column\" style=\"flex-basis:80%\">\n<h2 class=\"has-text-align-center\">H\u00f6hlentaucher HT-2<\/h2>\n\n\n\n<div class=\"wp-block-image is-style-default\"><figure class=\"aligncenter size-full\"><img loading=\"lazy\" width=\"344\" height=\"232\" src=\"https:\/\/www.itd.info\/web\/wp-content\/uploads\/2021\/06\/cavehb.png\" alt=\"\" class=\"wp-image-383\" srcset=\"https:\/\/www.itd.info\/web\/wp-content\/uploads\/2021\/06\/cavehb.png 344w, https:\/\/www.itd.info\/web\/wp-content\/uploads\/2021\/06\/cavehb-300x202.png 300w\" sizes=\"(max-width: 344px) 100vw, 344px\" \/><\/figure><\/div>\n\n\n\n<h5 class=\"has-text-align-center\">Einf\u00fchrung<\/h5>\n\n\n\n<p class=\"has-text-align-center\">H\u00f6hlentauchen geh\u00f6rt zu den gef\u00e4hrlichsten Freizeitbesch\u00e4ftigungen.<br>Zur sicheren Aus\u00fcbung ben\u00f6tigt man neben einer intakten Gesundheit und k\u00f6rperlichen Fitness, eine fundierte Ausbildung und eine angepasste Ausr\u00fcstung. Besonders wichtig ist die psychische Stabilit\u00e4t des Tauchers. Erfahrungsgem\u00e4\u00df ist es n\u00e4mlich der Taucher selbst, der aufgrund seiner professionellen Ausr\u00fcstung oder einfach aus Selbst\u00fcbersch\u00e4tzung \u00fcber seine Verh\u00e4ltnisse taucht. Statistiken belegen dass 19 von 20 t\u00f6dlichen Unf\u00e4llen aus Selbst\u00fcbersch\u00e4tzung, mentaler Stress, Unwissenheit und mangelnder Ausbildung geschehen.<\/p>\n\n\n\n<p class=\"has-text-align-center\">Dem Taucher werden Kenntnisse und F\u00e4higkeiten im Umgang des notwendigen Materials und der Durchf\u00fchrung von Tauchg\u00e4ngen vermittelt, um gefahrlos Tauchg\u00e4nge in der Zone 2 mit Tauchern gleichen oder h\u00f6heren Brevets durchf\u00fchren zu k\u00f6nnen.<\/p>\n\n\n\n<h5 class=\"has-text-align-center\">Tauchbereich:<\/h5>\n\n\n\n<p class=\"has-text-align-center\">Zone der totalen Dunkelheit ( Zone 2 )<\/p>\n\n\n\n<p class=\"has-text-align-center\">Sie ist als diejenige Zone definiert, die jenseits der Zone 1 mit totaler Finsternis ist und folgende Vorrausetzungen erf\u00fcllt:<\/p>\n\n\n\n<ul><li>keine Engstellen, Passage von 2 Tauchern mit Ausr\u00fcstung gleichzeitig m\u00f6glich<\/li><li>max. Tiefe 30 m<\/li><li>Hinweg begrenzt durch den max. Verbrauch von 1\/3 des gesamten Atemgasvorrates<\/li><li>Eventuell keine fest installierte F\u00fchrungsleine<\/li><\/ul>\n<\/div>\n\n\n\n<div class=\"wp-block-column\" style=\"flex-basis:20%\"><div id='1' class='widgets_on_page wop_tiny1  wop_small1  wop_medium1  wop_large1  wop_wide1'>\n\t\t\t<ul><li id=\"media_image-9\" class=\"widget widget_media_image\"><img width=\"1\" height=\"1\" src=\"https:\/\/www.itd.info\/web\/wp-content\/uploads\/2021\/06\/blank.png\" class=\"image wp-image-400  attachment-20x20 size-20x20\" alt=\"\" loading=\"lazy\" style=\"max-width: 100%; height: auto;\" \/><\/li><li id=\"media_image-3\" class=\"widget widget_media_image\"><a href=\"https:\/\/www.ipdi2002.org\/\"><img width=\"140\" height=\"140\" src=\"https:\/\/www.itd.info\/web\/wp-content\/uploads\/2021\/06\/IPDI-klein.png\" class=\"image wp-image-59  attachment-full size-full\" alt=\"\" loading=\"lazy\" style=\"max-width: 100%; height: auto;\" \/><\/a><\/li><li id=\"media_image-8\" class=\"widget widget_media_image\"><img width=\"1\" height=\"1\" src=\"https:\/\/www.itd.info\/web\/wp-content\/uploads\/2021\/06\/blank.png\" class=\"image wp-image-400  attachment-20x20 size-20x20\" alt=\"\" loading=\"lazy\" style=\"max-width: 100%; height: auto;\" \/><\/li><li id=\"media_image-4\" class=\"widget widget_media_image\"><a href=\"http:\/\/www.bonex-systeme.de\/\"><img width=\"140\" height=\"71\" src=\"https:\/\/www.itd.info\/web\/wp-content\/uploads\/2021\/06\/Logo-bonex-300x153.png\" class=\"image wp-image-60  attachment-140x71 size-140x71\" alt=\"\" loading=\"lazy\" style=\"max-width: 100%; height: auto;\" srcset=\"https:\/\/www.itd.info\/web\/wp-content\/uploads\/2021\/06\/Logo-bonex-300x153.png 300w, https:\/\/www.itd.info\/web\/wp-content\/uploads\/2021\/06\/Logo-bonex-1024x523.png 1024w, https:\/\/www.itd.info\/web\/wp-content\/uploads\/2021\/06\/Logo-bonex-768x392.png 768w, https:\/\/www.itd.info\/web\/wp-content\/uploads\/2021\/06\/Logo-bonex.png 1346w\" sizes=\"(max-width: 140px) 100vw, 140px\" \/><\/a><\/li><li id=\"media_image-10\" class=\"widget widget_media_image\"><img width=\"1\" height=\"1\" src=\"https:\/\/www.itd.info\/web\/wp-content\/uploads\/2021\/06\/blank.png\" class=\"image wp-image-400  attachment-20x20 size-20x20\" alt=\"\" loading=\"lazy\" style=\"max-width: 100%; height: auto;\" \/><\/li><li id=\"media_image-5\" class=\"widget widget_media_image\"><a href=\"https:\/\/ks-tauchtechnik.de\/\"><img width=\"140\" height=\"140\" src=\"https:\/\/www.itd.info\/web\/wp-content\/uploads\/2021\/06\/Logo-ksTauchtechnik-150x150.png\" class=\"image wp-image-61  attachment-140x140 size-140x140\" alt=\"\" loading=\"lazy\" style=\"max-width: 100%; height: auto;\" srcset=\"https:\/\/www.itd.info\/web\/wp-content\/uploads\/2021\/06\/Logo-ksTauchtechnik-150x150.png 150w, https:\/\/www.itd.info\/web\/wp-content\/uploads\/2021\/06\/Logo-ksTauchtechnik-300x300.png 300w, https:\/\/www.itd.info\/web\/wp-content\/uploads\/2021\/06\/Logo-ksTauchtechnik.png 760w\" sizes=\"(max-width: 140px) 100vw, 140px\" \/><\/a><\/li><li id=\"media_image-11\" class=\"widget widget_media_image\"><img width=\"1\" height=\"1\" src=\"https:\/\/www.itd.info\/web\/wp-content\/uploads\/2021\/06\/blank.png\" class=\"image wp-image-400  attachment-20x20 size-20x20\" alt=\"\" loading=\"lazy\" style=\"max-width: 100%; height: auto;\" \/><\/li><li id=\"media_image-6\" class=\"widget widget_media_image\"><a href=\"https:\/\/www.tek-diver-shop.de\/\"><img width=\"2560\" height=\"1157\" src=\"https:\/\/www.itd.info\/web\/wp-content\/uploads\/2024\/08\/LogoHTD-neu-2024-Original-scaled.jpg\" class=\"image wp-image-549  attachment-full size-full\" alt=\"\" loading=\"lazy\" style=\"max-width: 100%; height: auto;\" srcset=\"https:\/\/www.itd.info\/web\/wp-content\/uploads\/2024\/08\/LogoHTD-neu-2024-Original-scaled.jpg 2560w, https:\/\/www.itd.info\/web\/wp-content\/uploads\/2024\/08\/LogoHTD-neu-2024-Original-300x136.jpg 300w, https:\/\/www.itd.info\/web\/wp-content\/uploads\/2024\/08\/LogoHTD-neu-2024-Original-1024x463.jpg 1024w, https:\/\/www.itd.info\/web\/wp-content\/uploads\/2024\/08\/LogoHTD-neu-2024-Original-768x347.jpg 768w, https:\/\/www.itd.info\/web\/wp-content\/uploads\/2024\/08\/LogoHTD-neu-2024-Original-1536x694.jpg 1536w, https:\/\/www.itd.info\/web\/wp-content\/uploads\/2024\/08\/LogoHTD-neu-2024-Original-2048x925.jpg 2048w\" sizes=\"(max-width: 2560px) 100vw, 2560px\" \/><\/a><\/li><li id=\"media_image-12\" class=\"widget widget_media_image\"><img width=\"1\" height=\"1\" src=\"https:\/\/www.itd.info\/web\/wp-content\/uploads\/2021\/06\/blank.png\" class=\"image wp-image-400  attachment-20x20 size-20x20\" alt=\"\" loading=\"lazy\" style=\"max-width: 100%; height: auto;\" \/><\/li><li id=\"media_image-7\" class=\"widget widget_media_image\"><a href=\"https:\/\/www.bluemarlin-redsea.com\/\"><img width=\"140\" height=\"160\" src=\"https:\/\/www.itd.info\/web\/wp-content\/uploads\/2021\/06\/Logo_dtd-262x300.png\" class=\"image wp-image-89  attachment-140x160 size-140x160\" alt=\"\" loading=\"lazy\" style=\"max-width: 100%; height: auto;\" srcset=\"https:\/\/www.itd.info\/web\/wp-content\/uploads\/2021\/06\/Logo_dtd-262x300.png 262w, https:\/\/www.itd.info\/web\/wp-content\/uploads\/2021\/06\/Logo_dtd.png 616w\" sizes=\"(max-width: 140px) 100vw, 140px\" \/><\/a><\/li><\/ul><\/div><!-- widgets_on_page -->\n<\/div>\n<\/div>\n\n\n\n<p class=\"has-text-align-right\"><a href=\"https:\/\/www.itd.info\/web\/hoehlentaucher-ht-2-voraussetzungen\/\">Vorraussetzungen<\/a><\/p>\n","protected":false},"excerpt":{"rendered":"<p>H\u00f6hlentaucher HT-1 H\u00f6hlentaucher HT-2 H\u00f6hlentaucher HT-3 H\u00f6hlentaucher HT-2 Einf\u00fchrung H\u00f6hlentauchen geh\u00f6rt zu den gef\u00e4hrlichsten Freizeitbesch\u00e4ftigungen.Zur sicheren Aus\u00fcbung ben\u00f6tigt man neben einer intakten Gesundheit und k\u00f6rperlichen Fitness, eine fundierte Ausbildung und eine angepasste Ausr\u00fcstung. Besonders wichtig ist die psychische Stabilit\u00e4t des Tauchers. Erfahrungsgem\u00e4\u00df ist es n\u00e4mlich der Taucher selbst, der aufgrund seiner professionellen Ausr\u00fcstung oder einfach aus Selbst\u00fcbersch\u00e4tzung \u00fcber seine Verh\u00e4ltnisse taucht. Statistiken belegen dass 19 von 20 t\u00f6dlichen Unf\u00e4llen aus Selbst\u00fcbersch\u00e4tzung, mentaler Stress, Unwissenheit und mangelnder Ausbildung geschehen. Dem Taucher werden Kenntnisse und F\u00e4higkeiten im Umgang des notwendigen Materials und der Durchf\u00fchrung von Tauchg\u00e4ngen vermittelt, um gefahrlos Tauchg\u00e4nge in der\u2026<\/p>\n","protected":false},"author":1,"featured_media":0,"parent":0,"menu_order":0,"comment_status":"closed","ping_status":"closed","template":"","meta":[],"blocksy_meta":{"styles_descriptor":{"styles":{"desktop":"","tablet":"","mobile":""},"google_fonts":[]}},"yoast_head":"<!-- This site is optimized with the Yoast SEO plugin v18.4.1 - https:\/\/yoast.com\/wordpress\/plugins\/seo\/ -->\n<title>H\u00f6hlentaucher HT-2 - ITD<\/title>\n<meta name=\"robots\" content=\"index, follow, max-snippet:-1, max-image-preview:large, max-video-preview:-1\" \/>\n<link rel=\"canonical\" href=\"https:\/\/www.itd.info\/web\/hoehlentaucher-ht-2\/\" \/>\n<meta property=\"og:locale\" content=\"de_DE\" \/>\n<meta property=\"og:type\" content=\"article\" \/>\n<meta property=\"og:title\" content=\"H\u00f6hlentaucher HT-2 - ITD\" \/>\n<meta property=\"og:description\" content=\"H\u00f6hlentaucher HT-1 H\u00f6hlentaucher HT-2 H\u00f6hlentaucher HT-3 H\u00f6hlentaucher HT-2 Einf\u00fchrung H\u00f6hlentauchen geh\u00f6rt zu den gef\u00e4hrlichsten Freizeitbesch\u00e4ftigungen.Zur sicheren Aus\u00fcbung ben\u00f6tigt man neben einer intakten Gesundheit und k\u00f6rperlichen Fitness, eine fundierte Ausbildung und eine angepasste Ausr\u00fcstung. Besonders wichtig ist die psychische Stabilit\u00e4t des Tauchers. Erfahrungsgem\u00e4\u00df ist es n\u00e4mlich der Taucher selbst, der aufgrund seiner professionellen Ausr\u00fcstung oder einfach aus Selbst\u00fcbersch\u00e4tzung \u00fcber seine Verh\u00e4ltnisse taucht. Statistiken belegen dass 19 von 20 t\u00f6dlichen Unf\u00e4llen aus Selbst\u00fcbersch\u00e4tzung, mentaler Stress, Unwissenheit und mangelnder Ausbildung geschehen. Dem Taucher werden Kenntnisse und F\u00e4higkeiten im Umgang des notwendigen Materials und der Durchf\u00fchrung von Tauchg\u00e4ngen vermittelt, um gefahrlos Tauchg\u00e4nge in der\u2026\" \/>\n<meta property=\"og:url\" content=\"https:\/\/www.itd.info\/web\/hoehlentaucher-ht-2\/\" \/>\n<meta property=\"og:site_name\" content=\"ITD\" \/>\n<meta property=\"article:modified_time\" content=\"2021-06-26T14:55:17+00:00\" \/>\n<meta property=\"og:image\" content=\"https:\/\/www.itd.info\/web\/wp-content\/uploads\/2021\/06\/cavehb.png\" \/>\n<meta name=\"twitter:card\" content=\"summary_large_image\" \/>\n<meta name=\"twitter:label1\" content=\"Gesch\u00e4tzte Lesezeit\" \/>\n\t<meta name=\"twitter:data1\" content=\"1 Minute\" \/>\n<script type=\"application\/ld+json\" class=\"yoast-schema-graph\">{\"@context\":\"https:\/\/schema.org\",\"@graph\":[{\"@type\":\"Organization\",\"@id\":\"https:\/\/www.itd.info\/web\/#organization\",\"name\":\"ITD\",\"url\":\"https:\/\/www.itd.info\/web\/\",\"sameAs\":[],\"logo\":{\"@type\":\"ImageObject\",\"@id\":\"https:\/\/www.itd.info\/web\/#logo\",\"inLanguage\":\"de-DE\",\"url\":\"https:\/\/www.itd.info\/web\/wp-content\/uploads\/2021\/06\/itd.jpg\",\"contentUrl\":\"https:\/\/www.itd.info\/web\/wp-content\/uploads\/2021\/06\/itd.jpg\",\"width\":650,\"height\":409,\"caption\":\"ITD\"},\"image\":{\"@id\":\"https:\/\/www.itd.info\/web\/#logo\"}},{\"@type\":\"WebSite\",\"@id\":\"https:\/\/www.itd.info\/web\/#website\",\"url\":\"https:\/\/www.itd.info\/web\/\",\"name\":\"ITD\",\"description\":\"International Tek Diver\",\"publisher\":{\"@id\":\"https:\/\/www.itd.info\/web\/#organization\"},\"potentialAction\":[{\"@type\":\"SearchAction\",\"target\":{\"@type\":\"EntryPoint\",\"urlTemplate\":\"https:\/\/www.itd.info\/web\/?s={search_term_string}\"},\"query-input\":\"required name=search_term_string\"}],\"inLanguage\":\"de-DE\"},{\"@type\":\"ImageObject\",\"@id\":\"https:\/\/www.itd.info\/web\/hoehlentaucher-ht-2\/#primaryimage\",\"inLanguage\":\"de-DE\",\"url\":\"https:\/\/www.itd.info\/web\/wp-content\/uploads\/2021\/06\/cavehb.png\",\"contentUrl\":\"https:\/\/www.itd.info\/web\/wp-content\/uploads\/2021\/06\/cavehb.png\",\"width\":344,\"height\":232},{\"@type\":\"WebPage\",\"@id\":\"https:\/\/www.itd.info\/web\/hoehlentaucher-ht-2\/#webpage\",\"url\":\"https:\/\/www.itd.info\/web\/hoehlentaucher-ht-2\/\",\"name\":\"H\u00f6hlentaucher HT-2 - ITD\",\"isPartOf\":{\"@id\":\"https:\/\/www.itd.info\/web\/#website\"},\"primaryImageOfPage\":{\"@id\":\"https:\/\/www.itd.info\/web\/hoehlentaucher-ht-2\/#primaryimage\"},\"datePublished\":\"2021-06-23T19:16:26+00:00\",\"dateModified\":\"2021-06-26T14:55:17+00:00\",\"breadcrumb\":{\"@id\":\"https:\/\/www.itd.info\/web\/hoehlentaucher-ht-2\/#breadcrumb\"},\"inLanguage\":\"de-DE\",\"potentialAction\":[{\"@type\":\"ReadAction\",\"target\":[\"https:\/\/www.itd.info\/web\/hoehlentaucher-ht-2\/\"]}]},{\"@type\":\"BreadcrumbList\",\"@id\":\"https:\/\/www.itd.info\/web\/hoehlentaucher-ht-2\/#breadcrumb\",\"itemListElement\":[{\"@type\":\"ListItem\",\"position\":1,\"name\":\"Startseite\",\"item\":\"https:\/\/www.itd.info\/web\/\"},{\"@type\":\"ListItem\",\"position\":2,\"name\":\"H\u00f6hlentaucher HT-2\"}]}]}<\/script>\n<!-- \/ Yoast SEO plugin. -->","yoast_head_json":{"title":"H\u00f6hlentaucher HT-2 - ITD","robots":{"index":"index","follow":"follow","max-snippet":"max-snippet:-1","max-image-preview":"max-image-preview:large","max-video-preview":"max-video-preview:-1"},"canonical":"https:\/\/www.itd.info\/web\/hoehlentaucher-ht-2\/","og_locale":"de_DE","og_type":"article","og_title":"H\u00f6hlentaucher HT-2 - ITD","og_description":"H\u00f6hlentaucher HT-1 H\u00f6hlentaucher HT-2 H\u00f6hlentaucher HT-3 H\u00f6hlentaucher HT-2 Einf\u00fchrung H\u00f6hlentauchen geh\u00f6rt zu den gef\u00e4hrlichsten Freizeitbesch\u00e4ftigungen.Zur sicheren Aus\u00fcbung ben\u00f6tigt man neben einer intakten Gesundheit und k\u00f6rperlichen Fitness, eine fundierte Ausbildung und eine angepasste Ausr\u00fcstung. Besonders wichtig ist die psychische Stabilit\u00e4t des Tauchers. Erfahrungsgem\u00e4\u00df ist es n\u00e4mlich der Taucher selbst, der aufgrund seiner professionellen Ausr\u00fcstung oder einfach aus Selbst\u00fcbersch\u00e4tzung \u00fcber seine Verh\u00e4ltnisse taucht. Statistiken belegen dass 19 von 20 t\u00f6dlichen Unf\u00e4llen aus Selbst\u00fcbersch\u00e4tzung, mentaler Stress, Unwissenheit und mangelnder Ausbildung geschehen. Dem Taucher werden Kenntnisse und F\u00e4higkeiten im Umgang des notwendigen Materials und der Durchf\u00fchrung von Tauchg\u00e4ngen vermittelt, um gefahrlos Tauchg\u00e4nge in der\u2026","og_url":"https:\/\/www.itd.info\/web\/hoehlentaucher-ht-2\/","og_site_name":"ITD","article_modified_time":"2021-06-26T14:55:17+00:00","og_image":[{"url":"https:\/\/www.itd.info\/web\/wp-content\/uploads\/2021\/06\/cavehb.png"}],"twitter_card":"summary_large_image","twitter_misc":{"Gesch\u00e4tzte Lesezeit":"1 Minute"},"schema":{"@context":"https:\/\/schema.org","@graph":[{"@type":"Organization","@id":"https:\/\/www.itd.info\/web\/#organization","name":"ITD","url":"https:\/\/www.itd.info\/web\/","sameAs":[],"logo":{"@type":"ImageObject","@id":"https:\/\/www.itd.info\/web\/#logo","inLanguage":"de-DE","url":"https:\/\/www.itd.info\/web\/wp-content\/uploads\/2021\/06\/itd.jpg","contentUrl":"https:\/\/www.itd.info\/web\/wp-content\/uploads\/2021\/06\/itd.jpg","width":650,"height":409,"caption":"ITD"},"image":{"@id":"https:\/\/www.itd.info\/web\/#logo"}},{"@type":"WebSite","@id":"https:\/\/www.itd.info\/web\/#website","url":"https:\/\/www.itd.info\/web\/","name":"ITD","description":"International Tek Diver","publisher":{"@id":"https:\/\/www.itd.info\/web\/#organization"},"potentialAction":[{"@type":"SearchAction","target":{"@type":"EntryPoint","urlTemplate":"https:\/\/www.itd.info\/web\/?s={search_term_string}"},"query-input":"required name=search_term_string"}],"inLanguage":"de-DE"},{"@type":"ImageObject","@id":"https:\/\/www.itd.info\/web\/hoehlentaucher-ht-2\/#primaryimage","inLanguage":"de-DE","url":"https:\/\/www.itd.info\/web\/wp-content\/uploads\/2021\/06\/cavehb.png","contentUrl":"https:\/\/www.itd.info\/web\/wp-content\/uploads\/2021\/06\/cavehb.png","width":344,"height":232},{"@type":"WebPage","@id":"https:\/\/www.itd.info\/web\/hoehlentaucher-ht-2\/#webpage","url":"https:\/\/www.itd.info\/web\/hoehlentaucher-ht-2\/","name":"H\u00f6hlentaucher HT-2 - ITD","isPartOf":{"@id":"https:\/\/www.itd.info\/web\/#website"},"primaryImageOfPage":{"@id":"https:\/\/www.itd.info\/web\/hoehlentaucher-ht-2\/#primaryimage"},"datePublished":"2021-06-23T19:16:26+00:00","dateModified":"2021-06-26T14:55:17+00:00","breadcrumb":{"@id":"https:\/\/www.itd.info\/web\/hoehlentaucher-ht-2\/#breadcrumb"},"inLanguage":"de-DE","potentialAction":[{"@type":"ReadAction","target":["https:\/\/www.itd.info\/web\/hoehlentaucher-ht-2\/"]}]},{"@type":"BreadcrumbList","@id":"https:\/\/www.itd.info\/web\/hoehlentaucher-ht-2\/#breadcrumb","itemListElement":[{"@type":"ListItem","position":1,"name":"Startseite","item":"https:\/\/www.itd.info\/web\/"},{"@type":"ListItem","position":2,"name":"H\u00f6hlentaucher HT-2"}]}]}},"_links":{"self":[{"href":"https:\/\/www.itd.info\/web\/wp-json\/wp\/v2\/pages\/368"}],"collection":[{"href":"https:\/\/www.itd.info\/web\/wp-json\/wp\/v2\/pages"}],"about":[{"href":"https:\/\/www.itd.info\/web\/wp-json\/wp\/v2\/types\/page"}],"author":[{"embeddable":true,"href":"https:\/\/www.itd.info\/web\/wp-json\/wp\/v2\/users\/1"}],"replies":[{"embeddable":true,"href":"https:\/\/www.itd.info\/web\/wp-json\/wp\/v2\/comments?post=368"}],"version-history":[{"count":4,"href":"https:\/\/www.itd.info\/web\/wp-json\/wp\/v2\/pages\/368\/revisions"}],"predecessor-version":[{"id":479,"href":"https:\/\/www.itd.info\/web\/wp-json\/wp\/v2\/pages\/368\/revisions\/479"}],"wp:attachment":[{"href":"https:\/\/www.itd.info\/web\/wp-json\/wp\/v2\/media?parent=368"}],"curies":[{"name":"wp","href":"https:\/\/api.w.org\/{rel}","templated":true}]}}