{"id":347,"date":"2021-06-23T20:56:21","date_gmt":"2021-06-23T18:56:21","guid":{"rendered":"https:\/\/www.itd.info\/web\/?page_id=347"},"modified":"2021-06-23T20:59:17","modified_gmt":"2021-06-23T18:59:17","slug":"tek-deep-diver-tauchkurs","status":"publish","type":"page","link":"https:\/\/www.itd.info\/web\/tek-deep-diver-tauchkurs\/","title":{"rendered":"Tek Deep Diver Tauchkurs"},"content":{"rendered":"\n<div class=\"wp-block-columns\">\n<div class=\"wp-block-column\" style=\"flex-basis:80%\">\n<h2 class=\"has-text-align-center\">Tek Deep Diver Tauchkurs<\/h2>\n\n\n\n<p class=\"has-text-align-center\">Weiterf\u00fchrender Kurs in Vorbereitung auf den Trimixkurs. Der Teilnehmer trainiert den Umgang mit umfangreicher Ausr\u00fcstung wie sie beim Trimixtauchen ben\u00f6tigt wird. Nach Beendigung des Kurses ist er in der Lage Tauchg\u00e4nge mit Pressluft oder normobarem Trimix als Bottomgas und zwei verschiedenen Dekogasen mit Hilfe eines Computerprogrammes zu planen und sicher durchzuf\u00fchren.<\/p>\n\n\n\n<h5 class=\"has-text-align-center\">Voraussetzungen:<\/h5>\n\n\n\n<ul><li>ITD Advanced Deep Diver oder \u00c4quivalent<\/li><li>Nitrox Diver<\/li><li>Mindestens 100 Tauchg\u00e4nge &#8211; davon 20 Advanced Deep Tauchg\u00e4nge<\/li><li>Doppelger\u00e4t mit zwei getrennten Abg\u00e4ngen, mindestens 2x10l<\/li><li>Tek-taugliches Jacket mit zwei redundanten Auftriebsk\u00f6rpern<\/li><li>2 komplette kaltwassertaugliche Lungenautomaten &#8211; einer mit einem mindestens &#8211; 1,5m langen Octopusschlauch<\/li><li>2 Stage Bottles mit unterschiedlichen Dekogasen (EAN 30-50\/EAN 70-100)<\/li><li>Reel und Hebesack<\/li><li>Zweites Messer oder Schere, Zweitmaske<\/li><li>Lampe und mindestens zwei Ersatzlampen(bei Bedarf)<\/li><li>Zwei Dekocomputer oder zwei Bottomtimer<\/li><li>Run Time Slate und Bailout-Tabellensatz<\/li><\/ul>\n\n\n\n<h5 class=\"has-text-align-center\">Kursinhalt Theorie:<\/h5>\n\n\n\n<ul><li>Grundlagen f\u00fcr das optimierte Tieftauchen unter Verwendung von Luft,Trimix,<br>EANx und Sauerstoff<\/li><li>Erweiterte Dekompressionstheorie<\/li><li>Weitergehende Optimierung der Ausr\u00fcstung<\/li><li>Spezielle Tauchgangsplanung<\/li><li>Run-Time Planung mit ITD-Diveplaner am PC<\/li><li>Dekompressionsplanung<\/li><\/ul>\n\n\n\n<h5 class=\"has-text-align-center\">Kursinhalt Praxis:<\/h5>\n\n\n\n<ul><li>Treibende Deko mit Hebesack bei jedem TG<\/li><li>Schwimmen ohne Maske,Stage Bottle an- und ablegen<\/li><li>Oktopusatmung in 20 m &#8211; 40 m Tiefe<\/li><li>Stagewechselatmung<\/li><li>1\/3 Gasplanung f\u00fcr alle Gase,inkl.Bailout<\/li><li>Gasanalyse bei den Dekogasen<\/li><li>Valve Shut Down<\/li><\/ul>\n\n\n\n<h5 class=\"has-text-align-center\">Tauchg\u00e4nge:<\/h5>\n\n\n\n<ul><li>4 Tauchg\u00e4nge, davon 3 Deko-Tauchg\u00e4nge nach Run-Time-Planung<\/li><li>alle Tauchg\u00e4nge mit zwei Stage Bottles<\/li><li>die max. Run-Time-Deko ist 45 min.<\/li><\/ul>\n\n\n\n<p class=\"has-text-align-center\">Der 1.Tauchgang z\u00e4hlt als Checktauchgang und der Gew\u00f6hnung an die komplette Ausr\u00fcstung. Die Zahlen in Klammern gelten als zu tauchende Mindesttiefen bei Luft.<\/p>\n\n\n\n<p>  TG # 1 10 m<br>  TG # 2 50 m (45 m)<br>  TG # 3 57 m (45 m) optional mit Trimix 16\/23 bis 60 m (END 45 m)<br>  TG # 4 57 m (45 m) optional mit Trimix 16\/23 bis 60 m (END 45 m)<\/p>\n<\/div>\n\n\n\n<div class=\"wp-block-column\" style=\"flex-basis:20%\"><div id='1' class='widgets_on_page wop_tiny1  wop_small1  wop_medium1  wop_large1  wop_wide1'>\n\t\t\t<ul><li id=\"media_image-9\" class=\"widget widget_media_image\"><img width=\"1\" height=\"1\" src=\"https:\/\/www.itd.info\/web\/wp-content\/uploads\/2021\/06\/blank.png\" class=\"image wp-image-400  attachment-20x20 size-20x20\" alt=\"\" loading=\"lazy\" style=\"max-width: 100%; height: auto;\" \/><\/li><li id=\"media_image-3\" class=\"widget widget_media_image\"><a href=\"https:\/\/www.ipdi2002.org\/\"><img width=\"140\" height=\"140\" src=\"https:\/\/www.itd.info\/web\/wp-content\/uploads\/2021\/06\/IPDI-klein.png\" class=\"image wp-image-59  attachment-full size-full\" alt=\"\" loading=\"lazy\" style=\"max-width: 100%; height: auto;\" \/><\/a><\/li><li id=\"media_image-8\" class=\"widget widget_media_image\"><img width=\"1\" height=\"1\" src=\"https:\/\/www.itd.info\/web\/wp-content\/uploads\/2021\/06\/blank.png\" class=\"image wp-image-400  attachment-20x20 size-20x20\" alt=\"\" loading=\"lazy\" style=\"max-width: 100%; height: auto;\" \/><\/li><li id=\"media_image-4\" class=\"widget widget_media_image\"><a href=\"http:\/\/www.bonex-systeme.de\/\"><img width=\"140\" height=\"71\" src=\"https:\/\/www.itd.info\/web\/wp-content\/uploads\/2021\/06\/Logo-bonex-300x153.png\" class=\"image wp-image-60  attachment-140x71 size-140x71\" alt=\"\" loading=\"lazy\" style=\"max-width: 100%; height: auto;\" srcset=\"https:\/\/www.itd.info\/web\/wp-content\/uploads\/2021\/06\/Logo-bonex-300x153.png 300w, https:\/\/www.itd.info\/web\/wp-content\/uploads\/2021\/06\/Logo-bonex-1024x523.png 1024w, https:\/\/www.itd.info\/web\/wp-content\/uploads\/2021\/06\/Logo-bonex-768x392.png 768w, https:\/\/www.itd.info\/web\/wp-content\/uploads\/2021\/06\/Logo-bonex.png 1346w\" sizes=\"(max-width: 140px) 100vw, 140px\" \/><\/a><\/li><li id=\"media_image-10\" class=\"widget widget_media_image\"><img width=\"1\" height=\"1\" src=\"https:\/\/www.itd.info\/web\/wp-content\/uploads\/2021\/06\/blank.png\" class=\"image wp-image-400  attachment-20x20 size-20x20\" alt=\"\" loading=\"lazy\" style=\"max-width: 100%; height: auto;\" \/><\/li><li id=\"media_image-5\" class=\"widget widget_media_image\"><a href=\"https:\/\/ks-tauchtechnik.de\/\"><img width=\"140\" height=\"140\" src=\"https:\/\/www.itd.info\/web\/wp-content\/uploads\/2021\/06\/Logo-ksTauchtechnik-150x150.png\" class=\"image wp-image-61  attachment-140x140 size-140x140\" alt=\"\" loading=\"lazy\" style=\"max-width: 100%; height: auto;\" srcset=\"https:\/\/www.itd.info\/web\/wp-content\/uploads\/2021\/06\/Logo-ksTauchtechnik-150x150.png 150w, https:\/\/www.itd.info\/web\/wp-content\/uploads\/2021\/06\/Logo-ksTauchtechnik-300x300.png 300w, https:\/\/www.itd.info\/web\/wp-content\/uploads\/2021\/06\/Logo-ksTauchtechnik.png 760w\" sizes=\"(max-width: 140px) 100vw, 140px\" \/><\/a><\/li><li id=\"media_image-11\" class=\"widget widget_media_image\"><img width=\"1\" height=\"1\" src=\"https:\/\/www.itd.info\/web\/wp-content\/uploads\/2021\/06\/blank.png\" class=\"image wp-image-400  attachment-20x20 size-20x20\" alt=\"\" loading=\"lazy\" style=\"max-width: 100%; height: auto;\" \/><\/li><li id=\"media_image-6\" class=\"widget widget_media_image\"><a href=\"https:\/\/www.tek-diver-shop.de\/\"><img width=\"2560\" height=\"1157\" src=\"https:\/\/www.itd.info\/web\/wp-content\/uploads\/2024\/08\/LogoHTD-neu-2024-Original-scaled.jpg\" class=\"image wp-image-549  attachment-full size-full\" alt=\"\" loading=\"lazy\" style=\"max-width: 100%; height: auto;\" srcset=\"https:\/\/www.itd.info\/web\/wp-content\/uploads\/2024\/08\/LogoHTD-neu-2024-Original-scaled.jpg 2560w, https:\/\/www.itd.info\/web\/wp-content\/uploads\/2024\/08\/LogoHTD-neu-2024-Original-300x136.jpg 300w, https:\/\/www.itd.info\/web\/wp-content\/uploads\/2024\/08\/LogoHTD-neu-2024-Original-1024x463.jpg 1024w, https:\/\/www.itd.info\/web\/wp-content\/uploads\/2024\/08\/LogoHTD-neu-2024-Original-768x347.jpg 768w, https:\/\/www.itd.info\/web\/wp-content\/uploads\/2024\/08\/LogoHTD-neu-2024-Original-1536x694.jpg 1536w, https:\/\/www.itd.info\/web\/wp-content\/uploads\/2024\/08\/LogoHTD-neu-2024-Original-2048x925.jpg 2048w\" sizes=\"(max-width: 2560px) 100vw, 2560px\" \/><\/a><\/li><li id=\"media_image-12\" class=\"widget widget_media_image\"><img width=\"1\" height=\"1\" src=\"https:\/\/www.itd.info\/web\/wp-content\/uploads\/2021\/06\/blank.png\" class=\"image wp-image-400  attachment-20x20 size-20x20\" alt=\"\" loading=\"lazy\" style=\"max-width: 100%; height: auto;\" \/><\/li><li id=\"media_image-7\" class=\"widget widget_media_image\"><a href=\"https:\/\/www.bluemarlin-redsea.com\/\"><img width=\"140\" height=\"160\" src=\"https:\/\/www.itd.info\/web\/wp-content\/uploads\/2021\/06\/Logo_dtd-262x300.png\" class=\"image wp-image-89  attachment-140x160 size-140x160\" alt=\"\" loading=\"lazy\" style=\"max-width: 100%; height: auto;\" srcset=\"https:\/\/www.itd.info\/web\/wp-content\/uploads\/2021\/06\/Logo_dtd-262x300.png 262w, https:\/\/www.itd.info\/web\/wp-content\/uploads\/2021\/06\/Logo_dtd.png 616w\" sizes=\"(max-width: 140px) 100vw, 140px\" \/><\/a><\/li><\/ul><\/div><!-- widgets_on_page -->\n<\/div>\n<\/div>\n\n\n\n<p class=\"has-text-align-right\"><a href=\"https:\/\/www.itd.info\/web\/tek-deep-diver-einfuehrung\/\">weiter lesen<\/a><\/p>\n","protected":false},"excerpt":{"rendered":"<p>Tek Deep Diver Tauchkurs Weiterf\u00fchrender Kurs in Vorbereitung auf den Trimixkurs. Der Teilnehmer trainiert den Umgang mit umfangreicher Ausr\u00fcstung wie sie beim Trimixtauchen ben\u00f6tigt wird. Nach Beendigung des Kurses ist er in der Lage Tauchg\u00e4nge mit Pressluft oder normobarem Trimix als Bottomgas und zwei verschiedenen Dekogasen mit Hilfe eines Computerprogrammes zu planen und sicher durchzuf\u00fchren. Voraussetzungen: ITD Advanced Deep Diver oder \u00c4quivalent Nitrox Diver Mindestens 100 Tauchg\u00e4nge &#8211; davon 20 Advanced Deep Tauchg\u00e4nge Doppelger\u00e4t mit zwei getrennten Abg\u00e4ngen, mindestens 2x10l Tek-taugliches Jacket mit zwei redundanten Auftriebsk\u00f6rpern 2 komplette kaltwassertaugliche Lungenautomaten &#8211; einer mit einem mindestens &#8211; 1,5m langen Octopusschlauch 2\u2026<\/p>\n","protected":false},"author":1,"featured_media":0,"parent":0,"menu_order":0,"comment_status":"closed","ping_status":"closed","template":"","meta":[],"blocksy_meta":{"styles_descriptor":{"styles":{"desktop":"","tablet":"","mobile":""},"google_fonts":[]}},"yoast_head":"<!-- This site is optimized with the Yoast SEO plugin v18.4.1 - https:\/\/yoast.com\/wordpress\/plugins\/seo\/ -->\n<title>Tek Deep Diver Tauchkurs - ITD<\/title>\n<meta name=\"robots\" content=\"index, follow, max-snippet:-1, max-image-preview:large, max-video-preview:-1\" \/>\n<link rel=\"canonical\" href=\"https:\/\/www.itd.info\/web\/tek-deep-diver-tauchkurs\/\" \/>\n<meta property=\"og:locale\" content=\"de_DE\" \/>\n<meta property=\"og:type\" content=\"article\" \/>\n<meta property=\"og:title\" content=\"Tek Deep Diver Tauchkurs - ITD\" \/>\n<meta property=\"og:description\" content=\"Tek Deep Diver Tauchkurs Weiterf\u00fchrender Kurs in Vorbereitung auf den Trimixkurs. Der Teilnehmer trainiert den Umgang mit umfangreicher Ausr\u00fcstung wie sie beim Trimixtauchen ben\u00f6tigt wird. Nach Beendigung des Kurses ist er in der Lage Tauchg\u00e4nge mit Pressluft oder normobarem Trimix als Bottomgas und zwei verschiedenen Dekogasen mit Hilfe eines Computerprogrammes zu planen und sicher durchzuf\u00fchren. Voraussetzungen: ITD Advanced Deep Diver oder \u00c4quivalent Nitrox Diver Mindestens 100 Tauchg\u00e4nge &#8211; davon 20 Advanced Deep Tauchg\u00e4nge Doppelger\u00e4t mit zwei getrennten Abg\u00e4ngen, mindestens 2x10l Tek-taugliches Jacket mit zwei redundanten Auftriebsk\u00f6rpern 2 komplette kaltwassertaugliche Lungenautomaten &#8211; einer mit einem mindestens &#8211; 1,5m langen Octopusschlauch 2\u2026\" \/>\n<meta property=\"og:url\" content=\"https:\/\/www.itd.info\/web\/tek-deep-diver-tauchkurs\/\" \/>\n<meta property=\"og:site_name\" content=\"ITD\" \/>\n<meta property=\"article:modified_time\" content=\"2021-06-23T18:59:17+00:00\" \/>\n<meta name=\"twitter:card\" content=\"summary_large_image\" \/>\n<meta name=\"twitter:label1\" content=\"Gesch\u00e4tzte Lesezeit\" \/>\n\t<meta name=\"twitter:data1\" content=\"1 Minute\" \/>\n<script type=\"application\/ld+json\" class=\"yoast-schema-graph\">{\"@context\":\"https:\/\/schema.org\",\"@graph\":[{\"@type\":\"Organization\",\"@id\":\"https:\/\/www.itd.info\/web\/#organization\",\"name\":\"ITD\",\"url\":\"https:\/\/www.itd.info\/web\/\",\"sameAs\":[],\"logo\":{\"@type\":\"ImageObject\",\"@id\":\"https:\/\/www.itd.info\/web\/#logo\",\"inLanguage\":\"de-DE\",\"url\":\"https:\/\/www.itd.info\/web\/wp-content\/uploads\/2021\/06\/itd.jpg\",\"contentUrl\":\"https:\/\/www.itd.info\/web\/wp-content\/uploads\/2021\/06\/itd.jpg\",\"width\":650,\"height\":409,\"caption\":\"ITD\"},\"image\":{\"@id\":\"https:\/\/www.itd.info\/web\/#logo\"}},{\"@type\":\"WebSite\",\"@id\":\"https:\/\/www.itd.info\/web\/#website\",\"url\":\"https:\/\/www.itd.info\/web\/\",\"name\":\"ITD\",\"description\":\"International Tek Diver\",\"publisher\":{\"@id\":\"https:\/\/www.itd.info\/web\/#organization\"},\"potentialAction\":[{\"@type\":\"SearchAction\",\"target\":{\"@type\":\"EntryPoint\",\"urlTemplate\":\"https:\/\/www.itd.info\/web\/?s={search_term_string}\"},\"query-input\":\"required name=search_term_string\"}],\"inLanguage\":\"de-DE\"},{\"@type\":\"WebPage\",\"@id\":\"https:\/\/www.itd.info\/web\/tek-deep-diver-tauchkurs\/#webpage\",\"url\":\"https:\/\/www.itd.info\/web\/tek-deep-diver-tauchkurs\/\",\"name\":\"Tek Deep Diver Tauchkurs - ITD\",\"isPartOf\":{\"@id\":\"https:\/\/www.itd.info\/web\/#website\"},\"datePublished\":\"2021-06-23T18:56:21+00:00\",\"dateModified\":\"2021-06-23T18:59:17+00:00\",\"breadcrumb\":{\"@id\":\"https:\/\/www.itd.info\/web\/tek-deep-diver-tauchkurs\/#breadcrumb\"},\"inLanguage\":\"de-DE\",\"potentialAction\":[{\"@type\":\"ReadAction\",\"target\":[\"https:\/\/www.itd.info\/web\/tek-deep-diver-tauchkurs\/\"]}]},{\"@type\":\"BreadcrumbList\",\"@id\":\"https:\/\/www.itd.info\/web\/tek-deep-diver-tauchkurs\/#breadcrumb\",\"itemListElement\":[{\"@type\":\"ListItem\",\"position\":1,\"name\":\"Startseite\",\"item\":\"https:\/\/www.itd.info\/web\/\"},{\"@type\":\"ListItem\",\"position\":2,\"name\":\"Tek Deep Diver Tauchkurs\"}]}]}<\/script>\n<!-- \/ Yoast SEO plugin. -->","yoast_head_json":{"title":"Tek Deep Diver Tauchkurs - ITD","robots":{"index":"index","follow":"follow","max-snippet":"max-snippet:-1","max-image-preview":"max-image-preview:large","max-video-preview":"max-video-preview:-1"},"canonical":"https:\/\/www.itd.info\/web\/tek-deep-diver-tauchkurs\/","og_locale":"de_DE","og_type":"article","og_title":"Tek Deep Diver Tauchkurs - ITD","og_description":"Tek Deep Diver Tauchkurs Weiterf\u00fchrender Kurs in Vorbereitung auf den Trimixkurs. Der Teilnehmer trainiert den Umgang mit umfangreicher Ausr\u00fcstung wie sie beim Trimixtauchen ben\u00f6tigt wird. Nach Beendigung des Kurses ist er in der Lage Tauchg\u00e4nge mit Pressluft oder normobarem Trimix als Bottomgas und zwei verschiedenen Dekogasen mit Hilfe eines Computerprogrammes zu planen und sicher durchzuf\u00fchren. Voraussetzungen: ITD Advanced Deep Diver oder \u00c4quivalent Nitrox Diver Mindestens 100 Tauchg\u00e4nge &#8211; davon 20 Advanced Deep Tauchg\u00e4nge Doppelger\u00e4t mit zwei getrennten Abg\u00e4ngen, mindestens 2x10l Tek-taugliches Jacket mit zwei redundanten Auftriebsk\u00f6rpern 2 komplette kaltwassertaugliche Lungenautomaten &#8211; einer mit einem mindestens &#8211; 1,5m langen Octopusschlauch 2\u2026","og_url":"https:\/\/www.itd.info\/web\/tek-deep-diver-tauchkurs\/","og_site_name":"ITD","article_modified_time":"2021-06-23T18:59:17+00:00","twitter_card":"summary_large_image","twitter_misc":{"Gesch\u00e4tzte Lesezeit":"1 Minute"},"schema":{"@context":"https:\/\/schema.org","@graph":[{"@type":"Organization","@id":"https:\/\/www.itd.info\/web\/#organization","name":"ITD","url":"https:\/\/www.itd.info\/web\/","sameAs":[],"logo":{"@type":"ImageObject","@id":"https:\/\/www.itd.info\/web\/#logo","inLanguage":"de-DE","url":"https:\/\/www.itd.info\/web\/wp-content\/uploads\/2021\/06\/itd.jpg","contentUrl":"https:\/\/www.itd.info\/web\/wp-content\/uploads\/2021\/06\/itd.jpg","width":650,"height":409,"caption":"ITD"},"image":{"@id":"https:\/\/www.itd.info\/web\/#logo"}},{"@type":"WebSite","@id":"https:\/\/www.itd.info\/web\/#website","url":"https:\/\/www.itd.info\/web\/","name":"ITD","description":"International Tek Diver","publisher":{"@id":"https:\/\/www.itd.info\/web\/#organization"},"potentialAction":[{"@type":"SearchAction","target":{"@type":"EntryPoint","urlTemplate":"https:\/\/www.itd.info\/web\/?s={search_term_string}"},"query-input":"required name=search_term_string"}],"inLanguage":"de-DE"},{"@type":"WebPage","@id":"https:\/\/www.itd.info\/web\/tek-deep-diver-tauchkurs\/#webpage","url":"https:\/\/www.itd.info\/web\/tek-deep-diver-tauchkurs\/","name":"Tek Deep Diver Tauchkurs - ITD","isPartOf":{"@id":"https:\/\/www.itd.info\/web\/#website"},"datePublished":"2021-06-23T18:56:21+00:00","dateModified":"2021-06-23T18:59:17+00:00","breadcrumb":{"@id":"https:\/\/www.itd.info\/web\/tek-deep-diver-tauchkurs\/#breadcrumb"},"inLanguage":"de-DE","potentialAction":[{"@type":"ReadAction","target":["https:\/\/www.itd.info\/web\/tek-deep-diver-tauchkurs\/"]}]},{"@type":"BreadcrumbList","@id":"https:\/\/www.itd.info\/web\/tek-deep-diver-tauchkurs\/#breadcrumb","itemListElement":[{"@type":"ListItem","position":1,"name":"Startseite","item":"https:\/\/www.itd.info\/web\/"},{"@type":"ListItem","position":2,"name":"Tek Deep Diver Tauchkurs"}]}]}},"_links":{"self":[{"href":"https:\/\/www.itd.info\/web\/wp-json\/wp\/v2\/pages\/347"}],"collection":[{"href":"https:\/\/www.itd.info\/web\/wp-json\/wp\/v2\/pages"}],"about":[{"href":"https:\/\/www.itd.info\/web\/wp-json\/wp\/v2\/types\/page"}],"author":[{"embeddable":true,"href":"https:\/\/www.itd.info\/web\/wp-json\/wp\/v2\/users\/1"}],"replies":[{"embeddable":true,"href":"https:\/\/www.itd.info\/web\/wp-json\/wp\/v2\/comments?post=347"}],"version-history":[{"count":2,"href":"https:\/\/www.itd.info\/web\/wp-json\/wp\/v2\/pages\/347\/revisions"}],"predecessor-version":[{"id":353,"href":"https:\/\/www.itd.info\/web\/wp-json\/wp\/v2\/pages\/347\/revisions\/353"}],"wp:attachment":[{"href":"https:\/\/www.itd.info\/web\/wp-json\/wp\/v2\/media?parent=347"}],"curies":[{"name":"wp","href":"https:\/\/api.w.org\/{rel}","templated":true}]}}