{"id":340,"date":"2021-06-23T20:47:44","date_gmt":"2021-06-23T18:47:44","guid":{"rendered":"https:\/\/www.itd.info\/web\/?page_id=340"},"modified":"2021-06-23T20:52:32","modified_gmt":"2021-06-23T18:52:32","slug":"advanced-deep-diver-tauchkurs","status":"publish","type":"page","link":"https:\/\/www.itd.info\/web\/advanced-deep-diver-tauchkurs\/","title":{"rendered":"Advanced Deep Diver Tauchkurs"},"content":{"rendered":"\n<div class=\"wp-block-columns\">\n<div class=\"wp-block-column\" style=\"flex-basis:80%\">\n<h2 class=\"has-text-align-center\">Advanced Deep Diver Tauchkurs<\/h2>\n\n\n\n<p class=\"has-text-align-center\">Der Kursteilnehmer soll nach erfolgreichem Abschluss dieses Kurses in der Lage sein, Dekotauchg\u00e4nge unter Verwendung von Pressluft entsprechend aller sicherheitstechnischen Grundlagen bis zu einer Tiefe von max. 48 m durchf\u00fchren zu k\u00f6nnen und dabei die Vorteile der schnelleren Stickstoffents\u00e4ttigung durch Nitrox als Sicherheitsbonus nutzen.<\/p>\n\n\n\n<h5 class=\"has-text-align-center\">Voraussetzungen:<\/h5>\n\n\n\n<ul><li>AOWD ODER \u00c4quivalent, Nitrox Diver<\/li><li>100 Tauchg\u00e4nge &#8211; davon min. 20 TG\u00b4s tiefer als 25m<\/li><li>2 komplette kaltwassertaugliche Lungenautomaten -einer mit einem 1,5m langen Octopusschlauch<\/li><li>Reel mit Auftriebsboje oder Hebesack<\/li><li>mind.15 Liter PTG &#8211; besser 2x10l, Zweitmaske, Zweitmesser<\/li><li>dekotauglicher Tauchcomputer, Jacket mit D-Ringen f\u00fcr Stage Bottles<\/li><\/ul>\n\n\n\n<h5 class=\"has-text-align-center\">Kursinhalt Theorie:<\/h5>\n\n\n\n<ul><li>Ausr\u00fcstung und Konfiguration<\/li><li>Gasgemische,Gasmanagement<\/li><li>Tauchphysik<\/li><li>Stickstoffnarkose<\/li><li>Dekompressionskrankheit<\/li><li>Tauchgangsplanung<\/li><li>Stressmanagement<\/li><\/ul>\n\n\n\n<h5 class=\"has-text-align-center\">Kursinhalt Praxis:<\/h5>\n\n\n\n<ul><li>4 Tauchg\u00e4nge bis max. 48 m, davon 2 Deko-Tauchg\u00e4nge &#8211; max. erlaubte Deko 30 min, Treibende Deko bei jedem Tauchgang, alle TG\u00b4s mit Stage Bottle<\/li><li>Ab- und Anlegen der Stage Bottle im Wasser<\/li><li>1\/3 Regel bei Deko-Tauchg\u00e4ngen<\/li><li>Valve Shut Down<\/li><li>AMV bestimmen in Ruhe und in Arbeit<\/li><li>In 20-30 m Tiefe 25 m ohne Maske schwimmen<\/li><li>Gasanalyse, Gaswechsel, Ausr\u00fcstungskonfiguration<\/li><\/ul>\n<\/div>\n\n\n\n<div class=\"wp-block-column\" style=\"flex-basis:20%\"><div id='1' class='widgets_on_page wop_tiny1  wop_small1  wop_medium1  wop_large1  wop_wide1'>\n\t\t\t<ul><li id=\"media_image-9\" class=\"widget widget_media_image\"><img width=\"1\" height=\"1\" src=\"https:\/\/www.itd.info\/web\/wp-content\/uploads\/2021\/06\/blank.png\" class=\"image wp-image-400  attachment-20x20 size-20x20\" alt=\"\" loading=\"lazy\" style=\"max-width: 100%; height: auto;\" \/><\/li><li id=\"media_image-3\" class=\"widget widget_media_image\"><a href=\"https:\/\/www.ipdi2002.org\/\"><img width=\"140\" height=\"140\" src=\"https:\/\/www.itd.info\/web\/wp-content\/uploads\/2021\/06\/IPDI-klein.png\" class=\"image wp-image-59  attachment-full size-full\" alt=\"\" loading=\"lazy\" style=\"max-width: 100%; height: auto;\" \/><\/a><\/li><li id=\"media_image-8\" class=\"widget widget_media_image\"><img width=\"1\" height=\"1\" src=\"https:\/\/www.itd.info\/web\/wp-content\/uploads\/2021\/06\/blank.png\" class=\"image wp-image-400  attachment-20x20 size-20x20\" alt=\"\" loading=\"lazy\" style=\"max-width: 100%; height: auto;\" \/><\/li><li id=\"media_image-4\" class=\"widget widget_media_image\"><a href=\"http:\/\/www.bonex-systeme.de\/\"><img width=\"140\" height=\"71\" src=\"https:\/\/www.itd.info\/web\/wp-content\/uploads\/2021\/06\/Logo-bonex-300x153.png\" class=\"image wp-image-60  attachment-140x71 size-140x71\" alt=\"\" loading=\"lazy\" style=\"max-width: 100%; height: auto;\" srcset=\"https:\/\/www.itd.info\/web\/wp-content\/uploads\/2021\/06\/Logo-bonex-300x153.png 300w, https:\/\/www.itd.info\/web\/wp-content\/uploads\/2021\/06\/Logo-bonex-1024x523.png 1024w, https:\/\/www.itd.info\/web\/wp-content\/uploads\/2021\/06\/Logo-bonex-768x392.png 768w, https:\/\/www.itd.info\/web\/wp-content\/uploads\/2021\/06\/Logo-bonex.png 1346w\" sizes=\"(max-width: 140px) 100vw, 140px\" \/><\/a><\/li><li id=\"media_image-10\" class=\"widget widget_media_image\"><img width=\"1\" height=\"1\" src=\"https:\/\/www.itd.info\/web\/wp-content\/uploads\/2021\/06\/blank.png\" class=\"image wp-image-400  attachment-20x20 size-20x20\" alt=\"\" loading=\"lazy\" style=\"max-width: 100%; height: auto;\" \/><\/li><li id=\"media_image-5\" class=\"widget widget_media_image\"><a href=\"https:\/\/ks-tauchtechnik.de\/\"><img width=\"140\" height=\"140\" src=\"https:\/\/www.itd.info\/web\/wp-content\/uploads\/2021\/06\/Logo-ksTauchtechnik-150x150.png\" class=\"image wp-image-61  attachment-140x140 size-140x140\" alt=\"\" loading=\"lazy\" style=\"max-width: 100%; height: auto;\" srcset=\"https:\/\/www.itd.info\/web\/wp-content\/uploads\/2021\/06\/Logo-ksTauchtechnik-150x150.png 150w, https:\/\/www.itd.info\/web\/wp-content\/uploads\/2021\/06\/Logo-ksTauchtechnik-300x300.png 300w, https:\/\/www.itd.info\/web\/wp-content\/uploads\/2021\/06\/Logo-ksTauchtechnik.png 760w\" sizes=\"(max-width: 140px) 100vw, 140px\" \/><\/a><\/li><li id=\"media_image-11\" class=\"widget widget_media_image\"><img width=\"1\" height=\"1\" src=\"https:\/\/www.itd.info\/web\/wp-content\/uploads\/2021\/06\/blank.png\" class=\"image wp-image-400  attachment-20x20 size-20x20\" alt=\"\" loading=\"lazy\" style=\"max-width: 100%; height: auto;\" \/><\/li><li id=\"media_image-6\" class=\"widget widget_media_image\"><a href=\"https:\/\/www.tek-diver-shop.de\/\"><img width=\"2560\" height=\"1157\" src=\"https:\/\/www.itd.info\/web\/wp-content\/uploads\/2024\/08\/LogoHTD-neu-2024-Original-scaled.jpg\" class=\"image wp-image-549  attachment-full size-full\" alt=\"\" loading=\"lazy\" style=\"max-width: 100%; height: auto;\" srcset=\"https:\/\/www.itd.info\/web\/wp-content\/uploads\/2024\/08\/LogoHTD-neu-2024-Original-scaled.jpg 2560w, https:\/\/www.itd.info\/web\/wp-content\/uploads\/2024\/08\/LogoHTD-neu-2024-Original-300x136.jpg 300w, https:\/\/www.itd.info\/web\/wp-content\/uploads\/2024\/08\/LogoHTD-neu-2024-Original-1024x463.jpg 1024w, https:\/\/www.itd.info\/web\/wp-content\/uploads\/2024\/08\/LogoHTD-neu-2024-Original-768x347.jpg 768w, https:\/\/www.itd.info\/web\/wp-content\/uploads\/2024\/08\/LogoHTD-neu-2024-Original-1536x694.jpg 1536w, https:\/\/www.itd.info\/web\/wp-content\/uploads\/2024\/08\/LogoHTD-neu-2024-Original-2048x925.jpg 2048w\" sizes=\"(max-width: 2560px) 100vw, 2560px\" \/><\/a><\/li><li id=\"media_image-12\" class=\"widget widget_media_image\"><img width=\"1\" height=\"1\" src=\"https:\/\/www.itd.info\/web\/wp-content\/uploads\/2021\/06\/blank.png\" class=\"image wp-image-400  attachment-20x20 size-20x20\" alt=\"\" loading=\"lazy\" style=\"max-width: 100%; height: auto;\" \/><\/li><li id=\"media_image-7\" class=\"widget widget_media_image\"><a href=\"https:\/\/www.bluemarlin-redsea.com\/\"><img width=\"140\" height=\"160\" src=\"https:\/\/www.itd.info\/web\/wp-content\/uploads\/2021\/06\/Logo_dtd-262x300.png\" class=\"image wp-image-89  attachment-140x160 size-140x160\" alt=\"\" loading=\"lazy\" style=\"max-width: 100%; height: auto;\" srcset=\"https:\/\/www.itd.info\/web\/wp-content\/uploads\/2021\/06\/Logo_dtd-262x300.png 262w, https:\/\/www.itd.info\/web\/wp-content\/uploads\/2021\/06\/Logo_dtd.png 616w\" sizes=\"(max-width: 140px) 100vw, 140px\" \/><\/a><\/li><\/ul><\/div><!-- widgets_on_page -->\n<\/div>\n<\/div>\n\n\n\n<p class=\"has-text-align-right\"><a href=\"https:\/\/www.itd.info\/web\/advanced-deep-diver-einfuehrung\/\">weiter lesen<\/a><\/p>\n","protected":false},"excerpt":{"rendered":"<p>Advanced Deep Diver Tauchkurs Der Kursteilnehmer soll nach erfolgreichem Abschluss dieses Kurses in der Lage sein, Dekotauchg\u00e4nge unter Verwendung von Pressluft entsprechend aller sicherheitstechnischen Grundlagen bis zu einer Tiefe von max. 48 m durchf\u00fchren zu k\u00f6nnen und dabei die Vorteile der schnelleren Stickstoffents\u00e4ttigung durch Nitrox als Sicherheitsbonus nutzen. Voraussetzungen: AOWD ODER \u00c4quivalent, Nitrox Diver 100 Tauchg\u00e4nge &#8211; davon min. 20 TG\u00b4s tiefer als 25m 2 komplette kaltwassertaugliche Lungenautomaten -einer mit einem 1,5m langen Octopusschlauch Reel mit Auftriebsboje oder Hebesack mind.15 Liter PTG &#8211; besser 2x10l, Zweitmaske, Zweitmesser dekotauglicher Tauchcomputer, Jacket mit D-Ringen f\u00fcr Stage Bottles Kursinhalt Theorie: Ausr\u00fcstung und Konfiguration\u2026<\/p>\n","protected":false},"author":1,"featured_media":0,"parent":0,"menu_order":0,"comment_status":"closed","ping_status":"closed","template":"","meta":[],"blocksy_meta":{"styles_descriptor":{"styles":{"desktop":"","tablet":"","mobile":""},"google_fonts":[]}},"yoast_head":"<!-- This site is optimized with the Yoast SEO plugin v18.4.1 - https:\/\/yoast.com\/wordpress\/plugins\/seo\/ -->\n<title>Advanced Deep Diver Tauchkurs - ITD<\/title>\n<meta name=\"robots\" content=\"index, follow, max-snippet:-1, max-image-preview:large, max-video-preview:-1\" \/>\n<link rel=\"canonical\" href=\"https:\/\/www.itd.info\/web\/advanced-deep-diver-tauchkurs\/\" \/>\n<meta property=\"og:locale\" content=\"de_DE\" \/>\n<meta property=\"og:type\" content=\"article\" \/>\n<meta property=\"og:title\" content=\"Advanced Deep Diver Tauchkurs - ITD\" \/>\n<meta property=\"og:description\" content=\"Advanced Deep Diver Tauchkurs Der Kursteilnehmer soll nach erfolgreichem Abschluss dieses Kurses in der Lage sein, Dekotauchg\u00e4nge unter Verwendung von Pressluft entsprechend aller sicherheitstechnischen Grundlagen bis zu einer Tiefe von max. 48 m durchf\u00fchren zu k\u00f6nnen und dabei die Vorteile der schnelleren Stickstoffents\u00e4ttigung durch Nitrox als Sicherheitsbonus nutzen. Voraussetzungen: AOWD ODER \u00c4quivalent, Nitrox Diver 100 Tauchg\u00e4nge &#8211; davon min. 20 TG\u00b4s tiefer als 25m 2 komplette kaltwassertaugliche Lungenautomaten -einer mit einem 1,5m langen Octopusschlauch Reel mit Auftriebsboje oder Hebesack mind.15 Liter PTG &#8211; besser 2x10l, Zweitmaske, Zweitmesser dekotauglicher Tauchcomputer, Jacket mit D-Ringen f\u00fcr Stage Bottles Kursinhalt Theorie: Ausr\u00fcstung und Konfiguration\u2026\" \/>\n<meta property=\"og:url\" content=\"https:\/\/www.itd.info\/web\/advanced-deep-diver-tauchkurs\/\" \/>\n<meta property=\"og:site_name\" content=\"ITD\" \/>\n<meta property=\"article:modified_time\" content=\"2021-06-23T18:52:32+00:00\" \/>\n<meta name=\"twitter:card\" content=\"summary_large_image\" \/>\n<meta name=\"twitter:label1\" content=\"Gesch\u00e4tzte Lesezeit\" \/>\n\t<meta name=\"twitter:data1\" content=\"1 Minute\" \/>\n<script type=\"application\/ld+json\" class=\"yoast-schema-graph\">{\"@context\":\"https:\/\/schema.org\",\"@graph\":[{\"@type\":\"Organization\",\"@id\":\"https:\/\/www.itd.info\/web\/#organization\",\"name\":\"ITD\",\"url\":\"https:\/\/www.itd.info\/web\/\",\"sameAs\":[],\"logo\":{\"@type\":\"ImageObject\",\"@id\":\"https:\/\/www.itd.info\/web\/#logo\",\"inLanguage\":\"de-DE\",\"url\":\"https:\/\/www.itd.info\/web\/wp-content\/uploads\/2021\/06\/itd.jpg\",\"contentUrl\":\"https:\/\/www.itd.info\/web\/wp-content\/uploads\/2021\/06\/itd.jpg\",\"width\":650,\"height\":409,\"caption\":\"ITD\"},\"image\":{\"@id\":\"https:\/\/www.itd.info\/web\/#logo\"}},{\"@type\":\"WebSite\",\"@id\":\"https:\/\/www.itd.info\/web\/#website\",\"url\":\"https:\/\/www.itd.info\/web\/\",\"name\":\"ITD\",\"description\":\"International Tek Diver\",\"publisher\":{\"@id\":\"https:\/\/www.itd.info\/web\/#organization\"},\"potentialAction\":[{\"@type\":\"SearchAction\",\"target\":{\"@type\":\"EntryPoint\",\"urlTemplate\":\"https:\/\/www.itd.info\/web\/?s={search_term_string}\"},\"query-input\":\"required name=search_term_string\"}],\"inLanguage\":\"de-DE\"},{\"@type\":\"WebPage\",\"@id\":\"https:\/\/www.itd.info\/web\/advanced-deep-diver-tauchkurs\/#webpage\",\"url\":\"https:\/\/www.itd.info\/web\/advanced-deep-diver-tauchkurs\/\",\"name\":\"Advanced Deep Diver Tauchkurs - ITD\",\"isPartOf\":{\"@id\":\"https:\/\/www.itd.info\/web\/#website\"},\"datePublished\":\"2021-06-23T18:47:44+00:00\",\"dateModified\":\"2021-06-23T18:52:32+00:00\",\"breadcrumb\":{\"@id\":\"https:\/\/www.itd.info\/web\/advanced-deep-diver-tauchkurs\/#breadcrumb\"},\"inLanguage\":\"de-DE\",\"potentialAction\":[{\"@type\":\"ReadAction\",\"target\":[\"https:\/\/www.itd.info\/web\/advanced-deep-diver-tauchkurs\/\"]}]},{\"@type\":\"BreadcrumbList\",\"@id\":\"https:\/\/www.itd.info\/web\/advanced-deep-diver-tauchkurs\/#breadcrumb\",\"itemListElement\":[{\"@type\":\"ListItem\",\"position\":1,\"name\":\"Startseite\",\"item\":\"https:\/\/www.itd.info\/web\/\"},{\"@type\":\"ListItem\",\"position\":2,\"name\":\"Advanced Deep Diver Tauchkurs\"}]}]}<\/script>\n<!-- \/ Yoast SEO plugin. -->","yoast_head_json":{"title":"Advanced Deep Diver Tauchkurs - ITD","robots":{"index":"index","follow":"follow","max-snippet":"max-snippet:-1","max-image-preview":"max-image-preview:large","max-video-preview":"max-video-preview:-1"},"canonical":"https:\/\/www.itd.info\/web\/advanced-deep-diver-tauchkurs\/","og_locale":"de_DE","og_type":"article","og_title":"Advanced Deep Diver Tauchkurs - ITD","og_description":"Advanced Deep Diver Tauchkurs Der Kursteilnehmer soll nach erfolgreichem Abschluss dieses Kurses in der Lage sein, Dekotauchg\u00e4nge unter Verwendung von Pressluft entsprechend aller sicherheitstechnischen Grundlagen bis zu einer Tiefe von max. 48 m durchf\u00fchren zu k\u00f6nnen und dabei die Vorteile der schnelleren Stickstoffents\u00e4ttigung durch Nitrox als Sicherheitsbonus nutzen. Voraussetzungen: AOWD ODER \u00c4quivalent, Nitrox Diver 100 Tauchg\u00e4nge &#8211; davon min. 20 TG\u00b4s tiefer als 25m 2 komplette kaltwassertaugliche Lungenautomaten -einer mit einem 1,5m langen Octopusschlauch Reel mit Auftriebsboje oder Hebesack mind.15 Liter PTG &#8211; besser 2x10l, Zweitmaske, Zweitmesser dekotauglicher Tauchcomputer, Jacket mit D-Ringen f\u00fcr Stage Bottles Kursinhalt Theorie: Ausr\u00fcstung und Konfiguration\u2026","og_url":"https:\/\/www.itd.info\/web\/advanced-deep-diver-tauchkurs\/","og_site_name":"ITD","article_modified_time":"2021-06-23T18:52:32+00:00","twitter_card":"summary_large_image","twitter_misc":{"Gesch\u00e4tzte Lesezeit":"1 Minute"},"schema":{"@context":"https:\/\/schema.org","@graph":[{"@type":"Organization","@id":"https:\/\/www.itd.info\/web\/#organization","name":"ITD","url":"https:\/\/www.itd.info\/web\/","sameAs":[],"logo":{"@type":"ImageObject","@id":"https:\/\/www.itd.info\/web\/#logo","inLanguage":"de-DE","url":"https:\/\/www.itd.info\/web\/wp-content\/uploads\/2021\/06\/itd.jpg","contentUrl":"https:\/\/www.itd.info\/web\/wp-content\/uploads\/2021\/06\/itd.jpg","width":650,"height":409,"caption":"ITD"},"image":{"@id":"https:\/\/www.itd.info\/web\/#logo"}},{"@type":"WebSite","@id":"https:\/\/www.itd.info\/web\/#website","url":"https:\/\/www.itd.info\/web\/","name":"ITD","description":"International Tek Diver","publisher":{"@id":"https:\/\/www.itd.info\/web\/#organization"},"potentialAction":[{"@type":"SearchAction","target":{"@type":"EntryPoint","urlTemplate":"https:\/\/www.itd.info\/web\/?s={search_term_string}"},"query-input":"required name=search_term_string"}],"inLanguage":"de-DE"},{"@type":"WebPage","@id":"https:\/\/www.itd.info\/web\/advanced-deep-diver-tauchkurs\/#webpage","url":"https:\/\/www.itd.info\/web\/advanced-deep-diver-tauchkurs\/","name":"Advanced Deep Diver Tauchkurs - ITD","isPartOf":{"@id":"https:\/\/www.itd.info\/web\/#website"},"datePublished":"2021-06-23T18:47:44+00:00","dateModified":"2021-06-23T18:52:32+00:00","breadcrumb":{"@id":"https:\/\/www.itd.info\/web\/advanced-deep-diver-tauchkurs\/#breadcrumb"},"inLanguage":"de-DE","potentialAction":[{"@type":"ReadAction","target":["https:\/\/www.itd.info\/web\/advanced-deep-diver-tauchkurs\/"]}]},{"@type":"BreadcrumbList","@id":"https:\/\/www.itd.info\/web\/advanced-deep-diver-tauchkurs\/#breadcrumb","itemListElement":[{"@type":"ListItem","position":1,"name":"Startseite","item":"https:\/\/www.itd.info\/web\/"},{"@type":"ListItem","position":2,"name":"Advanced Deep Diver Tauchkurs"}]}]}},"_links":{"self":[{"href":"https:\/\/www.itd.info\/web\/wp-json\/wp\/v2\/pages\/340"}],"collection":[{"href":"https:\/\/www.itd.info\/web\/wp-json\/wp\/v2\/pages"}],"about":[{"href":"https:\/\/www.itd.info\/web\/wp-json\/wp\/v2\/types\/page"}],"author":[{"embeddable":true,"href":"https:\/\/www.itd.info\/web\/wp-json\/wp\/v2\/users\/1"}],"replies":[{"embeddable":true,"href":"https:\/\/www.itd.info\/web\/wp-json\/wp\/v2\/comments?post=340"}],"version-history":[{"count":3,"href":"https:\/\/www.itd.info\/web\/wp-json\/wp\/v2\/pages\/340\/revisions"}],"predecessor-version":[{"id":346,"href":"https:\/\/www.itd.info\/web\/wp-json\/wp\/v2\/pages\/340\/revisions\/346"}],"wp:attachment":[{"href":"https:\/\/www.itd.info\/web\/wp-json\/wp\/v2\/media?parent=340"}],"curies":[{"name":"wp","href":"https:\/\/api.w.org\/{rel}","templated":true}]}}