{"id":34,"date":"2021-06-23T14:43:51","date_gmt":"2021-06-23T12:43:51","guid":{"rendered":"https:\/\/www.itd.info\/web\/?page_id=34"},"modified":"2026-01-17T23:53:36","modified_gmt":"2026-01-17T22:53:36","slug":"tauchlehrerkurse-2024","status":"publish","type":"page","link":"https:\/\/www.itd.info\/web\/tauchlehrerkurse-2024\/","title":{"rendered":"Tauchlehrerkurse 2026"},"content":{"rendered":"\n<div class=\"wp-block-columns\">\n<div class=\"wp-block-column\">\n<p class=\"has-text-align-center\"><a href=\"https:\/\/www.itd.info\/web\/tauchlehrerkurse-2024\/\">Tauchlehrerkurse 2026<\/a><\/p>\n<\/div>\n\n\n\n<div class=\"wp-block-column\">\n<p class=\"has-text-align-center\"><a href=\"https:\/\/www.itd.info\/web\/hoehlentauchen\/\">H\u00f6hlentauchen<\/a><\/p>\n<\/div>\n\n\n\n<div class=\"wp-block-column is-vertically-aligned-center\">\n<p class=\"has-text-align-center\"><a href=\"https:\/\/www.itd.info\/web\/tek-tauchsafari\/\">Tek Tauchsafari<\/a><\/p>\n<\/div>\n<\/div>\n\n\n\n<div class=\"wp-block-columns\">\n<div class=\"wp-block-column\" style=\"flex-basis:80%\">\n<h2 class=\"has-text-align-center\">Tauchlehrerkurse 2026<\/h2>\n\n\n\n<h5 class=\"has-text-align-center\">TL 1, TL 2 und TL 3&nbsp;Kursangebote:<\/h5>\n\n\n\n<ul><li><mark style=\"background-color:rgba(0, 0, 0, 0)\" class=\"has-inline-color has-palette-color-5-color\">Nitrox Diver und Nitrox Instructor<\/mark><\/li><li><mark style=\"background-color:rgba(0, 0, 0, 0)\" class=\"has-inline-color has-palette-color-5-color\">Advanced Deep Diver und Advanced Deep Instructor<\/mark><\/li><li><mark style=\"background-color:rgba(0, 0, 0, 0)\" class=\"has-inline-color has-palette-color-5-color\">alle Scuba Diver Stufen sowie Scooter, Side Mount und Solotauchen<\/mark><\/li><\/ul>\n\n\n\n<h5 class=\"has-text-align-center\">Ort:<\/h5>\n\n\n\n<p class=\"has-text-align-center\"><mark style=\"background-color:rgba(0, 0, 0, 0)\" class=\"has-inline-color has-palette-color-5-color\">April bis Juli \/ Oktober \/ November 202<\/mark>6<br><mark style=\"background-color:rgba(0, 0, 0, 0)\" class=\"has-inline-color has-palette-color-5-color\">in Kamenz: Steinbruch \u201eSparmann\u201c<\/mark><\/p>\n\n\n\n<h5 class=\"has-text-align-center\">Zeitraum:<\/h5>\n\n\n\n<ul><li><mark style=\"background-color:rgba(0, 0, 0, 0)\" class=\"has-inline-color has-palette-color-5-color\">ca. 1 Woche f\u00fcr TL1-TL3 Pr\u00fcfungen<\/mark><\/li><li><mark style=\"background-color:rgba(0, 0, 0, 0)\" class=\"has-inline-color has-palette-color-5-color\">ca. 2 Tage f\u00fcr Nitrox Instructor<\/mark><\/li><li><mark style=\"background-color:rgba(0, 0, 0, 0)\" class=\"has-inline-color has-palette-color-5-color\">ca. 4 \u2013 5 Tage f\u00fcr Advanced Deep Instructor<\/mark><\/li><li><mark style=\"background-color:rgba(0, 0, 0, 0)\" class=\"has-inline-color has-palette-color-5-color\">ca. 3 Tage Scuba Diver 1-3<\/mark><\/li><li><mark style=\"background-color:rgba(0, 0, 0, 0)\" class=\"has-inline-color has-palette-color-5-color\">ca. 1 Tag Nitrox Diver<\/mark><\/li><li><mark style=\"background-color:rgba(0, 0, 0, 0)\" class=\"has-inline-color has-palette-color-5-color\">ca. 3 Tage Advanced Deep Diver sowie Scooter, Side Mount und Solotauchen<\/mark><\/li><li><mark style=\"background-color:rgba(0, 0, 0, 0)\" class=\"has-inline-color has-palette-color-5-color\">ca. 2 Tage Deep Diver<\/mark><\/li><\/ul>\n\n\n\n<p class=\"has-text-align-center\">Die genaue Terminierung wird gesamtheitlich mit den TL -Anw\u00e4rtern und Sch\u00fclern abgesprochen.<\/p>\n\n\n\n<h5 class=\"has-text-align-center\">Preise:<\/h5>\n\n\n\n<ul><li><mark style=\"background-color:rgba(0, 0, 0, 0)\" class=\"has-inline-color has-palette-color-5-color\">TL 1 (auf Anfrage),<\/mark><\/li><li><mark style=\"background-color:rgba(0, 0, 0, 0)\" class=\"has-inline-color has-palette-color-5-color\">TL 2 (auf Anfrage),<\/mark><\/li><li><mark style=\"background-color:rgba(0, 0, 0, 0)\" class=\"has-inline-color has-palette-color-5-color\">TL 3 (auf Anfrage)<\/mark><\/li><li><mark style=\"background-color:rgba(0, 0, 0, 0)\" class=\"has-inline-color has-palette-color-5-color\">Nitrox Diver (auf Anfrage)<\/mark><\/li><li><mark style=\"background-color:rgba(0, 0, 0, 0)\" class=\"has-inline-color has-palette-color-5-color\">Nitrox Instructor (auf Anfrage)<\/mark><\/li><li><mark style=\"background-color:rgba(0, 0, 0, 0)\" class=\"has-inline-color has-palette-color-5-color\">Advanced Deep Diver (auf Anfrage)<\/mark><\/li><li><mark style=\"background-color:rgba(0, 0, 0, 0)\" class=\"has-inline-color has-palette-color-5-color\">Advanced Deep Instructor (auf Anfrage)<\/mark><\/li><li><mark style=\"background-color:rgba(0, 0, 0, 0)\" class=\"has-inline-color has-palette-color-5-color\">Scooter, Side Mount und Solotauchen (Preise auf Anfrage)<\/mark><\/li><\/ul>\n\n\n\n<p class=\"has-text-align-center\">Die Kosten f\u00fcr Anreise, Verpflegung, Unterkunft etc. sind exklusive<\/p>\n\n\n\n<h5 class=\"has-text-align-center\">sonstiges:<\/h5>\n\n\n\n<p class=\"has-text-align-center\"><mark style=\"background-color:rgba(0, 0, 0, 0)\" class=\"has-inline-color has-palette-color-5-color\">Die weiteren Ablaufmodifikationen werden im Kreis der Kursanw\u00e4rter nach Anmeldeschluss gemeinschaftlich besprochen. Das exakte Kursdatum wird noch bekanntgegeben. Theoriepr\u00fcfung erfolgt in absoluter entspannter Atmosph\u00e4re, in Potsdam oder parallel zur Praxispr\u00fcfung in Kamenz.<\/mark><\/p>\n\n\n\n<h5 class=\"has-text-align-center\">Anmeldung:<\/h5>\n\n\n\n<p class=\"has-text-align-center\">Die <mark style=\"background-color:rgba(0, 0, 0, 0)\" class=\"has-inline-color has-palette-color-5-color\">Anmeldung und Informationen erfolgen bei Herrn Roman Steiner<br>oder direkt \u00fcber das ITD Headquarters.<br><br>Roman Steiner ITD****Course Director<br>Backgarten 1<br>D-15749 Mittenwalde\/OT Gallun<\/mark><br>Tel: 0172-5302455<br>email: <a href=\"mailto:diveanddie@yahoo.de\">diveanddie@yahoo.de<\/a><br><br><mark style=\"background-color:rgba(0, 0, 0, 0)\" class=\"has-inline-color has-palette-color-5-color\">oder \u00fcber ITD Headquarters<\/mark><\/p>\n\n\n\n<h5 class=\"has-text-align-center\">Kontakt:<\/h5>\n\n\n\n<p class=\"has-text-align-center\"><mark style=\"background-color:rgba(0, 0, 0, 0)\" class=\"has-inline-color has-palette-color-5-color\">Headquarter Germany:<br>ITD Deutschland Thomas Wulf<br>Biberpfad 14<br>04249 Leipzig<br><br>Tel: 0341\/9468051<br>Fax: 0341\/9103870<br>Mobil: 0170\/9305525<br>www.itd.info\/<\/mark><br>email: <a href=\"mailto:info@itd.info\">info@itd.info<\/a><\/p>\n<\/div>\n\n\n\n<div class=\"wp-block-column\" style=\"flex-basis:20%\"><div id='1' class='widgets_on_page wop_tiny1  wop_small1  wop_medium1  wop_large1  wop_wide1'>\n\t\t\t<ul><li id=\"media_image-9\" class=\"widget widget_media_image\"><img width=\"1\" height=\"1\" src=\"https:\/\/www.itd.info\/web\/wp-content\/uploads\/2021\/06\/blank.png\" class=\"image wp-image-400  attachment-20x20 size-20x20\" alt=\"\" loading=\"lazy\" style=\"max-width: 100%; height: auto;\" \/><\/li><li id=\"media_image-3\" class=\"widget widget_media_image\"><a href=\"https:\/\/www.ipdi2002.org\/\"><img width=\"140\" height=\"140\" src=\"https:\/\/www.itd.info\/web\/wp-content\/uploads\/2021\/06\/IPDI-klein.png\" class=\"image wp-image-59  attachment-full size-full\" alt=\"\" loading=\"lazy\" style=\"max-width: 100%; height: auto;\" \/><\/a><\/li><li id=\"media_image-8\" class=\"widget widget_media_image\"><img width=\"1\" height=\"1\" src=\"https:\/\/www.itd.info\/web\/wp-content\/uploads\/2021\/06\/blank.png\" class=\"image wp-image-400  attachment-20x20 size-20x20\" alt=\"\" loading=\"lazy\" style=\"max-width: 100%; height: auto;\" \/><\/li><li id=\"media_image-4\" class=\"widget widget_media_image\"><a href=\"http:\/\/www.bonex-systeme.de\/\"><img width=\"140\" height=\"71\" src=\"https:\/\/www.itd.info\/web\/wp-content\/uploads\/2021\/06\/Logo-bonex-300x153.png\" class=\"image wp-image-60  attachment-140x71 size-140x71\" alt=\"\" loading=\"lazy\" style=\"max-width: 100%; height: auto;\" srcset=\"https:\/\/www.itd.info\/web\/wp-content\/uploads\/2021\/06\/Logo-bonex-300x153.png 300w, https:\/\/www.itd.info\/web\/wp-content\/uploads\/2021\/06\/Logo-bonex-1024x523.png 1024w, https:\/\/www.itd.info\/web\/wp-content\/uploads\/2021\/06\/Logo-bonex-768x392.png 768w, https:\/\/www.itd.info\/web\/wp-content\/uploads\/2021\/06\/Logo-bonex.png 1346w\" sizes=\"(max-width: 140px) 100vw, 140px\" \/><\/a><\/li><li id=\"media_image-10\" class=\"widget widget_media_image\"><img width=\"1\" height=\"1\" src=\"https:\/\/www.itd.info\/web\/wp-content\/uploads\/2021\/06\/blank.png\" class=\"image wp-image-400  attachment-20x20 size-20x20\" alt=\"\" loading=\"lazy\" style=\"max-width: 100%; height: auto;\" \/><\/li><li id=\"media_image-5\" class=\"widget widget_media_image\"><a href=\"https:\/\/ks-tauchtechnik.de\/\"><img width=\"140\" height=\"140\" src=\"https:\/\/www.itd.info\/web\/wp-content\/uploads\/2021\/06\/Logo-ksTauchtechnik-150x150.png\" class=\"image wp-image-61  attachment-140x140 size-140x140\" alt=\"\" loading=\"lazy\" style=\"max-width: 100%; height: auto;\" srcset=\"https:\/\/www.itd.info\/web\/wp-content\/uploads\/2021\/06\/Logo-ksTauchtechnik-150x150.png 150w, https:\/\/www.itd.info\/web\/wp-content\/uploads\/2021\/06\/Logo-ksTauchtechnik-300x300.png 300w, https:\/\/www.itd.info\/web\/wp-content\/uploads\/2021\/06\/Logo-ksTauchtechnik.png 760w\" sizes=\"(max-width: 140px) 100vw, 140px\" \/><\/a><\/li><li id=\"media_image-11\" class=\"widget widget_media_image\"><img width=\"1\" height=\"1\" src=\"https:\/\/www.itd.info\/web\/wp-content\/uploads\/2021\/06\/blank.png\" class=\"image wp-image-400  attachment-20x20 size-20x20\" alt=\"\" loading=\"lazy\" style=\"max-width: 100%; height: auto;\" \/><\/li><li id=\"media_image-6\" class=\"widget widget_media_image\"><a href=\"https:\/\/www.tek-diver-shop.de\/\"><img width=\"2560\" height=\"1157\" src=\"https:\/\/www.itd.info\/web\/wp-content\/uploads\/2024\/08\/LogoHTD-neu-2024-Original-scaled.jpg\" class=\"image wp-image-549  attachment-full size-full\" alt=\"\" loading=\"lazy\" style=\"max-width: 100%; height: auto;\" srcset=\"https:\/\/www.itd.info\/web\/wp-content\/uploads\/2024\/08\/LogoHTD-neu-2024-Original-scaled.jpg 2560w, https:\/\/www.itd.info\/web\/wp-content\/uploads\/2024\/08\/LogoHTD-neu-2024-Original-300x136.jpg 300w, https:\/\/www.itd.info\/web\/wp-content\/uploads\/2024\/08\/LogoHTD-neu-2024-Original-1024x463.jpg 1024w, https:\/\/www.itd.info\/web\/wp-content\/uploads\/2024\/08\/LogoHTD-neu-2024-Original-768x347.jpg 768w, https:\/\/www.itd.info\/web\/wp-content\/uploads\/2024\/08\/LogoHTD-neu-2024-Original-1536x694.jpg 1536w, https:\/\/www.itd.info\/web\/wp-content\/uploads\/2024\/08\/LogoHTD-neu-2024-Original-2048x925.jpg 2048w\" sizes=\"(max-width: 2560px) 100vw, 2560px\" \/><\/a><\/li><li id=\"media_image-12\" class=\"widget widget_media_image\"><img width=\"1\" height=\"1\" src=\"https:\/\/www.itd.info\/web\/wp-content\/uploads\/2021\/06\/blank.png\" class=\"image wp-image-400  attachment-20x20 size-20x20\" alt=\"\" loading=\"lazy\" style=\"max-width: 100%; height: auto;\" \/><\/li><li id=\"media_image-7\" class=\"widget widget_media_image\"><a href=\"https:\/\/www.bluemarlin-redsea.com\/\"><img width=\"140\" height=\"160\" src=\"https:\/\/www.itd.info\/web\/wp-content\/uploads\/2021\/06\/Logo_dtd-262x300.png\" class=\"image wp-image-89  attachment-140x160 size-140x160\" alt=\"\" loading=\"lazy\" style=\"max-width: 100%; height: auto;\" srcset=\"https:\/\/www.itd.info\/web\/wp-content\/uploads\/2021\/06\/Logo_dtd-262x300.png 262w, https:\/\/www.itd.info\/web\/wp-content\/uploads\/2021\/06\/Logo_dtd.png 616w\" sizes=\"(max-width: 140px) 100vw, 140px\" \/><\/a><\/li><\/ul><\/div><!-- widgets_on_page -->\n<\/div>\n<\/div>\n\n\n\n<p><\/p>\n","protected":false},"excerpt":{"rendered":"<p>Tauchlehrerkurse 2026 H\u00f6hlentauchen Tek Tauchsafari Tauchlehrerkurse 2026 TL 1, TL 2 und TL 3&nbsp;Kursangebote: Nitrox Diver und Nitrox Instructor Advanced Deep Diver und Advanced Deep Instructor alle Scuba Diver Stufen sowie Scooter, Side Mount und Solotauchen Ort: April bis Juli \/ Oktober \/ November 2026in Kamenz: Steinbruch \u201eSparmann\u201c Zeitraum: ca. 1 Woche f\u00fcr TL1-TL3 Pr\u00fcfungen ca. 2 Tage f\u00fcr Nitrox Instructor ca. 4 \u2013 5 Tage f\u00fcr Advanced Deep Instructor ca. 3 Tage Scuba Diver 1-3 ca. 1 Tag Nitrox Diver ca. 3 Tage Advanced Deep Diver sowie Scooter, Side Mount und Solotauchen ca. 2 Tage Deep Diver Die genaue\u2026<\/p>\n","protected":false},"author":1,"featured_media":0,"parent":0,"menu_order":0,"comment_status":"closed","ping_status":"closed","template":"","meta":[],"blocksy_meta":{"styles_descriptor":{"styles":{"desktop":"","tablet":"","mobile":""},"google_fonts":[]}},"yoast_head":"<!-- This site is optimized with the Yoast SEO plugin v18.4.1 - https:\/\/yoast.com\/wordpress\/plugins\/seo\/ -->\n<title>Tauchlehrerkurse 2026 - ITD<\/title>\n<meta name=\"robots\" content=\"index, follow, max-snippet:-1, max-image-preview:large, max-video-preview:-1\" \/>\n<link rel=\"canonical\" href=\"https:\/\/www.itd.info\/web\/tauchlehrerkurse-2024\/\" \/>\n<meta property=\"og:locale\" content=\"de_DE\" \/>\n<meta property=\"og:type\" content=\"article\" \/>\n<meta property=\"og:title\" content=\"Tauchlehrerkurse 2026 - ITD\" \/>\n<meta property=\"og:description\" content=\"Tauchlehrerkurse 2026 H\u00f6hlentauchen Tek Tauchsafari Tauchlehrerkurse 2026 TL 1, TL 2 und TL 3&nbsp;Kursangebote: Nitrox Diver und Nitrox Instructor Advanced Deep Diver und Advanced Deep Instructor alle Scuba Diver Stufen sowie Scooter, Side Mount und Solotauchen Ort: April bis Juli \/ Oktober \/ November 2026in Kamenz: Steinbruch \u201eSparmann\u201c Zeitraum: ca. 1 Woche f\u00fcr TL1-TL3 Pr\u00fcfungen ca. 2 Tage f\u00fcr Nitrox Instructor ca. 4 \u2013 5 Tage f\u00fcr Advanced Deep Instructor ca. 3 Tage Scuba Diver 1-3 ca. 1 Tag Nitrox Diver ca. 3 Tage Advanced Deep Diver sowie Scooter, Side Mount und Solotauchen ca. 2 Tage Deep Diver Die genaue\u2026\" \/>\n<meta property=\"og:url\" content=\"https:\/\/www.itd.info\/web\/tauchlehrerkurse-2024\/\" \/>\n<meta property=\"og:site_name\" content=\"ITD\" \/>\n<meta property=\"article:modified_time\" content=\"2026-01-17T22:53:36+00:00\" \/>\n<meta name=\"twitter:card\" content=\"summary_large_image\" \/>\n<meta name=\"twitter:label1\" content=\"Gesch\u00e4tzte Lesezeit\" \/>\n\t<meta name=\"twitter:data1\" content=\"2 Minuten\" \/>\n<script type=\"application\/ld+json\" class=\"yoast-schema-graph\">{\"@context\":\"https:\/\/schema.org\",\"@graph\":[{\"@type\":\"Organization\",\"@id\":\"https:\/\/www.itd.info\/web\/#organization\",\"name\":\"ITD\",\"url\":\"https:\/\/www.itd.info\/web\/\",\"sameAs\":[],\"logo\":{\"@type\":\"ImageObject\",\"@id\":\"https:\/\/www.itd.info\/web\/#logo\",\"inLanguage\":\"de-DE\",\"url\":\"https:\/\/www.itd.info\/web\/wp-content\/uploads\/2021\/06\/itd.jpg\",\"contentUrl\":\"https:\/\/www.itd.info\/web\/wp-content\/uploads\/2021\/06\/itd.jpg\",\"width\":650,\"height\":409,\"caption\":\"ITD\"},\"image\":{\"@id\":\"https:\/\/www.itd.info\/web\/#logo\"}},{\"@type\":\"WebSite\",\"@id\":\"https:\/\/www.itd.info\/web\/#website\",\"url\":\"https:\/\/www.itd.info\/web\/\",\"name\":\"ITD\",\"description\":\"International Tek Diver\",\"publisher\":{\"@id\":\"https:\/\/www.itd.info\/web\/#organization\"},\"potentialAction\":[{\"@type\":\"SearchAction\",\"target\":{\"@type\":\"EntryPoint\",\"urlTemplate\":\"https:\/\/www.itd.info\/web\/?s={search_term_string}\"},\"query-input\":\"required name=search_term_string\"}],\"inLanguage\":\"de-DE\"},{\"@type\":\"WebPage\",\"@id\":\"https:\/\/www.itd.info\/web\/tauchlehrerkurse-2024\/#webpage\",\"url\":\"https:\/\/www.itd.info\/web\/tauchlehrerkurse-2024\/\",\"name\":\"Tauchlehrerkurse 2026 - ITD\",\"isPartOf\":{\"@id\":\"https:\/\/www.itd.info\/web\/#website\"},\"datePublished\":\"2021-06-23T12:43:51+00:00\",\"dateModified\":\"2026-01-17T22:53:36+00:00\",\"breadcrumb\":{\"@id\":\"https:\/\/www.itd.info\/web\/tauchlehrerkurse-2024\/#breadcrumb\"},\"inLanguage\":\"de-DE\",\"potentialAction\":[{\"@type\":\"ReadAction\",\"target\":[\"https:\/\/www.itd.info\/web\/tauchlehrerkurse-2024\/\"]}]},{\"@type\":\"BreadcrumbList\",\"@id\":\"https:\/\/www.itd.info\/web\/tauchlehrerkurse-2024\/#breadcrumb\",\"itemListElement\":[{\"@type\":\"ListItem\",\"position\":1,\"name\":\"Startseite\",\"item\":\"https:\/\/www.itd.info\/web\/\"},{\"@type\":\"ListItem\",\"position\":2,\"name\":\"Tauchlehrerkurse 2026\"}]}]}<\/script>\n<!-- \/ Yoast SEO plugin. -->","yoast_head_json":{"title":"Tauchlehrerkurse 2026 - ITD","robots":{"index":"index","follow":"follow","max-snippet":"max-snippet:-1","max-image-preview":"max-image-preview:large","max-video-preview":"max-video-preview:-1"},"canonical":"https:\/\/www.itd.info\/web\/tauchlehrerkurse-2024\/","og_locale":"de_DE","og_type":"article","og_title":"Tauchlehrerkurse 2026 - ITD","og_description":"Tauchlehrerkurse 2026 H\u00f6hlentauchen Tek Tauchsafari Tauchlehrerkurse 2026 TL 1, TL 2 und TL 3&nbsp;Kursangebote: Nitrox Diver und Nitrox Instructor Advanced Deep Diver und Advanced Deep Instructor alle Scuba Diver Stufen sowie Scooter, Side Mount und Solotauchen Ort: April bis Juli \/ Oktober \/ November 2026in Kamenz: Steinbruch \u201eSparmann\u201c Zeitraum: ca. 1 Woche f\u00fcr TL1-TL3 Pr\u00fcfungen ca. 2 Tage f\u00fcr Nitrox Instructor ca. 4 \u2013 5 Tage f\u00fcr Advanced Deep Instructor ca. 3 Tage Scuba Diver 1-3 ca. 1 Tag Nitrox Diver ca. 3 Tage Advanced Deep Diver sowie Scooter, Side Mount und Solotauchen ca. 2 Tage Deep Diver Die genaue\u2026","og_url":"https:\/\/www.itd.info\/web\/tauchlehrerkurse-2024\/","og_site_name":"ITD","article_modified_time":"2026-01-17T22:53:36+00:00","twitter_card":"summary_large_image","twitter_misc":{"Gesch\u00e4tzte Lesezeit":"2 Minuten"},"schema":{"@context":"https:\/\/schema.org","@graph":[{"@type":"Organization","@id":"https:\/\/www.itd.info\/web\/#organization","name":"ITD","url":"https:\/\/www.itd.info\/web\/","sameAs":[],"logo":{"@type":"ImageObject","@id":"https:\/\/www.itd.info\/web\/#logo","inLanguage":"de-DE","url":"https:\/\/www.itd.info\/web\/wp-content\/uploads\/2021\/06\/itd.jpg","contentUrl":"https:\/\/www.itd.info\/web\/wp-content\/uploads\/2021\/06\/itd.jpg","width":650,"height":409,"caption":"ITD"},"image":{"@id":"https:\/\/www.itd.info\/web\/#logo"}},{"@type":"WebSite","@id":"https:\/\/www.itd.info\/web\/#website","url":"https:\/\/www.itd.info\/web\/","name":"ITD","description":"International Tek Diver","publisher":{"@id":"https:\/\/www.itd.info\/web\/#organization"},"potentialAction":[{"@type":"SearchAction","target":{"@type":"EntryPoint","urlTemplate":"https:\/\/www.itd.info\/web\/?s={search_term_string}"},"query-input":"required name=search_term_string"}],"inLanguage":"de-DE"},{"@type":"WebPage","@id":"https:\/\/www.itd.info\/web\/tauchlehrerkurse-2024\/#webpage","url":"https:\/\/www.itd.info\/web\/tauchlehrerkurse-2024\/","name":"Tauchlehrerkurse 2026 - ITD","isPartOf":{"@id":"https:\/\/www.itd.info\/web\/#website"},"datePublished":"2021-06-23T12:43:51+00:00","dateModified":"2026-01-17T22:53:36+00:00","breadcrumb":{"@id":"https:\/\/www.itd.info\/web\/tauchlehrerkurse-2024\/#breadcrumb"},"inLanguage":"de-DE","potentialAction":[{"@type":"ReadAction","target":["https:\/\/www.itd.info\/web\/tauchlehrerkurse-2024\/"]}]},{"@type":"BreadcrumbList","@id":"https:\/\/www.itd.info\/web\/tauchlehrerkurse-2024\/#breadcrumb","itemListElement":[{"@type":"ListItem","position":1,"name":"Startseite","item":"https:\/\/www.itd.info\/web\/"},{"@type":"ListItem","position":2,"name":"Tauchlehrerkurse 2026"}]}]}},"_links":{"self":[{"href":"https:\/\/www.itd.info\/web\/wp-json\/wp\/v2\/pages\/34"}],"collection":[{"href":"https:\/\/www.itd.info\/web\/wp-json\/wp\/v2\/pages"}],"about":[{"href":"https:\/\/www.itd.info\/web\/wp-json\/wp\/v2\/types\/page"}],"author":[{"embeddable":true,"href":"https:\/\/www.itd.info\/web\/wp-json\/wp\/v2\/users\/1"}],"replies":[{"embeddable":true,"href":"https:\/\/www.itd.info\/web\/wp-json\/wp\/v2\/comments?post=34"}],"version-history":[{"count":19,"href":"https:\/\/www.itd.info\/web\/wp-json\/wp\/v2\/pages\/34\/revisions"}],"predecessor-version":[{"id":559,"href":"https:\/\/www.itd.info\/web\/wp-json\/wp\/v2\/pages\/34\/revisions\/559"}],"wp:attachment":[{"href":"https:\/\/www.itd.info\/web\/wp-json\/wp\/v2\/media?parent=34"}],"curies":[{"name":"wp","href":"https:\/\/api.w.org\/{rel}","templated":true}]}}