{"id":326,"date":"2021-06-23T20:24:51","date_gmt":"2021-06-23T18:24:51","guid":{"rendered":"https:\/\/www.itd.info\/web\/?page_id=326"},"modified":"2021-06-23T20:37:51","modified_gmt":"2021-06-23T18:37:51","slug":"semi-closed-rebreather-diver-tauchkurs-scr","status":"publish","type":"page","link":"https:\/\/www.itd.info\/web\/semi-closed-rebreather-diver-tauchkurs-scr\/","title":{"rendered":"Semi &#8211; Closed Rebreather Diver Tauchkurs (SCR)"},"content":{"rendered":"\n<div class=\"wp-block-columns\">\n<div class=\"wp-block-column\">\n<p class=\"has-text-align-center\"><a href=\"https:\/\/www.itd.info\/web\/semi-closed-rebreather-diver-tauchkurs-scr\/\">Semi &#8211; Closed Rebreather Diver Tauchkurs (SCR)<\/a><\/p>\n<\/div>\n\n\n\n<div class=\"wp-block-column\">\n<p class=\"has-text-align-center\"><a href=\"https:\/\/www.itd.info\/web\/2021\/06\/23\/closed-circuit-rebreather-diver-tauchkurs-ccr\/\">Closed &#8211; Circuit Rebreather Diver Tauchkurs (CCR)<\/a><\/p>\n<\/div>\n<\/div>\n\n\n\n<div class=\"wp-block-columns\">\n<div class=\"wp-block-column\" style=\"flex-basis:80%\">\n<h2 class=\"has-text-align-center\">Semi &#8211; Closed Rebreather Diver Tauchkurs (SCR)<\/h2>\n\n\n\n<div class=\"wp-block-image is-style-default\"><figure class=\"aligncenter size-full\"><img loading=\"lazy\" width=\"300\" height=\"294\" src=\"https:\/\/www.itd.info\/web\/wp-content\/uploads\/2021\/06\/rebr01.png\" alt=\"\" class=\"wp-image-333\"\/><\/figure><\/div>\n\n\n\n<h5 class=\"has-text-align-center\">Einf\u00fchrung<\/h5>\n\n\n\n<p class=\"has-text-align-center\"><br>Dem Taucher werden Kenntnisse und F\u00e4higkeiten im Umgang der notwendigen Technik und der Durchf\u00fchrung von Tauchg\u00e4ngen vermittelt, um gefahrlos Tauchg\u00e4nge mit einem halbgeschlossenen Kreislauftauchger\u00e4t durchf\u00fchren zu k\u00f6nnen.<\/p>\n\n\n\n<h5 class=\"has-text-align-center\">Voraussetzungen:<\/h5>\n\n\n\n<ul><li>ITD Nitrox Diver oder \u00e4quivalent<\/li><li>Mindestalter 18 Jahre<\/li><li>g\u00fcltige Tauchtauglichkeitsbescheinigung<\/li><li>50 Tauchg\u00e4nge<\/li><\/ul>\n\n\n\n<h5 class=\"has-text-align-center\">Kursinhalt Theorie:<\/h5>\n\n\n\n<ul><li>Rebreather- wie funktioniert er?<\/li><li>Bauteile SCR<\/li><li>Atemkalk<\/li><li>F\u00fcllen des Atemkalks<\/li><li>Die Montage<\/li><li>Gaswert Berechnung<\/li><li>Checks<\/li><li>Leckage<\/li><li>Gasverbrauch &amp; D\u00fcsen<\/li><li>Wartung &amp; Lagerung<\/li><\/ul>\n\n\n\n<h5 class=\"has-text-align-center\">Kursinhalt Praxis:<\/h5>\n\n\n\n<ul><li>min. 4 Tauchg\u00e4nge<\/li><li>Zusammenbau des Rebreathers<\/li><li>es werden nur Nullzeit Tauchg\u00e4nge gemacht<\/li><li>diverse \u00dcbungen wie z.B. Wechselatmung und Einsatz von Bail Out Systemen<\/li><\/ul>\n<\/div>\n\n\n\n<div class=\"wp-block-column\" style=\"flex-basis:20%\"><div id='1' class='widgets_on_page wop_tiny1  wop_small1  wop_medium1  wop_large1  wop_wide1'>\n\t\t\t<ul><li id=\"media_image-9\" class=\"widget widget_media_image\"><img width=\"1\" height=\"1\" src=\"https:\/\/www.itd.info\/web\/wp-content\/uploads\/2021\/06\/blank.png\" class=\"image wp-image-400  attachment-20x20 size-20x20\" alt=\"\" loading=\"lazy\" style=\"max-width: 100%; height: auto;\" \/><\/li><li id=\"media_image-3\" class=\"widget widget_media_image\"><a href=\"https:\/\/www.ipdi2002.org\/\"><img width=\"140\" height=\"140\" src=\"https:\/\/www.itd.info\/web\/wp-content\/uploads\/2021\/06\/IPDI-klein.png\" class=\"image wp-image-59  attachment-full size-full\" alt=\"\" loading=\"lazy\" style=\"max-width: 100%; height: auto;\" \/><\/a><\/li><li id=\"media_image-8\" class=\"widget widget_media_image\"><img width=\"1\" height=\"1\" src=\"https:\/\/www.itd.info\/web\/wp-content\/uploads\/2021\/06\/blank.png\" class=\"image wp-image-400  attachment-20x20 size-20x20\" alt=\"\" loading=\"lazy\" style=\"max-width: 100%; height: auto;\" \/><\/li><li id=\"media_image-4\" class=\"widget widget_media_image\"><a href=\"http:\/\/www.bonex-systeme.de\/\"><img width=\"140\" height=\"71\" src=\"https:\/\/www.itd.info\/web\/wp-content\/uploads\/2021\/06\/Logo-bonex-300x153.png\" class=\"image wp-image-60  attachment-140x71 size-140x71\" alt=\"\" loading=\"lazy\" style=\"max-width: 100%; height: auto;\" srcset=\"https:\/\/www.itd.info\/web\/wp-content\/uploads\/2021\/06\/Logo-bonex-300x153.png 300w, https:\/\/www.itd.info\/web\/wp-content\/uploads\/2021\/06\/Logo-bonex-1024x523.png 1024w, https:\/\/www.itd.info\/web\/wp-content\/uploads\/2021\/06\/Logo-bonex-768x392.png 768w, https:\/\/www.itd.info\/web\/wp-content\/uploads\/2021\/06\/Logo-bonex.png 1346w\" sizes=\"(max-width: 140px) 100vw, 140px\" \/><\/a><\/li><li id=\"media_image-10\" class=\"widget widget_media_image\"><img width=\"1\" height=\"1\" src=\"https:\/\/www.itd.info\/web\/wp-content\/uploads\/2021\/06\/blank.png\" class=\"image wp-image-400  attachment-20x20 size-20x20\" alt=\"\" loading=\"lazy\" style=\"max-width: 100%; height: auto;\" \/><\/li><li id=\"media_image-5\" class=\"widget widget_media_image\"><a href=\"https:\/\/ks-tauchtechnik.de\/\"><img width=\"140\" height=\"140\" src=\"https:\/\/www.itd.info\/web\/wp-content\/uploads\/2021\/06\/Logo-ksTauchtechnik-150x150.png\" class=\"image wp-image-61  attachment-140x140 size-140x140\" alt=\"\" loading=\"lazy\" style=\"max-width: 100%; height: auto;\" srcset=\"https:\/\/www.itd.info\/web\/wp-content\/uploads\/2021\/06\/Logo-ksTauchtechnik-150x150.png 150w, https:\/\/www.itd.info\/web\/wp-content\/uploads\/2021\/06\/Logo-ksTauchtechnik-300x300.png 300w, https:\/\/www.itd.info\/web\/wp-content\/uploads\/2021\/06\/Logo-ksTauchtechnik.png 760w\" sizes=\"(max-width: 140px) 100vw, 140px\" \/><\/a><\/li><li id=\"media_image-11\" class=\"widget widget_media_image\"><img width=\"1\" height=\"1\" src=\"https:\/\/www.itd.info\/web\/wp-content\/uploads\/2021\/06\/blank.png\" class=\"image wp-image-400  attachment-20x20 size-20x20\" alt=\"\" loading=\"lazy\" style=\"max-width: 100%; height: auto;\" \/><\/li><li id=\"media_image-6\" class=\"widget widget_media_image\"><a href=\"https:\/\/www.tek-diver-shop.de\/\"><img width=\"2560\" height=\"1157\" src=\"https:\/\/www.itd.info\/web\/wp-content\/uploads\/2024\/08\/LogoHTD-neu-2024-Original-scaled.jpg\" class=\"image wp-image-549  attachment-full size-full\" alt=\"\" loading=\"lazy\" style=\"max-width: 100%; height: auto;\" srcset=\"https:\/\/www.itd.info\/web\/wp-content\/uploads\/2024\/08\/LogoHTD-neu-2024-Original-scaled.jpg 2560w, https:\/\/www.itd.info\/web\/wp-content\/uploads\/2024\/08\/LogoHTD-neu-2024-Original-300x136.jpg 300w, https:\/\/www.itd.info\/web\/wp-content\/uploads\/2024\/08\/LogoHTD-neu-2024-Original-1024x463.jpg 1024w, https:\/\/www.itd.info\/web\/wp-content\/uploads\/2024\/08\/LogoHTD-neu-2024-Original-768x347.jpg 768w, https:\/\/www.itd.info\/web\/wp-content\/uploads\/2024\/08\/LogoHTD-neu-2024-Original-1536x694.jpg 1536w, https:\/\/www.itd.info\/web\/wp-content\/uploads\/2024\/08\/LogoHTD-neu-2024-Original-2048x925.jpg 2048w\" sizes=\"(max-width: 2560px) 100vw, 2560px\" \/><\/a><\/li><li id=\"media_image-12\" class=\"widget widget_media_image\"><img width=\"1\" height=\"1\" src=\"https:\/\/www.itd.info\/web\/wp-content\/uploads\/2021\/06\/blank.png\" class=\"image wp-image-400  attachment-20x20 size-20x20\" alt=\"\" loading=\"lazy\" style=\"max-width: 100%; height: auto;\" \/><\/li><li id=\"media_image-7\" class=\"widget widget_media_image\"><a href=\"https:\/\/www.bluemarlin-redsea.com\/\"><img width=\"140\" height=\"160\" src=\"https:\/\/www.itd.info\/web\/wp-content\/uploads\/2021\/06\/Logo_dtd-262x300.png\" class=\"image wp-image-89  attachment-140x160 size-140x160\" alt=\"\" loading=\"lazy\" style=\"max-width: 100%; height: auto;\" srcset=\"https:\/\/www.itd.info\/web\/wp-content\/uploads\/2021\/06\/Logo_dtd-262x300.png 262w, https:\/\/www.itd.info\/web\/wp-content\/uploads\/2021\/06\/Logo_dtd.png 616w\" sizes=\"(max-width: 140px) 100vw, 140px\" \/><\/a><\/li><\/ul><\/div><!-- widgets_on_page -->\n<\/div>\n<\/div>\n\n\n\n<p class=\"has-text-align-right\"><a href=\"https:\/\/www.itd.info\/web\/rebreather-einfuehrung\/\">weiter lesen<\/a><\/p>\n","protected":false},"excerpt":{"rendered":"<p>Semi &#8211; Closed Rebreather Diver Tauchkurs (SCR) Closed &#8211; Circuit Rebreather Diver Tauchkurs (CCR) Semi &#8211; Closed Rebreather Diver Tauchkurs (SCR) Einf\u00fchrung Dem Taucher werden Kenntnisse und F\u00e4higkeiten im Umgang der notwendigen Technik und der Durchf\u00fchrung von Tauchg\u00e4ngen vermittelt, um gefahrlos Tauchg\u00e4nge mit einem halbgeschlossenen Kreislauftauchger\u00e4t durchf\u00fchren zu k\u00f6nnen. Voraussetzungen: ITD Nitrox Diver oder \u00e4quivalent Mindestalter 18 Jahre g\u00fcltige Tauchtauglichkeitsbescheinigung 50 Tauchg\u00e4nge Kursinhalt Theorie: Rebreather- wie funktioniert er? Bauteile SCR Atemkalk F\u00fcllen des Atemkalks Die Montage Gaswert Berechnung Checks Leckage Gasverbrauch &amp; D\u00fcsen Wartung &amp; Lagerung Kursinhalt Praxis: min. 4 Tauchg\u00e4nge Zusammenbau des Rebreathers es werden nur Nullzeit Tauchg\u00e4nge gemacht\u2026<\/p>\n","protected":false},"author":1,"featured_media":0,"parent":0,"menu_order":0,"comment_status":"closed","ping_status":"closed","template":"","meta":[],"blocksy_meta":{"styles_descriptor":{"styles":{"desktop":"","tablet":"","mobile":""},"google_fonts":[]}},"yoast_head":"<!-- This site is optimized with the Yoast SEO plugin v18.4.1 - https:\/\/yoast.com\/wordpress\/plugins\/seo\/ -->\n<title>Semi - Closed Rebreather Diver Tauchkurs (SCR) - ITD<\/title>\n<meta name=\"robots\" content=\"index, follow, max-snippet:-1, max-image-preview:large, max-video-preview:-1\" \/>\n<link rel=\"canonical\" href=\"https:\/\/www.itd.info\/web\/semi-closed-rebreather-diver-tauchkurs-scr\/\" \/>\n<meta property=\"og:locale\" content=\"de_DE\" \/>\n<meta property=\"og:type\" content=\"article\" \/>\n<meta property=\"og:title\" content=\"Semi - Closed Rebreather Diver Tauchkurs (SCR) - ITD\" \/>\n<meta property=\"og:description\" content=\"Semi &#8211; Closed Rebreather Diver Tauchkurs (SCR) Closed &#8211; Circuit Rebreather Diver Tauchkurs (CCR) Semi &#8211; Closed Rebreather Diver Tauchkurs (SCR) Einf\u00fchrung Dem Taucher werden Kenntnisse und F\u00e4higkeiten im Umgang der notwendigen Technik und der Durchf\u00fchrung von Tauchg\u00e4ngen vermittelt, um gefahrlos Tauchg\u00e4nge mit einem halbgeschlossenen Kreislauftauchger\u00e4t durchf\u00fchren zu k\u00f6nnen. Voraussetzungen: ITD Nitrox Diver oder \u00e4quivalent Mindestalter 18 Jahre g\u00fcltige Tauchtauglichkeitsbescheinigung 50 Tauchg\u00e4nge Kursinhalt Theorie: Rebreather- wie funktioniert er? Bauteile SCR Atemkalk F\u00fcllen des Atemkalks Die Montage Gaswert Berechnung Checks Leckage Gasverbrauch &amp; D\u00fcsen Wartung &amp; Lagerung Kursinhalt Praxis: min. 4 Tauchg\u00e4nge Zusammenbau des Rebreathers es werden nur Nullzeit Tauchg\u00e4nge gemacht\u2026\" \/>\n<meta property=\"og:url\" content=\"https:\/\/www.itd.info\/web\/semi-closed-rebreather-diver-tauchkurs-scr\/\" \/>\n<meta property=\"og:site_name\" content=\"ITD\" \/>\n<meta property=\"article:modified_time\" content=\"2021-06-23T18:37:51+00:00\" \/>\n<meta property=\"og:image\" content=\"https:\/\/www.itd.info\/web\/wp-content\/uploads\/2021\/06\/rebr01.png\" \/>\n<meta name=\"twitter:card\" content=\"summary_large_image\" \/>\n<meta name=\"twitter:label1\" content=\"Gesch\u00e4tzte Lesezeit\" \/>\n\t<meta name=\"twitter:data1\" content=\"1 Minute\" \/>\n<script type=\"application\/ld+json\" class=\"yoast-schema-graph\">{\"@context\":\"https:\/\/schema.org\",\"@graph\":[{\"@type\":\"Organization\",\"@id\":\"https:\/\/www.itd.info\/web\/#organization\",\"name\":\"ITD\",\"url\":\"https:\/\/www.itd.info\/web\/\",\"sameAs\":[],\"logo\":{\"@type\":\"ImageObject\",\"@id\":\"https:\/\/www.itd.info\/web\/#logo\",\"inLanguage\":\"de-DE\",\"url\":\"https:\/\/www.itd.info\/web\/wp-content\/uploads\/2021\/06\/itd.jpg\",\"contentUrl\":\"https:\/\/www.itd.info\/web\/wp-content\/uploads\/2021\/06\/itd.jpg\",\"width\":650,\"height\":409,\"caption\":\"ITD\"},\"image\":{\"@id\":\"https:\/\/www.itd.info\/web\/#logo\"}},{\"@type\":\"WebSite\",\"@id\":\"https:\/\/www.itd.info\/web\/#website\",\"url\":\"https:\/\/www.itd.info\/web\/\",\"name\":\"ITD\",\"description\":\"International Tek Diver\",\"publisher\":{\"@id\":\"https:\/\/www.itd.info\/web\/#organization\"},\"potentialAction\":[{\"@type\":\"SearchAction\",\"target\":{\"@type\":\"EntryPoint\",\"urlTemplate\":\"https:\/\/www.itd.info\/web\/?s={search_term_string}\"},\"query-input\":\"required name=search_term_string\"}],\"inLanguage\":\"de-DE\"},{\"@type\":\"ImageObject\",\"@id\":\"https:\/\/www.itd.info\/web\/semi-closed-rebreather-diver-tauchkurs-scr\/#primaryimage\",\"inLanguage\":\"de-DE\",\"url\":\"https:\/\/www.itd.info\/web\/wp-content\/uploads\/2021\/06\/rebr01.png\",\"contentUrl\":\"https:\/\/www.itd.info\/web\/wp-content\/uploads\/2021\/06\/rebr01.png\",\"width\":300,\"height\":294},{\"@type\":\"WebPage\",\"@id\":\"https:\/\/www.itd.info\/web\/semi-closed-rebreather-diver-tauchkurs-scr\/#webpage\",\"url\":\"https:\/\/www.itd.info\/web\/semi-closed-rebreather-diver-tauchkurs-scr\/\",\"name\":\"Semi - Closed Rebreather Diver Tauchkurs (SCR) - ITD\",\"isPartOf\":{\"@id\":\"https:\/\/www.itd.info\/web\/#website\"},\"primaryImageOfPage\":{\"@id\":\"https:\/\/www.itd.info\/web\/semi-closed-rebreather-diver-tauchkurs-scr\/#primaryimage\"},\"datePublished\":\"2021-06-23T18:24:51+00:00\",\"dateModified\":\"2021-06-23T18:37:51+00:00\",\"breadcrumb\":{\"@id\":\"https:\/\/www.itd.info\/web\/semi-closed-rebreather-diver-tauchkurs-scr\/#breadcrumb\"},\"inLanguage\":\"de-DE\",\"potentialAction\":[{\"@type\":\"ReadAction\",\"target\":[\"https:\/\/www.itd.info\/web\/semi-closed-rebreather-diver-tauchkurs-scr\/\"]}]},{\"@type\":\"BreadcrumbList\",\"@id\":\"https:\/\/www.itd.info\/web\/semi-closed-rebreather-diver-tauchkurs-scr\/#breadcrumb\",\"itemListElement\":[{\"@type\":\"ListItem\",\"position\":1,\"name\":\"Startseite\",\"item\":\"https:\/\/www.itd.info\/web\/\"},{\"@type\":\"ListItem\",\"position\":2,\"name\":\"Semi &#8211; Closed Rebreather Diver Tauchkurs (SCR)\"}]}]}<\/script>\n<!-- \/ Yoast SEO plugin. -->","yoast_head_json":{"title":"Semi - Closed Rebreather Diver Tauchkurs (SCR) - ITD","robots":{"index":"index","follow":"follow","max-snippet":"max-snippet:-1","max-image-preview":"max-image-preview:large","max-video-preview":"max-video-preview:-1"},"canonical":"https:\/\/www.itd.info\/web\/semi-closed-rebreather-diver-tauchkurs-scr\/","og_locale":"de_DE","og_type":"article","og_title":"Semi - Closed Rebreather Diver Tauchkurs (SCR) - ITD","og_description":"Semi &#8211; Closed Rebreather Diver Tauchkurs (SCR) Closed &#8211; Circuit Rebreather Diver Tauchkurs (CCR) Semi &#8211; Closed Rebreather Diver Tauchkurs (SCR) Einf\u00fchrung Dem Taucher werden Kenntnisse und F\u00e4higkeiten im Umgang der notwendigen Technik und der Durchf\u00fchrung von Tauchg\u00e4ngen vermittelt, um gefahrlos Tauchg\u00e4nge mit einem halbgeschlossenen Kreislauftauchger\u00e4t durchf\u00fchren zu k\u00f6nnen. Voraussetzungen: ITD Nitrox Diver oder \u00e4quivalent Mindestalter 18 Jahre g\u00fcltige Tauchtauglichkeitsbescheinigung 50 Tauchg\u00e4nge Kursinhalt Theorie: Rebreather- wie funktioniert er? Bauteile SCR Atemkalk F\u00fcllen des Atemkalks Die Montage Gaswert Berechnung Checks Leckage Gasverbrauch &amp; D\u00fcsen Wartung &amp; Lagerung Kursinhalt Praxis: min. 4 Tauchg\u00e4nge Zusammenbau des Rebreathers es werden nur Nullzeit Tauchg\u00e4nge gemacht\u2026","og_url":"https:\/\/www.itd.info\/web\/semi-closed-rebreather-diver-tauchkurs-scr\/","og_site_name":"ITD","article_modified_time":"2021-06-23T18:37:51+00:00","og_image":[{"url":"https:\/\/www.itd.info\/web\/wp-content\/uploads\/2021\/06\/rebr01.png"}],"twitter_card":"summary_large_image","twitter_misc":{"Gesch\u00e4tzte Lesezeit":"1 Minute"},"schema":{"@context":"https:\/\/schema.org","@graph":[{"@type":"Organization","@id":"https:\/\/www.itd.info\/web\/#organization","name":"ITD","url":"https:\/\/www.itd.info\/web\/","sameAs":[],"logo":{"@type":"ImageObject","@id":"https:\/\/www.itd.info\/web\/#logo","inLanguage":"de-DE","url":"https:\/\/www.itd.info\/web\/wp-content\/uploads\/2021\/06\/itd.jpg","contentUrl":"https:\/\/www.itd.info\/web\/wp-content\/uploads\/2021\/06\/itd.jpg","width":650,"height":409,"caption":"ITD"},"image":{"@id":"https:\/\/www.itd.info\/web\/#logo"}},{"@type":"WebSite","@id":"https:\/\/www.itd.info\/web\/#website","url":"https:\/\/www.itd.info\/web\/","name":"ITD","description":"International Tek Diver","publisher":{"@id":"https:\/\/www.itd.info\/web\/#organization"},"potentialAction":[{"@type":"SearchAction","target":{"@type":"EntryPoint","urlTemplate":"https:\/\/www.itd.info\/web\/?s={search_term_string}"},"query-input":"required name=search_term_string"}],"inLanguage":"de-DE"},{"@type":"ImageObject","@id":"https:\/\/www.itd.info\/web\/semi-closed-rebreather-diver-tauchkurs-scr\/#primaryimage","inLanguage":"de-DE","url":"https:\/\/www.itd.info\/web\/wp-content\/uploads\/2021\/06\/rebr01.png","contentUrl":"https:\/\/www.itd.info\/web\/wp-content\/uploads\/2021\/06\/rebr01.png","width":300,"height":294},{"@type":"WebPage","@id":"https:\/\/www.itd.info\/web\/semi-closed-rebreather-diver-tauchkurs-scr\/#webpage","url":"https:\/\/www.itd.info\/web\/semi-closed-rebreather-diver-tauchkurs-scr\/","name":"Semi - Closed Rebreather Diver Tauchkurs (SCR) - ITD","isPartOf":{"@id":"https:\/\/www.itd.info\/web\/#website"},"primaryImageOfPage":{"@id":"https:\/\/www.itd.info\/web\/semi-closed-rebreather-diver-tauchkurs-scr\/#primaryimage"},"datePublished":"2021-06-23T18:24:51+00:00","dateModified":"2021-06-23T18:37:51+00:00","breadcrumb":{"@id":"https:\/\/www.itd.info\/web\/semi-closed-rebreather-diver-tauchkurs-scr\/#breadcrumb"},"inLanguage":"de-DE","potentialAction":[{"@type":"ReadAction","target":["https:\/\/www.itd.info\/web\/semi-closed-rebreather-diver-tauchkurs-scr\/"]}]},{"@type":"BreadcrumbList","@id":"https:\/\/www.itd.info\/web\/semi-closed-rebreather-diver-tauchkurs-scr\/#breadcrumb","itemListElement":[{"@type":"ListItem","position":1,"name":"Startseite","item":"https:\/\/www.itd.info\/web\/"},{"@type":"ListItem","position":2,"name":"Semi &#8211; Closed Rebreather Diver Tauchkurs (SCR)"}]}]}},"_links":{"self":[{"href":"https:\/\/www.itd.info\/web\/wp-json\/wp\/v2\/pages\/326"}],"collection":[{"href":"https:\/\/www.itd.info\/web\/wp-json\/wp\/v2\/pages"}],"about":[{"href":"https:\/\/www.itd.info\/web\/wp-json\/wp\/v2\/types\/page"}],"author":[{"embeddable":true,"href":"https:\/\/www.itd.info\/web\/wp-json\/wp\/v2\/users\/1"}],"replies":[{"embeddable":true,"href":"https:\/\/www.itd.info\/web\/wp-json\/wp\/v2\/comments?post=326"}],"version-history":[{"count":3,"href":"https:\/\/www.itd.info\/web\/wp-json\/wp\/v2\/pages\/326\/revisions"}],"predecessor-version":[{"id":338,"href":"https:\/\/www.itd.info\/web\/wp-json\/wp\/v2\/pages\/326\/revisions\/338"}],"wp:attachment":[{"href":"https:\/\/www.itd.info\/web\/wp-json\/wp\/v2\/media?parent=326"}],"curies":[{"name":"wp","href":"https:\/\/api.w.org\/{rel}","templated":true}]}}