{"id":32,"date":"2021-06-23T14:41:33","date_gmt":"2021-06-23T12:41:33","guid":{"rendered":"https:\/\/www.itd.info\/web\/?page_id=32"},"modified":"2021-06-23T16:18:26","modified_gmt":"2021-06-23T14:18:26","slug":"ueber-itd","status":"publish","type":"page","link":"https:\/\/www.itd.info\/web\/ueber-itd\/","title":{"rendered":"\u00dcber uns"},"content":{"rendered":"\n<div class=\"wp-block-columns\">\n<div class=\"wp-block-column\" style=\"flex-basis:80%\">\n<p class=\"has-text-align-center\">ITD arbeitet nach europ\u00e4ischen Standards und wurde 1996 in M\u00fcnchen aus einem Kreis international t\u00e4tigen technischen Tauchlehrern gegr\u00fcndet.<br><\/p>\n\n\n\n<p class=\"has-text-align-center\">Unser Ziel ist es, technische Tauchausbildung auf einem h\u00f6chstm\u00f6glichen Niveau anzubieten. Die L\u00f6sung unsererseits liegt im Ausbildungssystem. Jeder Folgekurs baut auf den vorangegangenen direkt auf.<br>Die Theorie und Praxis sind jeweils in sich abgeschlossen und stellen eine eigene Einheit dar. Dadurch entsteht kein ewiges Wiederholen von Grundkenntnissen. Wir legen dabei sehr gro\u00dfen Wert auf die individuelle Betreuung jedes einzelnen Kursteilnehmers, so dass wir bei entsprechender Mitwirkung des Tauchsch\u00fclers den Erfolg garantieren.<\/p>\n\n\n\n<figure class=\"wp-block-gallery columns-3 is-cropped\"><ul class=\"blocks-gallery-grid\"><li class=\"blocks-gallery-item\"><figure><img loading=\"lazy\" width=\"420\" height=\"291\" src=\"https:\/\/www.itd.info\/web\/wp-content\/uploads\/2021\/06\/ITD3.png\" alt=\"\" data-id=\"66\" data-full-url=\"https:\/\/www.itd.info\/web\/wp-content\/uploads\/2021\/06\/ITD3.png\" data-link=\"https:\/\/www.itd.info\/web\/ueber-itd\/itd3\/\" class=\"wp-image-66\" srcset=\"https:\/\/www.itd.info\/web\/wp-content\/uploads\/2021\/06\/ITD3.png 420w, https:\/\/www.itd.info\/web\/wp-content\/uploads\/2021\/06\/ITD3-300x208.png 300w\" sizes=\"(max-width: 420px) 100vw, 420px\" \/><\/figure><\/li><li class=\"blocks-gallery-item\"><figure><img loading=\"lazy\" width=\"206\" height=\"260\" src=\"https:\/\/www.itd.info\/web\/wp-content\/uploads\/2021\/06\/ITD1.png\" alt=\"\" data-id=\"64\" data-full-url=\"https:\/\/www.itd.info\/web\/wp-content\/uploads\/2021\/06\/ITD1.png\" data-link=\"https:\/\/www.itd.info\/web\/ueber-itd\/itd1\/\" class=\"wp-image-64\"\/><\/figure><\/li><li class=\"blocks-gallery-item\"><figure><img loading=\"lazy\" width=\"206\" height=\"260\" src=\"https:\/\/www.itd.info\/web\/wp-content\/uploads\/2021\/06\/ITD2.png\" alt=\"\" data-id=\"65\" data-full-url=\"https:\/\/www.itd.info\/web\/wp-content\/uploads\/2021\/06\/ITD2.png\" data-link=\"https:\/\/www.itd.info\/web\/ueber-itd\/itd2\/\" class=\"wp-image-65\"\/><\/figure><\/li><\/ul><\/figure>\n<\/div>\n\n\n\n<div class=\"wp-block-column\" style=\"flex-basis:20%\"><div id='1' class='widgets_on_page wop_tiny1  wop_small1  wop_medium1  wop_large1  wop_wide1'>\n\t\t\t<ul><li id=\"media_image-9\" class=\"widget widget_media_image\"><img width=\"1\" height=\"1\" src=\"https:\/\/www.itd.info\/web\/wp-content\/uploads\/2021\/06\/blank.png\" class=\"image wp-image-400  attachment-20x20 size-20x20\" alt=\"\" loading=\"lazy\" style=\"max-width: 100%; height: auto;\" \/><\/li><li id=\"media_image-3\" class=\"widget widget_media_image\"><a href=\"https:\/\/www.ipdi2002.org\/\"><img width=\"140\" height=\"140\" src=\"https:\/\/www.itd.info\/web\/wp-content\/uploads\/2021\/06\/IPDI-klein.png\" class=\"image wp-image-59  attachment-full size-full\" alt=\"\" loading=\"lazy\" style=\"max-width: 100%; height: auto;\" \/><\/a><\/li><li id=\"media_image-8\" class=\"widget widget_media_image\"><img width=\"1\" height=\"1\" src=\"https:\/\/www.itd.info\/web\/wp-content\/uploads\/2021\/06\/blank.png\" class=\"image wp-image-400  attachment-20x20 size-20x20\" alt=\"\" loading=\"lazy\" style=\"max-width: 100%; height: auto;\" \/><\/li><li id=\"media_image-4\" class=\"widget widget_media_image\"><a href=\"http:\/\/www.bonex-systeme.de\/\"><img width=\"140\" height=\"71\" src=\"https:\/\/www.itd.info\/web\/wp-content\/uploads\/2021\/06\/Logo-bonex-300x153.png\" class=\"image wp-image-60  attachment-140x71 size-140x71\" alt=\"\" loading=\"lazy\" style=\"max-width: 100%; height: auto;\" srcset=\"https:\/\/www.itd.info\/web\/wp-content\/uploads\/2021\/06\/Logo-bonex-300x153.png 300w, https:\/\/www.itd.info\/web\/wp-content\/uploads\/2021\/06\/Logo-bonex-1024x523.png 1024w, https:\/\/www.itd.info\/web\/wp-content\/uploads\/2021\/06\/Logo-bonex-768x392.png 768w, https:\/\/www.itd.info\/web\/wp-content\/uploads\/2021\/06\/Logo-bonex.png 1346w\" sizes=\"(max-width: 140px) 100vw, 140px\" \/><\/a><\/li><li id=\"media_image-10\" class=\"widget widget_media_image\"><img width=\"1\" height=\"1\" src=\"https:\/\/www.itd.info\/web\/wp-content\/uploads\/2021\/06\/blank.png\" class=\"image wp-image-400  attachment-20x20 size-20x20\" alt=\"\" loading=\"lazy\" style=\"max-width: 100%; height: auto;\" \/><\/li><li id=\"media_image-5\" class=\"widget widget_media_image\"><a href=\"https:\/\/ks-tauchtechnik.de\/\"><img width=\"140\" height=\"140\" src=\"https:\/\/www.itd.info\/web\/wp-content\/uploads\/2021\/06\/Logo-ksTauchtechnik-150x150.png\" class=\"image wp-image-61  attachment-140x140 size-140x140\" alt=\"\" loading=\"lazy\" style=\"max-width: 100%; height: auto;\" srcset=\"https:\/\/www.itd.info\/web\/wp-content\/uploads\/2021\/06\/Logo-ksTauchtechnik-150x150.png 150w, https:\/\/www.itd.info\/web\/wp-content\/uploads\/2021\/06\/Logo-ksTauchtechnik-300x300.png 300w, https:\/\/www.itd.info\/web\/wp-content\/uploads\/2021\/06\/Logo-ksTauchtechnik.png 760w\" sizes=\"(max-width: 140px) 100vw, 140px\" \/><\/a><\/li><li id=\"media_image-11\" class=\"widget widget_media_image\"><img width=\"1\" height=\"1\" src=\"https:\/\/www.itd.info\/web\/wp-content\/uploads\/2021\/06\/blank.png\" class=\"image wp-image-400  attachment-20x20 size-20x20\" alt=\"\" loading=\"lazy\" style=\"max-width: 100%; height: auto;\" \/><\/li><li id=\"media_image-6\" class=\"widget widget_media_image\"><a href=\"https:\/\/www.tek-diver-shop.de\/\"><img width=\"2560\" height=\"1157\" src=\"https:\/\/www.itd.info\/web\/wp-content\/uploads\/2024\/08\/LogoHTD-neu-2024-Original-scaled.jpg\" class=\"image wp-image-549  attachment-full size-full\" alt=\"\" loading=\"lazy\" style=\"max-width: 100%; height: auto;\" srcset=\"https:\/\/www.itd.info\/web\/wp-content\/uploads\/2024\/08\/LogoHTD-neu-2024-Original-scaled.jpg 2560w, https:\/\/www.itd.info\/web\/wp-content\/uploads\/2024\/08\/LogoHTD-neu-2024-Original-300x136.jpg 300w, https:\/\/www.itd.info\/web\/wp-content\/uploads\/2024\/08\/LogoHTD-neu-2024-Original-1024x463.jpg 1024w, https:\/\/www.itd.info\/web\/wp-content\/uploads\/2024\/08\/LogoHTD-neu-2024-Original-768x347.jpg 768w, https:\/\/www.itd.info\/web\/wp-content\/uploads\/2024\/08\/LogoHTD-neu-2024-Original-1536x694.jpg 1536w, https:\/\/www.itd.info\/web\/wp-content\/uploads\/2024\/08\/LogoHTD-neu-2024-Original-2048x925.jpg 2048w\" sizes=\"(max-width: 2560px) 100vw, 2560px\" \/><\/a><\/li><li id=\"media_image-12\" class=\"widget widget_media_image\"><img width=\"1\" height=\"1\" src=\"https:\/\/www.itd.info\/web\/wp-content\/uploads\/2021\/06\/blank.png\" class=\"image wp-image-400  attachment-20x20 size-20x20\" alt=\"\" loading=\"lazy\" style=\"max-width: 100%; height: auto;\" \/><\/li><li id=\"media_image-7\" class=\"widget widget_media_image\"><a href=\"https:\/\/www.bluemarlin-redsea.com\/\"><img width=\"140\" height=\"160\" src=\"https:\/\/www.itd.info\/web\/wp-content\/uploads\/2021\/06\/Logo_dtd-262x300.png\" class=\"image wp-image-89  attachment-140x160 size-140x160\" alt=\"\" loading=\"lazy\" style=\"max-width: 100%; height: auto;\" srcset=\"https:\/\/www.itd.info\/web\/wp-content\/uploads\/2021\/06\/Logo_dtd-262x300.png 262w, https:\/\/www.itd.info\/web\/wp-content\/uploads\/2021\/06\/Logo_dtd.png 616w\" sizes=\"(max-width: 140px) 100vw, 140px\" \/><\/a><\/li><\/ul><\/div><!-- widgets_on_page -->\n<\/div>\n<\/div>\n\n\n\n<p class=\"has-text-align-center\"><\/p>\n\n\n\n<div style=\"height:100px\" aria-hidden=\"true\" class=\"wp-block-spacer\"><\/div>\n","protected":false},"excerpt":{"rendered":"<p>ITD arbeitet nach europ\u00e4ischen Standards und wurde 1996 in M\u00fcnchen aus einem Kreis international t\u00e4tigen technischen Tauchlehrern gegr\u00fcndet. Unser Ziel ist es, technische Tauchausbildung auf einem h\u00f6chstm\u00f6glichen Niveau anzubieten. Die L\u00f6sung unsererseits liegt im Ausbildungssystem. Jeder Folgekurs baut auf den vorangegangenen direkt auf.Die Theorie und Praxis sind jeweils in sich abgeschlossen und stellen eine eigene Einheit dar. Dadurch entsteht kein ewiges Wiederholen von Grundkenntnissen. Wir legen dabei sehr gro\u00dfen Wert auf die individuelle Betreuung jedes einzelnen Kursteilnehmers, so dass wir bei entsprechender Mitwirkung des Tauchsch\u00fclers den Erfolg garantieren.<\/p>\n","protected":false},"author":1,"featured_media":0,"parent":0,"menu_order":0,"comment_status":"closed","ping_status":"closed","template":"","meta":[],"blocksy_meta":{"styles_descriptor":{"styles":{"desktop":"","tablet":"","mobile":""},"google_fonts":[]}},"yoast_head":"<!-- This site is optimized with the Yoast SEO plugin v18.4.1 - https:\/\/yoast.com\/wordpress\/plugins\/seo\/ -->\n<title>\u00dcber uns - ITD<\/title>\n<meta name=\"robots\" content=\"index, follow, max-snippet:-1, max-image-preview:large, max-video-preview:-1\" \/>\n<link rel=\"canonical\" href=\"https:\/\/www.itd.info\/web\/ueber-itd\/\" \/>\n<meta property=\"og:locale\" content=\"de_DE\" \/>\n<meta property=\"og:type\" content=\"article\" \/>\n<meta property=\"og:title\" content=\"\u00dcber uns - ITD\" \/>\n<meta property=\"og:description\" content=\"ITD arbeitet nach europ\u00e4ischen Standards und wurde 1996 in M\u00fcnchen aus einem Kreis international t\u00e4tigen technischen Tauchlehrern gegr\u00fcndet. Unser Ziel ist es, technische Tauchausbildung auf einem h\u00f6chstm\u00f6glichen Niveau anzubieten. Die L\u00f6sung unsererseits liegt im Ausbildungssystem. Jeder Folgekurs baut auf den vorangegangenen direkt auf.Die Theorie und Praxis sind jeweils in sich abgeschlossen und stellen eine eigene Einheit dar. Dadurch entsteht kein ewiges Wiederholen von Grundkenntnissen. Wir legen dabei sehr gro\u00dfen Wert auf die individuelle Betreuung jedes einzelnen Kursteilnehmers, so dass wir bei entsprechender Mitwirkung des Tauchsch\u00fclers den Erfolg garantieren.\" \/>\n<meta property=\"og:url\" content=\"https:\/\/www.itd.info\/web\/ueber-itd\/\" \/>\n<meta property=\"og:site_name\" content=\"ITD\" \/>\n<meta property=\"article:modified_time\" content=\"2021-06-23T14:18:26+00:00\" \/>\n<meta property=\"og:image\" content=\"https:\/\/www.itd.info\/web\/wp-content\/uploads\/2021\/06\/ITD3.png\" \/>\n<meta name=\"twitter:card\" content=\"summary_large_image\" \/>\n<meta name=\"twitter:label1\" content=\"Gesch\u00e4tzte Lesezeit\" \/>\n\t<meta name=\"twitter:data1\" content=\"1 Minute\" \/>\n<script type=\"application\/ld+json\" class=\"yoast-schema-graph\">{\"@context\":\"https:\/\/schema.org\",\"@graph\":[{\"@type\":\"Organization\",\"@id\":\"https:\/\/www.itd.info\/web\/#organization\",\"name\":\"ITD\",\"url\":\"https:\/\/www.itd.info\/web\/\",\"sameAs\":[],\"logo\":{\"@type\":\"ImageObject\",\"@id\":\"https:\/\/www.itd.info\/web\/#logo\",\"inLanguage\":\"de-DE\",\"url\":\"https:\/\/www.itd.info\/web\/wp-content\/uploads\/2021\/06\/itd.jpg\",\"contentUrl\":\"https:\/\/www.itd.info\/web\/wp-content\/uploads\/2021\/06\/itd.jpg\",\"width\":650,\"height\":409,\"caption\":\"ITD\"},\"image\":{\"@id\":\"https:\/\/www.itd.info\/web\/#logo\"}},{\"@type\":\"WebSite\",\"@id\":\"https:\/\/www.itd.info\/web\/#website\",\"url\":\"https:\/\/www.itd.info\/web\/\",\"name\":\"ITD\",\"description\":\"International Tek Diver\",\"publisher\":{\"@id\":\"https:\/\/www.itd.info\/web\/#organization\"},\"potentialAction\":[{\"@type\":\"SearchAction\",\"target\":{\"@type\":\"EntryPoint\",\"urlTemplate\":\"https:\/\/www.itd.info\/web\/?s={search_term_string}\"},\"query-input\":\"required name=search_term_string\"}],\"inLanguage\":\"de-DE\"},{\"@type\":\"ImageObject\",\"@id\":\"https:\/\/www.itd.info\/web\/ueber-itd\/#primaryimage\",\"inLanguage\":\"de-DE\",\"url\":\"https:\/\/www.itd.info\/web\/wp-content\/uploads\/2021\/06\/ITD3.png\",\"contentUrl\":\"https:\/\/www.itd.info\/web\/wp-content\/uploads\/2021\/06\/ITD3.png\",\"width\":420,\"height\":291},{\"@type\":\"WebPage\",\"@id\":\"https:\/\/www.itd.info\/web\/ueber-itd\/#webpage\",\"url\":\"https:\/\/www.itd.info\/web\/ueber-itd\/\",\"name\":\"\u00dcber uns - ITD\",\"isPartOf\":{\"@id\":\"https:\/\/www.itd.info\/web\/#website\"},\"primaryImageOfPage\":{\"@id\":\"https:\/\/www.itd.info\/web\/ueber-itd\/#primaryimage\"},\"datePublished\":\"2021-06-23T12:41:33+00:00\",\"dateModified\":\"2021-06-23T14:18:26+00:00\",\"breadcrumb\":{\"@id\":\"https:\/\/www.itd.info\/web\/ueber-itd\/#breadcrumb\"},\"inLanguage\":\"de-DE\",\"potentialAction\":[{\"@type\":\"ReadAction\",\"target\":[\"https:\/\/www.itd.info\/web\/ueber-itd\/\"]}]},{\"@type\":\"BreadcrumbList\",\"@id\":\"https:\/\/www.itd.info\/web\/ueber-itd\/#breadcrumb\",\"itemListElement\":[{\"@type\":\"ListItem\",\"position\":1,\"name\":\"Startseite\",\"item\":\"https:\/\/www.itd.info\/web\/\"},{\"@type\":\"ListItem\",\"position\":2,\"name\":\"\u00dcber uns\"}]}]}<\/script>\n<!-- \/ Yoast SEO plugin. -->","yoast_head_json":{"title":"\u00dcber uns - ITD","robots":{"index":"index","follow":"follow","max-snippet":"max-snippet:-1","max-image-preview":"max-image-preview:large","max-video-preview":"max-video-preview:-1"},"canonical":"https:\/\/www.itd.info\/web\/ueber-itd\/","og_locale":"de_DE","og_type":"article","og_title":"\u00dcber uns - ITD","og_description":"ITD arbeitet nach europ\u00e4ischen Standards und wurde 1996 in M\u00fcnchen aus einem Kreis international t\u00e4tigen technischen Tauchlehrern gegr\u00fcndet. Unser Ziel ist es, technische Tauchausbildung auf einem h\u00f6chstm\u00f6glichen Niveau anzubieten. Die L\u00f6sung unsererseits liegt im Ausbildungssystem. Jeder Folgekurs baut auf den vorangegangenen direkt auf.Die Theorie und Praxis sind jeweils in sich abgeschlossen und stellen eine eigene Einheit dar. Dadurch entsteht kein ewiges Wiederholen von Grundkenntnissen. Wir legen dabei sehr gro\u00dfen Wert auf die individuelle Betreuung jedes einzelnen Kursteilnehmers, so dass wir bei entsprechender Mitwirkung des Tauchsch\u00fclers den Erfolg garantieren.","og_url":"https:\/\/www.itd.info\/web\/ueber-itd\/","og_site_name":"ITD","article_modified_time":"2021-06-23T14:18:26+00:00","og_image":[{"url":"https:\/\/www.itd.info\/web\/wp-content\/uploads\/2021\/06\/ITD3.png"}],"twitter_card":"summary_large_image","twitter_misc":{"Gesch\u00e4tzte Lesezeit":"1 Minute"},"schema":{"@context":"https:\/\/schema.org","@graph":[{"@type":"Organization","@id":"https:\/\/www.itd.info\/web\/#organization","name":"ITD","url":"https:\/\/www.itd.info\/web\/","sameAs":[],"logo":{"@type":"ImageObject","@id":"https:\/\/www.itd.info\/web\/#logo","inLanguage":"de-DE","url":"https:\/\/www.itd.info\/web\/wp-content\/uploads\/2021\/06\/itd.jpg","contentUrl":"https:\/\/www.itd.info\/web\/wp-content\/uploads\/2021\/06\/itd.jpg","width":650,"height":409,"caption":"ITD"},"image":{"@id":"https:\/\/www.itd.info\/web\/#logo"}},{"@type":"WebSite","@id":"https:\/\/www.itd.info\/web\/#website","url":"https:\/\/www.itd.info\/web\/","name":"ITD","description":"International Tek Diver","publisher":{"@id":"https:\/\/www.itd.info\/web\/#organization"},"potentialAction":[{"@type":"SearchAction","target":{"@type":"EntryPoint","urlTemplate":"https:\/\/www.itd.info\/web\/?s={search_term_string}"},"query-input":"required name=search_term_string"}],"inLanguage":"de-DE"},{"@type":"ImageObject","@id":"https:\/\/www.itd.info\/web\/ueber-itd\/#primaryimage","inLanguage":"de-DE","url":"https:\/\/www.itd.info\/web\/wp-content\/uploads\/2021\/06\/ITD3.png","contentUrl":"https:\/\/www.itd.info\/web\/wp-content\/uploads\/2021\/06\/ITD3.png","width":420,"height":291},{"@type":"WebPage","@id":"https:\/\/www.itd.info\/web\/ueber-itd\/#webpage","url":"https:\/\/www.itd.info\/web\/ueber-itd\/","name":"\u00dcber uns - ITD","isPartOf":{"@id":"https:\/\/www.itd.info\/web\/#website"},"primaryImageOfPage":{"@id":"https:\/\/www.itd.info\/web\/ueber-itd\/#primaryimage"},"datePublished":"2021-06-23T12:41:33+00:00","dateModified":"2021-06-23T14:18:26+00:00","breadcrumb":{"@id":"https:\/\/www.itd.info\/web\/ueber-itd\/#breadcrumb"},"inLanguage":"de-DE","potentialAction":[{"@type":"ReadAction","target":["https:\/\/www.itd.info\/web\/ueber-itd\/"]}]},{"@type":"BreadcrumbList","@id":"https:\/\/www.itd.info\/web\/ueber-itd\/#breadcrumb","itemListElement":[{"@type":"ListItem","position":1,"name":"Startseite","item":"https:\/\/www.itd.info\/web\/"},{"@type":"ListItem","position":2,"name":"\u00dcber uns"}]}]}},"_links":{"self":[{"href":"https:\/\/www.itd.info\/web\/wp-json\/wp\/v2\/pages\/32"}],"collection":[{"href":"https:\/\/www.itd.info\/web\/wp-json\/wp\/v2\/pages"}],"about":[{"href":"https:\/\/www.itd.info\/web\/wp-json\/wp\/v2\/types\/page"}],"author":[{"embeddable":true,"href":"https:\/\/www.itd.info\/web\/wp-json\/wp\/v2\/users\/1"}],"replies":[{"embeddable":true,"href":"https:\/\/www.itd.info\/web\/wp-json\/wp\/v2\/comments?post=32"}],"version-history":[{"count":17,"href":"https:\/\/www.itd.info\/web\/wp-json\/wp\/v2\/pages\/32\/revisions"}],"predecessor-version":[{"id":86,"href":"https:\/\/www.itd.info\/web\/wp-json\/wp\/v2\/pages\/32\/revisions\/86"}],"wp:attachment":[{"href":"https:\/\/www.itd.info\/web\/wp-json\/wp\/v2\/media?parent=32"}],"curies":[{"name":"wp","href":"https:\/\/api.w.org\/{rel}","templated":true}]}}