{"id":305,"date":"2021-06-23T20:02:58","date_gmt":"2021-06-23T18:02:58","guid":{"rendered":"https:\/\/www.itd.info\/web\/?page_id=305"},"modified":"2021-06-23T20:02:58","modified_gmt":"2021-06-23T18:02:58","slug":"nitrox-diver-tauchkurs","status":"publish","type":"page","link":"https:\/\/www.itd.info\/web\/nitrox-diver-tauchkurs\/","title":{"rendered":"Nitrox Diver Tauchkurs"},"content":{"rendered":"\n<div class=\"wp-block-columns\">\n<div class=\"wp-block-column\" style=\"flex-basis:80%\">\n<h2 class=\"has-text-align-center\">Nitrox Diver Tauchkurs<\/h2>\n\n\n\n<p class=\"has-text-align-center\">Im ITD Nitrox Tauchkurs wird ein umfangreiches Fachwissen \u00fcber diese Thematik vermittelt, um sicher und effizient in der Nullzeit zu tauchen.<\/p>\n\n\n\n<h5 class=\"has-text-align-center\">Voraussetzungen:<\/h5>\n\n\n\n<ul><li>Mindestalter 18 Jahre (*)<\/li><li>OWD \/ CMAS * mit Erfahrung oder \u00c4quivalenz,<\/li><li>50 Tauchg\u00e4nge, davon m\u00fcssen mindestens 15 tiefer als 18 m gewesen sein.<\/li><li>AOWD \/ CMAS ** mit Erfahrung oder \u00c4quivalenz, 30 Tauchg\u00e4nge, davon<br>m\u00fcssen mindestens 10 tiefer als 18 m gewesen sein.<\/li><li>Letzter TG maximal sechs Monate alt<\/li><\/ul>\n\n\n\n<h5 class=\"has-text-align-center\">Kursinhalt Theorie:<\/h5>\n\n\n\n<ul><li>Was ist Nitrox? Die Geschichte von Nitrox<\/li><li>Vor- und Nachteile von Nitrox<\/li><li>Tauchphysik, Wiederholung wichtiger Grundlagen<\/li><li>Die Bestimmung des Sauerstoff-Partialdruckes,<br>das \u201eBest Mix\u201c die Bestimmung der MOD<\/li><li>Physiologie, Stickstoff, die N2-Narkose und Nitrox, DCI<br>Giftigkeit unter Druck, die Azidose, die Gaba<\/li><li>Die Berechnung der CNS und deren Regeln<br>Allgemeine Regeln f\u00fcr ZNS-%-Werte<br>ITD Sonderregeln f\u00fcr ZNS-%-Werte<\/li><li>Die Berechnung des 24-h-%-Wertes<\/li><li>Der Umgang mit Sauerstoff, Sauerstoff-Ausr\u00fcstung<br>Sauerstoff-Analyse<\/li><li>Nitrox! Woher und wie geht das? Partialdruck-F\u00fcllmethode<br>Mischen nach Gewicht, Constant flow, DANx<\/li><li>Nitrox-Tabellen, das END-Konzept<\/li><li>Formelsammlung<\/li><li>Der Ausblick<\/li><\/ul>\n\n\n\n<h5 class=\"has-text-align-center\">Kursinhalt Praxis:<\/h5>\n\n\n\n<ul><li>2 Nullzeit-Tauchg\u00e4nge (g\u00fcltiges Gesundheitszeugnis) mit NN I oder NN II bis zu einem PPO2 von 1,4 bar (Sauerstoff-Partial-Druck). Weiter besteht die M\u00f6glichkeit das Szenario des &#8222;Gro\u00dfen Krampfanfalles&#8220; zu simulieren und dabei die Rettung zu lernen.<\/li><li>(*) Es besteht die M\u00f6glichkeit als Jugendlicher im Alter von 16 Jahren am ITD<br>Nitrox Tauchkurs teilzunehmen, wenn ein Erziehungsberechtigter Inhaber der ITD Nitrox Taucherkarte ist oder mit am Kurs teilnimmt. Optional kann auch eine Vollmacht auf eine dritte Person von den Erziehungs-berechtigten ausgestellt werden.<\/li><\/ul>\n<\/div>\n\n\n\n<div class=\"wp-block-column\" style=\"flex-basis:20%\"><div id='1' class='widgets_on_page wop_tiny1  wop_small1  wop_medium1  wop_large1  wop_wide1'>\n\t\t\t<ul><li id=\"media_image-9\" class=\"widget widget_media_image\"><img width=\"1\" height=\"1\" src=\"https:\/\/www.itd.info\/web\/wp-content\/uploads\/2021\/06\/blank.png\" class=\"image wp-image-400  attachment-20x20 size-20x20\" alt=\"\" loading=\"lazy\" style=\"max-width: 100%; height: auto;\" \/><\/li><li id=\"media_image-3\" class=\"widget widget_media_image\"><a href=\"https:\/\/www.ipdi2002.org\/\"><img width=\"140\" height=\"140\" src=\"https:\/\/www.itd.info\/web\/wp-content\/uploads\/2021\/06\/IPDI-klein.png\" class=\"image wp-image-59  attachment-full size-full\" alt=\"\" loading=\"lazy\" style=\"max-width: 100%; height: auto;\" \/><\/a><\/li><li id=\"media_image-8\" class=\"widget widget_media_image\"><img width=\"1\" height=\"1\" src=\"https:\/\/www.itd.info\/web\/wp-content\/uploads\/2021\/06\/blank.png\" class=\"image wp-image-400  attachment-20x20 size-20x20\" alt=\"\" loading=\"lazy\" style=\"max-width: 100%; height: auto;\" \/><\/li><li id=\"media_image-4\" class=\"widget widget_media_image\"><a href=\"http:\/\/www.bonex-systeme.de\/\"><img width=\"140\" height=\"71\" src=\"https:\/\/www.itd.info\/web\/wp-content\/uploads\/2021\/06\/Logo-bonex-300x153.png\" class=\"image wp-image-60  attachment-140x71 size-140x71\" alt=\"\" loading=\"lazy\" style=\"max-width: 100%; height: auto;\" srcset=\"https:\/\/www.itd.info\/web\/wp-content\/uploads\/2021\/06\/Logo-bonex-300x153.png 300w, https:\/\/www.itd.info\/web\/wp-content\/uploads\/2021\/06\/Logo-bonex-1024x523.png 1024w, https:\/\/www.itd.info\/web\/wp-content\/uploads\/2021\/06\/Logo-bonex-768x392.png 768w, https:\/\/www.itd.info\/web\/wp-content\/uploads\/2021\/06\/Logo-bonex.png 1346w\" sizes=\"(max-width: 140px) 100vw, 140px\" \/><\/a><\/li><li id=\"media_image-10\" class=\"widget widget_media_image\"><img width=\"1\" height=\"1\" src=\"https:\/\/www.itd.info\/web\/wp-content\/uploads\/2021\/06\/blank.png\" class=\"image wp-image-400  attachment-20x20 size-20x20\" alt=\"\" loading=\"lazy\" style=\"max-width: 100%; height: auto;\" \/><\/li><li id=\"media_image-5\" class=\"widget widget_media_image\"><a href=\"https:\/\/ks-tauchtechnik.de\/\"><img width=\"140\" height=\"140\" src=\"https:\/\/www.itd.info\/web\/wp-content\/uploads\/2021\/06\/Logo-ksTauchtechnik-150x150.png\" class=\"image wp-image-61  attachment-140x140 size-140x140\" alt=\"\" loading=\"lazy\" style=\"max-width: 100%; height: auto;\" srcset=\"https:\/\/www.itd.info\/web\/wp-content\/uploads\/2021\/06\/Logo-ksTauchtechnik-150x150.png 150w, https:\/\/www.itd.info\/web\/wp-content\/uploads\/2021\/06\/Logo-ksTauchtechnik-300x300.png 300w, https:\/\/www.itd.info\/web\/wp-content\/uploads\/2021\/06\/Logo-ksTauchtechnik.png 760w\" sizes=\"(max-width: 140px) 100vw, 140px\" \/><\/a><\/li><li id=\"media_image-11\" class=\"widget widget_media_image\"><img width=\"1\" height=\"1\" src=\"https:\/\/www.itd.info\/web\/wp-content\/uploads\/2021\/06\/blank.png\" class=\"image wp-image-400  attachment-20x20 size-20x20\" alt=\"\" loading=\"lazy\" style=\"max-width: 100%; height: auto;\" \/><\/li><li id=\"media_image-6\" class=\"widget widget_media_image\"><a href=\"https:\/\/www.tek-diver-shop.de\/\"><img width=\"2560\" height=\"1157\" src=\"https:\/\/www.itd.info\/web\/wp-content\/uploads\/2024\/08\/LogoHTD-neu-2024-Original-scaled.jpg\" class=\"image wp-image-549  attachment-full size-full\" alt=\"\" loading=\"lazy\" style=\"max-width: 100%; height: auto;\" srcset=\"https:\/\/www.itd.info\/web\/wp-content\/uploads\/2024\/08\/LogoHTD-neu-2024-Original-scaled.jpg 2560w, https:\/\/www.itd.info\/web\/wp-content\/uploads\/2024\/08\/LogoHTD-neu-2024-Original-300x136.jpg 300w, https:\/\/www.itd.info\/web\/wp-content\/uploads\/2024\/08\/LogoHTD-neu-2024-Original-1024x463.jpg 1024w, https:\/\/www.itd.info\/web\/wp-content\/uploads\/2024\/08\/LogoHTD-neu-2024-Original-768x347.jpg 768w, https:\/\/www.itd.info\/web\/wp-content\/uploads\/2024\/08\/LogoHTD-neu-2024-Original-1536x694.jpg 1536w, https:\/\/www.itd.info\/web\/wp-content\/uploads\/2024\/08\/LogoHTD-neu-2024-Original-2048x925.jpg 2048w\" sizes=\"(max-width: 2560px) 100vw, 2560px\" \/><\/a><\/li><li id=\"media_image-12\" class=\"widget widget_media_image\"><img width=\"1\" height=\"1\" src=\"https:\/\/www.itd.info\/web\/wp-content\/uploads\/2021\/06\/blank.png\" class=\"image wp-image-400  attachment-20x20 size-20x20\" alt=\"\" loading=\"lazy\" style=\"max-width: 100%; height: auto;\" \/><\/li><li id=\"media_image-7\" class=\"widget widget_media_image\"><a href=\"https:\/\/www.bluemarlin-redsea.com\/\"><img width=\"140\" height=\"160\" src=\"https:\/\/www.itd.info\/web\/wp-content\/uploads\/2021\/06\/Logo_dtd-262x300.png\" class=\"image wp-image-89  attachment-140x160 size-140x160\" alt=\"\" loading=\"lazy\" style=\"max-width: 100%; height: auto;\" srcset=\"https:\/\/www.itd.info\/web\/wp-content\/uploads\/2021\/06\/Logo_dtd-262x300.png 262w, https:\/\/www.itd.info\/web\/wp-content\/uploads\/2021\/06\/Logo_dtd.png 616w\" sizes=\"(max-width: 140px) 100vw, 140px\" \/><\/a><\/li><\/ul><\/div><!-- widgets_on_page -->\n<\/div>\n<\/div>\n\n\n\n<p class=\"has-text-align-right\"><a href=\"https:\/\/www.itd.info\/web\/nitrox-einfuehrung\/\">weiter lesen<\/a><\/p>\n","protected":false},"excerpt":{"rendered":"<p>Nitrox Diver Tauchkurs Im ITD Nitrox Tauchkurs wird ein umfangreiches Fachwissen \u00fcber diese Thematik vermittelt, um sicher und effizient in der Nullzeit zu tauchen. Voraussetzungen: Mindestalter 18 Jahre (*) OWD \/ CMAS * mit Erfahrung oder \u00c4quivalenz, 50 Tauchg\u00e4nge, davon m\u00fcssen mindestens 15 tiefer als 18 m gewesen sein. AOWD \/ CMAS ** mit Erfahrung oder \u00c4quivalenz, 30 Tauchg\u00e4nge, davonm\u00fcssen mindestens 10 tiefer als 18 m gewesen sein. Letzter TG maximal sechs Monate alt Kursinhalt Theorie: Was ist Nitrox? Die Geschichte von Nitrox Vor- und Nachteile von Nitrox Tauchphysik, Wiederholung wichtiger Grundlagen Die Bestimmung des Sauerstoff-Partialdruckes,das \u201eBest Mix\u201c die Bestimmung\u2026<\/p>\n","protected":false},"author":1,"featured_media":0,"parent":0,"menu_order":0,"comment_status":"closed","ping_status":"closed","template":"","meta":[],"blocksy_meta":{"styles_descriptor":{"styles":{"desktop":"","tablet":"","mobile":""},"google_fonts":[]}},"yoast_head":"<!-- This site is optimized with the Yoast SEO plugin v18.4.1 - https:\/\/yoast.com\/wordpress\/plugins\/seo\/ -->\n<title>Nitrox Diver Tauchkurs - ITD<\/title>\n<meta name=\"robots\" content=\"index, follow, max-snippet:-1, max-image-preview:large, max-video-preview:-1\" \/>\n<link rel=\"canonical\" href=\"https:\/\/www.itd.info\/web\/nitrox-diver-tauchkurs\/\" \/>\n<meta property=\"og:locale\" content=\"de_DE\" \/>\n<meta property=\"og:type\" content=\"article\" \/>\n<meta property=\"og:title\" content=\"Nitrox Diver Tauchkurs - ITD\" \/>\n<meta property=\"og:description\" content=\"Nitrox Diver Tauchkurs Im ITD Nitrox Tauchkurs wird ein umfangreiches Fachwissen \u00fcber diese Thematik vermittelt, um sicher und effizient in der Nullzeit zu tauchen. Voraussetzungen: Mindestalter 18 Jahre (*) OWD \/ CMAS * mit Erfahrung oder \u00c4quivalenz, 50 Tauchg\u00e4nge, davon m\u00fcssen mindestens 15 tiefer als 18 m gewesen sein. AOWD \/ CMAS ** mit Erfahrung oder \u00c4quivalenz, 30 Tauchg\u00e4nge, davonm\u00fcssen mindestens 10 tiefer als 18 m gewesen sein. Letzter TG maximal sechs Monate alt Kursinhalt Theorie: Was ist Nitrox? Die Geschichte von Nitrox Vor- und Nachteile von Nitrox Tauchphysik, Wiederholung wichtiger Grundlagen Die Bestimmung des Sauerstoff-Partialdruckes,das \u201eBest Mix\u201c die Bestimmung\u2026\" \/>\n<meta property=\"og:url\" content=\"https:\/\/www.itd.info\/web\/nitrox-diver-tauchkurs\/\" \/>\n<meta property=\"og:site_name\" content=\"ITD\" \/>\n<meta name=\"twitter:card\" content=\"summary_large_image\" \/>\n<meta name=\"twitter:label1\" content=\"Gesch\u00e4tzte Lesezeit\" \/>\n\t<meta name=\"twitter:data1\" content=\"1 Minute\" \/>\n<script type=\"application\/ld+json\" class=\"yoast-schema-graph\">{\"@context\":\"https:\/\/schema.org\",\"@graph\":[{\"@type\":\"Organization\",\"@id\":\"https:\/\/www.itd.info\/web\/#organization\",\"name\":\"ITD\",\"url\":\"https:\/\/www.itd.info\/web\/\",\"sameAs\":[],\"logo\":{\"@type\":\"ImageObject\",\"@id\":\"https:\/\/www.itd.info\/web\/#logo\",\"inLanguage\":\"de-DE\",\"url\":\"https:\/\/www.itd.info\/web\/wp-content\/uploads\/2021\/06\/itd.jpg\",\"contentUrl\":\"https:\/\/www.itd.info\/web\/wp-content\/uploads\/2021\/06\/itd.jpg\",\"width\":650,\"height\":409,\"caption\":\"ITD\"},\"image\":{\"@id\":\"https:\/\/www.itd.info\/web\/#logo\"}},{\"@type\":\"WebSite\",\"@id\":\"https:\/\/www.itd.info\/web\/#website\",\"url\":\"https:\/\/www.itd.info\/web\/\",\"name\":\"ITD\",\"description\":\"International Tek Diver\",\"publisher\":{\"@id\":\"https:\/\/www.itd.info\/web\/#organization\"},\"potentialAction\":[{\"@type\":\"SearchAction\",\"target\":{\"@type\":\"EntryPoint\",\"urlTemplate\":\"https:\/\/www.itd.info\/web\/?s={search_term_string}\"},\"query-input\":\"required name=search_term_string\"}],\"inLanguage\":\"de-DE\"},{\"@type\":\"WebPage\",\"@id\":\"https:\/\/www.itd.info\/web\/nitrox-diver-tauchkurs\/#webpage\",\"url\":\"https:\/\/www.itd.info\/web\/nitrox-diver-tauchkurs\/\",\"name\":\"Nitrox Diver Tauchkurs - ITD\",\"isPartOf\":{\"@id\":\"https:\/\/www.itd.info\/web\/#website\"},\"datePublished\":\"2021-06-23T18:02:58+00:00\",\"dateModified\":\"2021-06-23T18:02:58+00:00\",\"breadcrumb\":{\"@id\":\"https:\/\/www.itd.info\/web\/nitrox-diver-tauchkurs\/#breadcrumb\"},\"inLanguage\":\"de-DE\",\"potentialAction\":[{\"@type\":\"ReadAction\",\"target\":[\"https:\/\/www.itd.info\/web\/nitrox-diver-tauchkurs\/\"]}]},{\"@type\":\"BreadcrumbList\",\"@id\":\"https:\/\/www.itd.info\/web\/nitrox-diver-tauchkurs\/#breadcrumb\",\"itemListElement\":[{\"@type\":\"ListItem\",\"position\":1,\"name\":\"Startseite\",\"item\":\"https:\/\/www.itd.info\/web\/\"},{\"@type\":\"ListItem\",\"position\":2,\"name\":\"Nitrox Diver Tauchkurs\"}]}]}<\/script>\n<!-- \/ Yoast SEO plugin. -->","yoast_head_json":{"title":"Nitrox Diver Tauchkurs - ITD","robots":{"index":"index","follow":"follow","max-snippet":"max-snippet:-1","max-image-preview":"max-image-preview:large","max-video-preview":"max-video-preview:-1"},"canonical":"https:\/\/www.itd.info\/web\/nitrox-diver-tauchkurs\/","og_locale":"de_DE","og_type":"article","og_title":"Nitrox Diver Tauchkurs - ITD","og_description":"Nitrox Diver Tauchkurs Im ITD Nitrox Tauchkurs wird ein umfangreiches Fachwissen \u00fcber diese Thematik vermittelt, um sicher und effizient in der Nullzeit zu tauchen. Voraussetzungen: Mindestalter 18 Jahre (*) OWD \/ CMAS * mit Erfahrung oder \u00c4quivalenz, 50 Tauchg\u00e4nge, davon m\u00fcssen mindestens 15 tiefer als 18 m gewesen sein. AOWD \/ CMAS ** mit Erfahrung oder \u00c4quivalenz, 30 Tauchg\u00e4nge, davonm\u00fcssen mindestens 10 tiefer als 18 m gewesen sein. Letzter TG maximal sechs Monate alt Kursinhalt Theorie: Was ist Nitrox? Die Geschichte von Nitrox Vor- und Nachteile von Nitrox Tauchphysik, Wiederholung wichtiger Grundlagen Die Bestimmung des Sauerstoff-Partialdruckes,das \u201eBest Mix\u201c die Bestimmung\u2026","og_url":"https:\/\/www.itd.info\/web\/nitrox-diver-tauchkurs\/","og_site_name":"ITD","twitter_card":"summary_large_image","twitter_misc":{"Gesch\u00e4tzte Lesezeit":"1 Minute"},"schema":{"@context":"https:\/\/schema.org","@graph":[{"@type":"Organization","@id":"https:\/\/www.itd.info\/web\/#organization","name":"ITD","url":"https:\/\/www.itd.info\/web\/","sameAs":[],"logo":{"@type":"ImageObject","@id":"https:\/\/www.itd.info\/web\/#logo","inLanguage":"de-DE","url":"https:\/\/www.itd.info\/web\/wp-content\/uploads\/2021\/06\/itd.jpg","contentUrl":"https:\/\/www.itd.info\/web\/wp-content\/uploads\/2021\/06\/itd.jpg","width":650,"height":409,"caption":"ITD"},"image":{"@id":"https:\/\/www.itd.info\/web\/#logo"}},{"@type":"WebSite","@id":"https:\/\/www.itd.info\/web\/#website","url":"https:\/\/www.itd.info\/web\/","name":"ITD","description":"International Tek Diver","publisher":{"@id":"https:\/\/www.itd.info\/web\/#organization"},"potentialAction":[{"@type":"SearchAction","target":{"@type":"EntryPoint","urlTemplate":"https:\/\/www.itd.info\/web\/?s={search_term_string}"},"query-input":"required name=search_term_string"}],"inLanguage":"de-DE"},{"@type":"WebPage","@id":"https:\/\/www.itd.info\/web\/nitrox-diver-tauchkurs\/#webpage","url":"https:\/\/www.itd.info\/web\/nitrox-diver-tauchkurs\/","name":"Nitrox Diver Tauchkurs - ITD","isPartOf":{"@id":"https:\/\/www.itd.info\/web\/#website"},"datePublished":"2021-06-23T18:02:58+00:00","dateModified":"2021-06-23T18:02:58+00:00","breadcrumb":{"@id":"https:\/\/www.itd.info\/web\/nitrox-diver-tauchkurs\/#breadcrumb"},"inLanguage":"de-DE","potentialAction":[{"@type":"ReadAction","target":["https:\/\/www.itd.info\/web\/nitrox-diver-tauchkurs\/"]}]},{"@type":"BreadcrumbList","@id":"https:\/\/www.itd.info\/web\/nitrox-diver-tauchkurs\/#breadcrumb","itemListElement":[{"@type":"ListItem","position":1,"name":"Startseite","item":"https:\/\/www.itd.info\/web\/"},{"@type":"ListItem","position":2,"name":"Nitrox Diver Tauchkurs"}]}]}},"_links":{"self":[{"href":"https:\/\/www.itd.info\/web\/wp-json\/wp\/v2\/pages\/305"}],"collection":[{"href":"https:\/\/www.itd.info\/web\/wp-json\/wp\/v2\/pages"}],"about":[{"href":"https:\/\/www.itd.info\/web\/wp-json\/wp\/v2\/types\/page"}],"author":[{"embeddable":true,"href":"https:\/\/www.itd.info\/web\/wp-json\/wp\/v2\/users\/1"}],"replies":[{"embeddable":true,"href":"https:\/\/www.itd.info\/web\/wp-json\/wp\/v2\/comments?post=305"}],"version-history":[{"count":1,"href":"https:\/\/www.itd.info\/web\/wp-json\/wp\/v2\/pages\/305\/revisions"}],"predecessor-version":[{"id":309,"href":"https:\/\/www.itd.info\/web\/wp-json\/wp\/v2\/pages\/305\/revisions\/309"}],"wp:attachment":[{"href":"https:\/\/www.itd.info\/web\/wp-json\/wp\/v2\/media?parent=305"}],"curies":[{"name":"wp","href":"https:\/\/api.w.org\/{rel}","templated":true}]}}