{"id":111,"date":"2021-06-23T17:10:55","date_gmt":"2021-06-23T15:10:55","guid":{"rendered":"https:\/\/www.itd.info\/web\/?page_id=111"},"modified":"2026-01-17T23:55:39","modified_gmt":"2026-01-17T22:55:39","slug":"tek-tauchsafari","status":"publish","type":"page","link":"https:\/\/www.itd.info\/web\/tek-tauchsafari\/","title":{"rendered":"Tek Tauchsafari"},"content":{"rendered":"\n<div class=\"wp-block-columns\">\n<div class=\"wp-block-column\">\n<p class=\"has-text-align-center\"><a href=\"https:\/\/www.itd.info\/web\/tauchlehrerkurse-2024\/\">Tauchlehrerkurse 2025<\/a><\/p>\n<\/div>\n\n\n\n<div class=\"wp-block-column\">\n<p class=\"has-text-align-center\"><a href=\"https:\/\/www.itd.info\/web\/hoehlentauchen\/\">H\u00f6hlentauchen<\/a><\/p>\n<\/div>\n\n\n\n<div class=\"wp-block-column\">\n<p class=\"has-text-align-center\"><a href=\"https:\/\/www.itd.info\/web\/tek-tauchsafari\/\">Tek Tauchsafari<\/a><\/p>\n<\/div>\n<\/div>\n\n\n\n<div class=\"wp-block-columns\">\n<div class=\"wp-block-column\" style=\"flex-basis:80%\">\n<h2 class=\"has-text-align-center\">Tek Tauchsafari (Wracktour) 2026<\/h2>\n\n\n\n<h5 class=\"has-text-align-center\">Teilnehmer:<\/h5>\n\n\n\n<p class=\"has-text-align-center\">Geplant sind mehrere Tauchg\u00e4nge am Wrack der Haven. Sie liegt in einer Tiefe von 82 m. Das Deck befindet sich in einer Tiefe ab ca. 55 m und die h\u00f6chsten Aufbauten sind in einer Tiefe von 34 m. Alle Teilnehmer m\u00fcssen \u00fcber eine dementsprechende Qualifikation im Technischen Tauchen verf\u00fcgen.<br>Der Einsatz von Scootern ist m\u00f6glich.<\/p>\n\n\n\n<h5 class=\"has-text-align-center\"><br><br>Zeitraum: <\/h5>\n\n\n\n<p class=\"has-text-align-center\">2. Oktober \u2013 9. Oktober 2026<br>Die genaue Terminierung wird noch bekanntgegeben und gesamtheitlich mit den Teilnehmern abgesprochen.<\/p>\n\n\n\n<h5 class=\"has-text-align-center\"><br><br>Ort: <\/h5>\n\n\n\n<p class=\"has-text-align-center\"><mark style=\"background-color:rgba(0, 0, 0, 0)\" class=\"has-inline-color has-palette-color-5-color\">Genua (Arenzano), Italienbfahrt), \u00c4gypten<\/mark><\/p>\n\n\n\n<h5 class=\"has-text-align-center\"><br><br>Preise:<\/h5>\n\n\n\n<p class=\"has-text-align-center\"><mark style=\"background-color:rgba(0, 0, 0, 0)\" class=\"has-inline-color has-palette-color-5-color\"><br>auf Anfrage<\/mark><\/p>\n\n\n\n<h5 class=\"has-text-align-center\"><br><br>sonstiges: <\/h5>\n\n\n\n<p class=\"has-text-align-center\">Eine Ausbildung ist nicht angestrebt \u2013 aber nach Absprache m\u00f6glich. An der Haven m\u00fcssen Tauchg\u00e4nge ( Zeit \u2013 Tiefe \u2013 Gase ) abgesprochen werden.<\/p>\n\n\n\n<h5 class=\"has-text-align-center\"><br><br>Anmeldung:<\/h5>\n\n\n\n<p class=\"has-text-align-center\"><mark style=\"background-color:rgba(0, 0, 0, 0)\" class=\"has-inline-color has-palette-color-5-color\"><br><\/mark><\/p>\n\n\n\n<p class=\"has-text-align-center\">Die Anmeldungen und Informationen erfolgen bei Herrn Thomas Haushofer oder direkt \u00fcber das ITD Headquarters.<br>Thomas Haushofer ITD Instructor<br>Hittostra\u00dfe 8<br>85354 Freising<br>Tel. 0179-6769225<br><a href=\"mail: tomtauchen@aol.com\">mail: tomtauchen@aol.com<\/a><\/p>\n\n\n\n<h5 class=\"has-text-align-center\"><br><br>Kontakt:<\/h5>\n\n\n\n<p class=\"has-text-align-center\"><mark style=\"background-color:rgba(0, 0, 0, 0)\" class=\"has-inline-color has-palette-color-5-color\"><br>Headquarter Germany:<br>ITD Deutschland Thomas Wulf<br>Biberpfad 14<br>04249 Leipzig<br>Tel: 0341\/9468051<br>Fax: 0341\/9103870<br>Mobil: 0170\/9305525<br>web: www.itd.info\/<\/mark><br>email: <a href=\"mailto:info@itd.info\">info@itd.info<\/a><\/p>\n<\/div>\n\n\n\n<div class=\"wp-block-column\" style=\"flex-basis:20%\"><div id='1' class='widgets_on_page wop_tiny1  wop_small1  wop_medium1  wop_large1  wop_wide1'>\n\t\t\t<ul><li id=\"media_image-9\" class=\"widget widget_media_image\"><img width=\"1\" height=\"1\" src=\"https:\/\/www.itd.info\/web\/wp-content\/uploads\/2021\/06\/blank.png\" class=\"image wp-image-400  attachment-20x20 size-20x20\" alt=\"\" loading=\"lazy\" style=\"max-width: 100%; height: auto;\" \/><\/li><li id=\"media_image-3\" class=\"widget widget_media_image\"><a href=\"https:\/\/www.ipdi2002.org\/\"><img width=\"140\" height=\"140\" src=\"https:\/\/www.itd.info\/web\/wp-content\/uploads\/2021\/06\/IPDI-klein.png\" class=\"image wp-image-59  attachment-full size-full\" alt=\"\" loading=\"lazy\" style=\"max-width: 100%; height: auto;\" \/><\/a><\/li><li id=\"media_image-8\" class=\"widget widget_media_image\"><img width=\"1\" height=\"1\" src=\"https:\/\/www.itd.info\/web\/wp-content\/uploads\/2021\/06\/blank.png\" class=\"image wp-image-400  attachment-20x20 size-20x20\" alt=\"\" loading=\"lazy\" style=\"max-width: 100%; height: auto;\" \/><\/li><li id=\"media_image-4\" class=\"widget widget_media_image\"><a href=\"http:\/\/www.bonex-systeme.de\/\"><img width=\"140\" height=\"71\" src=\"https:\/\/www.itd.info\/web\/wp-content\/uploads\/2021\/06\/Logo-bonex-300x153.png\" class=\"image wp-image-60  attachment-140x71 size-140x71\" alt=\"\" loading=\"lazy\" style=\"max-width: 100%; height: auto;\" srcset=\"https:\/\/www.itd.info\/web\/wp-content\/uploads\/2021\/06\/Logo-bonex-300x153.png 300w, https:\/\/www.itd.info\/web\/wp-content\/uploads\/2021\/06\/Logo-bonex-1024x523.png 1024w, https:\/\/www.itd.info\/web\/wp-content\/uploads\/2021\/06\/Logo-bonex-768x392.png 768w, https:\/\/www.itd.info\/web\/wp-content\/uploads\/2021\/06\/Logo-bonex.png 1346w\" sizes=\"(max-width: 140px) 100vw, 140px\" \/><\/a><\/li><li id=\"media_image-10\" class=\"widget widget_media_image\"><img width=\"1\" height=\"1\" src=\"https:\/\/www.itd.info\/web\/wp-content\/uploads\/2021\/06\/blank.png\" class=\"image wp-image-400  attachment-20x20 size-20x20\" alt=\"\" loading=\"lazy\" style=\"max-width: 100%; height: auto;\" \/><\/li><li id=\"media_image-5\" class=\"widget widget_media_image\"><a href=\"https:\/\/ks-tauchtechnik.de\/\"><img width=\"140\" height=\"140\" src=\"https:\/\/www.itd.info\/web\/wp-content\/uploads\/2021\/06\/Logo-ksTauchtechnik-150x150.png\" class=\"image wp-image-61  attachment-140x140 size-140x140\" alt=\"\" loading=\"lazy\" style=\"max-width: 100%; height: auto;\" srcset=\"https:\/\/www.itd.info\/web\/wp-content\/uploads\/2021\/06\/Logo-ksTauchtechnik-150x150.png 150w, https:\/\/www.itd.info\/web\/wp-content\/uploads\/2021\/06\/Logo-ksTauchtechnik-300x300.png 300w, https:\/\/www.itd.info\/web\/wp-content\/uploads\/2021\/06\/Logo-ksTauchtechnik.png 760w\" sizes=\"(max-width: 140px) 100vw, 140px\" \/><\/a><\/li><li id=\"media_image-11\" class=\"widget widget_media_image\"><img width=\"1\" height=\"1\" src=\"https:\/\/www.itd.info\/web\/wp-content\/uploads\/2021\/06\/blank.png\" class=\"image wp-image-400  attachment-20x20 size-20x20\" alt=\"\" loading=\"lazy\" style=\"max-width: 100%; height: auto;\" \/><\/li><li id=\"media_image-6\" class=\"widget widget_media_image\"><a href=\"https:\/\/www.tek-diver-shop.de\/\"><img width=\"2560\" height=\"1157\" src=\"https:\/\/www.itd.info\/web\/wp-content\/uploads\/2024\/08\/LogoHTD-neu-2024-Original-scaled.jpg\" class=\"image wp-image-549  attachment-full size-full\" alt=\"\" loading=\"lazy\" style=\"max-width: 100%; height: auto;\" srcset=\"https:\/\/www.itd.info\/web\/wp-content\/uploads\/2024\/08\/LogoHTD-neu-2024-Original-scaled.jpg 2560w, https:\/\/www.itd.info\/web\/wp-content\/uploads\/2024\/08\/LogoHTD-neu-2024-Original-300x136.jpg 300w, https:\/\/www.itd.info\/web\/wp-content\/uploads\/2024\/08\/LogoHTD-neu-2024-Original-1024x463.jpg 1024w, https:\/\/www.itd.info\/web\/wp-content\/uploads\/2024\/08\/LogoHTD-neu-2024-Original-768x347.jpg 768w, https:\/\/www.itd.info\/web\/wp-content\/uploads\/2024\/08\/LogoHTD-neu-2024-Original-1536x694.jpg 1536w, https:\/\/www.itd.info\/web\/wp-content\/uploads\/2024\/08\/LogoHTD-neu-2024-Original-2048x925.jpg 2048w\" sizes=\"(max-width: 2560px) 100vw, 2560px\" \/><\/a><\/li><li id=\"media_image-12\" class=\"widget widget_media_image\"><img width=\"1\" height=\"1\" src=\"https:\/\/www.itd.info\/web\/wp-content\/uploads\/2021\/06\/blank.png\" class=\"image wp-image-400  attachment-20x20 size-20x20\" alt=\"\" loading=\"lazy\" style=\"max-width: 100%; height: auto;\" \/><\/li><li id=\"media_image-7\" class=\"widget widget_media_image\"><a href=\"https:\/\/www.bluemarlin-redsea.com\/\"><img width=\"140\" height=\"160\" src=\"https:\/\/www.itd.info\/web\/wp-content\/uploads\/2021\/06\/Logo_dtd-262x300.png\" class=\"image wp-image-89  attachment-140x160 size-140x160\" alt=\"\" loading=\"lazy\" style=\"max-width: 100%; height: auto;\" srcset=\"https:\/\/www.itd.info\/web\/wp-content\/uploads\/2021\/06\/Logo_dtd-262x300.png 262w, https:\/\/www.itd.info\/web\/wp-content\/uploads\/2021\/06\/Logo_dtd.png 616w\" sizes=\"(max-width: 140px) 100vw, 140px\" \/><\/a><\/li><\/ul><\/div><!-- widgets_on_page -->\n<\/div>\n<\/div>\n\n\n\n<p><\/p>\n","protected":false},"excerpt":{"rendered":"<p>Tauchlehrerkurse 2025 H\u00f6hlentauchen Tek Tauchsafari Tek Tauchsafari (Wracktour) 2026 Teilnehmer: Geplant sind mehrere Tauchg\u00e4nge am Wrack der Haven. Sie liegt in einer Tiefe von 82 m. Das Deck befindet sich in einer Tiefe ab ca. 55 m und die h\u00f6chsten Aufbauten sind in einer Tiefe von 34 m. Alle Teilnehmer m\u00fcssen \u00fcber eine dementsprechende Qualifikation im Technischen Tauchen verf\u00fcgen.Der Einsatz von Scootern ist m\u00f6glich. Zeitraum: 2. Oktober \u2013 9. Oktober 2026Die genaue Terminierung wird noch bekanntgegeben und gesamtheitlich mit den Teilnehmern abgesprochen. Ort: Genua (Arenzano), Italienbfahrt), \u00c4gypten Preise: auf Anfrage sonstiges: Eine Ausbildung ist nicht angestrebt \u2013 aber nach Absprache\u2026<\/p>\n","protected":false},"author":1,"featured_media":0,"parent":0,"menu_order":0,"comment_status":"closed","ping_status":"closed","template":"","meta":[],"blocksy_meta":{"styles_descriptor":{"styles":{"desktop":"","tablet":"","mobile":""},"google_fonts":[]}},"yoast_head":"<!-- This site is optimized with the Yoast SEO plugin v18.4.1 - https:\/\/yoast.com\/wordpress\/plugins\/seo\/ -->\n<title>Tek Tauchsafari - ITD<\/title>\n<meta name=\"robots\" content=\"index, follow, max-snippet:-1, max-image-preview:large, max-video-preview:-1\" \/>\n<link rel=\"canonical\" href=\"https:\/\/www.itd.info\/web\/tek-tauchsafari\/\" \/>\n<meta property=\"og:locale\" content=\"de_DE\" \/>\n<meta property=\"og:type\" content=\"article\" \/>\n<meta property=\"og:title\" content=\"Tek Tauchsafari - ITD\" \/>\n<meta property=\"og:description\" content=\"Tauchlehrerkurse 2025 H\u00f6hlentauchen Tek Tauchsafari Tek Tauchsafari (Wracktour) 2026 Teilnehmer: Geplant sind mehrere Tauchg\u00e4nge am Wrack der Haven. Sie liegt in einer Tiefe von 82 m. Das Deck befindet sich in einer Tiefe ab ca. 55 m und die h\u00f6chsten Aufbauten sind in einer Tiefe von 34 m. Alle Teilnehmer m\u00fcssen \u00fcber eine dementsprechende Qualifikation im Technischen Tauchen verf\u00fcgen.Der Einsatz von Scootern ist m\u00f6glich. Zeitraum: 2. Oktober \u2013 9. Oktober 2026Die genaue Terminierung wird noch bekanntgegeben und gesamtheitlich mit den Teilnehmern abgesprochen. Ort: Genua (Arenzano), Italienbfahrt), \u00c4gypten Preise: auf Anfrage sonstiges: Eine Ausbildung ist nicht angestrebt \u2013 aber nach Absprache\u2026\" \/>\n<meta property=\"og:url\" content=\"https:\/\/www.itd.info\/web\/tek-tauchsafari\/\" \/>\n<meta property=\"og:site_name\" content=\"ITD\" \/>\n<meta property=\"article:modified_time\" content=\"2026-01-17T22:55:39+00:00\" \/>\n<meta name=\"twitter:card\" content=\"summary_large_image\" \/>\n<meta name=\"twitter:label1\" content=\"Gesch\u00e4tzte Lesezeit\" \/>\n\t<meta name=\"twitter:data1\" content=\"1 Minute\" \/>\n<script type=\"application\/ld+json\" class=\"yoast-schema-graph\">{\"@context\":\"https:\/\/schema.org\",\"@graph\":[{\"@type\":\"Organization\",\"@id\":\"https:\/\/www.itd.info\/web\/#organization\",\"name\":\"ITD\",\"url\":\"https:\/\/www.itd.info\/web\/\",\"sameAs\":[],\"logo\":{\"@type\":\"ImageObject\",\"@id\":\"https:\/\/www.itd.info\/web\/#logo\",\"inLanguage\":\"de-DE\",\"url\":\"https:\/\/www.itd.info\/web\/wp-content\/uploads\/2021\/06\/itd.jpg\",\"contentUrl\":\"https:\/\/www.itd.info\/web\/wp-content\/uploads\/2021\/06\/itd.jpg\",\"width\":650,\"height\":409,\"caption\":\"ITD\"},\"image\":{\"@id\":\"https:\/\/www.itd.info\/web\/#logo\"}},{\"@type\":\"WebSite\",\"@id\":\"https:\/\/www.itd.info\/web\/#website\",\"url\":\"https:\/\/www.itd.info\/web\/\",\"name\":\"ITD\",\"description\":\"International Tek Diver\",\"publisher\":{\"@id\":\"https:\/\/www.itd.info\/web\/#organization\"},\"potentialAction\":[{\"@type\":\"SearchAction\",\"target\":{\"@type\":\"EntryPoint\",\"urlTemplate\":\"https:\/\/www.itd.info\/web\/?s={search_term_string}\"},\"query-input\":\"required name=search_term_string\"}],\"inLanguage\":\"de-DE\"},{\"@type\":\"WebPage\",\"@id\":\"https:\/\/www.itd.info\/web\/tek-tauchsafari\/#webpage\",\"url\":\"https:\/\/www.itd.info\/web\/tek-tauchsafari\/\",\"name\":\"Tek Tauchsafari - ITD\",\"isPartOf\":{\"@id\":\"https:\/\/www.itd.info\/web\/#website\"},\"datePublished\":\"2021-06-23T15:10:55+00:00\",\"dateModified\":\"2026-01-17T22:55:39+00:00\",\"breadcrumb\":{\"@id\":\"https:\/\/www.itd.info\/web\/tek-tauchsafari\/#breadcrumb\"},\"inLanguage\":\"de-DE\",\"potentialAction\":[{\"@type\":\"ReadAction\",\"target\":[\"https:\/\/www.itd.info\/web\/tek-tauchsafari\/\"]}]},{\"@type\":\"BreadcrumbList\",\"@id\":\"https:\/\/www.itd.info\/web\/tek-tauchsafari\/#breadcrumb\",\"itemListElement\":[{\"@type\":\"ListItem\",\"position\":1,\"name\":\"Startseite\",\"item\":\"https:\/\/www.itd.info\/web\/\"},{\"@type\":\"ListItem\",\"position\":2,\"name\":\"Tek Tauchsafari\"}]}]}<\/script>\n<!-- \/ Yoast SEO plugin. -->","yoast_head_json":{"title":"Tek Tauchsafari - ITD","robots":{"index":"index","follow":"follow","max-snippet":"max-snippet:-1","max-image-preview":"max-image-preview:large","max-video-preview":"max-video-preview:-1"},"canonical":"https:\/\/www.itd.info\/web\/tek-tauchsafari\/","og_locale":"de_DE","og_type":"article","og_title":"Tek Tauchsafari - ITD","og_description":"Tauchlehrerkurse 2025 H\u00f6hlentauchen Tek Tauchsafari Tek Tauchsafari (Wracktour) 2026 Teilnehmer: Geplant sind mehrere Tauchg\u00e4nge am Wrack der Haven. Sie liegt in einer Tiefe von 82 m. Das Deck befindet sich in einer Tiefe ab ca. 55 m und die h\u00f6chsten Aufbauten sind in einer Tiefe von 34 m. Alle Teilnehmer m\u00fcssen \u00fcber eine dementsprechende Qualifikation im Technischen Tauchen verf\u00fcgen.Der Einsatz von Scootern ist m\u00f6glich. Zeitraum: 2. Oktober \u2013 9. Oktober 2026Die genaue Terminierung wird noch bekanntgegeben und gesamtheitlich mit den Teilnehmern abgesprochen. Ort: Genua (Arenzano), Italienbfahrt), \u00c4gypten Preise: auf Anfrage sonstiges: Eine Ausbildung ist nicht angestrebt \u2013 aber nach Absprache\u2026","og_url":"https:\/\/www.itd.info\/web\/tek-tauchsafari\/","og_site_name":"ITD","article_modified_time":"2026-01-17T22:55:39+00:00","twitter_card":"summary_large_image","twitter_misc":{"Gesch\u00e4tzte Lesezeit":"1 Minute"},"schema":{"@context":"https:\/\/schema.org","@graph":[{"@type":"Organization","@id":"https:\/\/www.itd.info\/web\/#organization","name":"ITD","url":"https:\/\/www.itd.info\/web\/","sameAs":[],"logo":{"@type":"ImageObject","@id":"https:\/\/www.itd.info\/web\/#logo","inLanguage":"de-DE","url":"https:\/\/www.itd.info\/web\/wp-content\/uploads\/2021\/06\/itd.jpg","contentUrl":"https:\/\/www.itd.info\/web\/wp-content\/uploads\/2021\/06\/itd.jpg","width":650,"height":409,"caption":"ITD"},"image":{"@id":"https:\/\/www.itd.info\/web\/#logo"}},{"@type":"WebSite","@id":"https:\/\/www.itd.info\/web\/#website","url":"https:\/\/www.itd.info\/web\/","name":"ITD","description":"International Tek Diver","publisher":{"@id":"https:\/\/www.itd.info\/web\/#organization"},"potentialAction":[{"@type":"SearchAction","target":{"@type":"EntryPoint","urlTemplate":"https:\/\/www.itd.info\/web\/?s={search_term_string}"},"query-input":"required name=search_term_string"}],"inLanguage":"de-DE"},{"@type":"WebPage","@id":"https:\/\/www.itd.info\/web\/tek-tauchsafari\/#webpage","url":"https:\/\/www.itd.info\/web\/tek-tauchsafari\/","name":"Tek Tauchsafari - ITD","isPartOf":{"@id":"https:\/\/www.itd.info\/web\/#website"},"datePublished":"2021-06-23T15:10:55+00:00","dateModified":"2026-01-17T22:55:39+00:00","breadcrumb":{"@id":"https:\/\/www.itd.info\/web\/tek-tauchsafari\/#breadcrumb"},"inLanguage":"de-DE","potentialAction":[{"@type":"ReadAction","target":["https:\/\/www.itd.info\/web\/tek-tauchsafari\/"]}]},{"@type":"BreadcrumbList","@id":"https:\/\/www.itd.info\/web\/tek-tauchsafari\/#breadcrumb","itemListElement":[{"@type":"ListItem","position":1,"name":"Startseite","item":"https:\/\/www.itd.info\/web\/"},{"@type":"ListItem","position":2,"name":"Tek Tauchsafari"}]}]}},"_links":{"self":[{"href":"https:\/\/www.itd.info\/web\/wp-json\/wp\/v2\/pages\/111"}],"collection":[{"href":"https:\/\/www.itd.info\/web\/wp-json\/wp\/v2\/pages"}],"about":[{"href":"https:\/\/www.itd.info\/web\/wp-json\/wp\/v2\/types\/page"}],"author":[{"embeddable":true,"href":"https:\/\/www.itd.info\/web\/wp-json\/wp\/v2\/users\/1"}],"replies":[{"embeddable":true,"href":"https:\/\/www.itd.info\/web\/wp-json\/wp\/v2\/comments?post=111"}],"version-history":[{"count":16,"href":"https:\/\/www.itd.info\/web\/wp-json\/wp\/v2\/pages\/111\/revisions"}],"predecessor-version":[{"id":561,"href":"https:\/\/www.itd.info\/web\/wp-json\/wp\/v2\/pages\/111\/revisions\/561"}],"wp:attachment":[{"href":"https:\/\/www.itd.info\/web\/wp-json\/wp\/v2\/media?parent=111"}],"curies":[{"name":"wp","href":"https:\/\/api.w.org\/{rel}","templated":true}]}}