{"id":109,"date":"2021-06-23T17:12:53","date_gmt":"2021-06-23T15:12:53","guid":{"rendered":"https:\/\/www.itd.info\/web\/?page_id=109"},"modified":"2026-01-17T23:54:35","modified_gmt":"2026-01-17T22:54:35","slug":"hoehlentauchen","status":"publish","type":"page","link":"https:\/\/www.itd.info\/web\/hoehlentauchen\/","title":{"rendered":"H\u00f6hlentauchen"},"content":{"rendered":"\n<div class=\"wp-block-columns\">\n<div class=\"wp-block-column\">\n<p class=\"has-text-align-center\"><a href=\"https:\/\/www.itd.info\/web\/tauchlehrerkurse-2024\/\">Tauchlehrerkurse 2024<\/a><\/p>\n<\/div>\n\n\n\n<div class=\"wp-block-column\">\n<p class=\"has-text-align-center\"><a href=\"https:\/\/www.itd.info\/web\/hoehlentauchen\/\">H\u00f6hlentauchen<\/a><\/p>\n<\/div>\n\n\n\n<div class=\"wp-block-column\">\n<p class=\"has-text-align-center\"><a href=\"https:\/\/www.itd.info\/web\/tek-tauchsafari\/\">Tek Tauchsafari<\/a><\/p>\n<\/div>\n<\/div>\n\n\n\n<div class=\"wp-block-columns\">\n<div class=\"wp-block-column\" style=\"flex-basis:80%\">\n<h2 class=\"has-text-align-center\">Ausbildungskurs H\u00f6hlentauchen Frankreich 2026<\/h2>\n\n\n\n<p class=\"has-text-align-center\"><mark style=\"background-color:rgba(0, 0, 0, 0)\" class=\"has-inline-color has-palette-color-5-color\">Spezialkurse f\u00fcr H\u00f6hlentauchen werden von ITD regelm\u00e4\u00dfig angeboten.<br><\/mark><br><mark style=\"background-color:rgba(0, 0, 0, 0)\" class=\"has-inline-color has-palette-color-5-color\">Im kombinierten 1*-2* H\u00f6hlentauchkurs (Cavern-\/Cave-Diver) werden den Teilnehmern die Grundkenntnisse vermittelt, um gefahrlos Tauchg\u00e4nge in der H\u00f6hlentauchzone 1 (Eingangsbereich) und H\u00f6hlentauchzone 2 ( St\u00e4ndige Dunkelheit) durchzuf\u00fchren. Die Tauchg\u00e4nge finden unter direkter Aufsicht erfahrener Instruktoren oder h\u00f6her brevetierten H\u00f6hlentauchern statt. Dieser Ausbildungs-nachweis wird heute weltweit f\u00fcr H\u00f6hlentauchg\u00e4nge zwingend verlangt.<\/mark><\/p>\n\n\n\n<h5 class=\"has-text-align-center\"><br>Ort:&nbsp;<\/h5>\n\n\n\n<p class=\"has-text-align-center\"><mark style=\"background-color:rgba(0, 0, 0, 0)\" class=\"has-inline-color has-palette-color-5-color\"> Rocamadour, Department du Lot- Zentralfrankreich<\/mark><\/p>\n\n\n\n<h5 class=\"has-text-align-center\"><br>Kursdatum: <\/h5>\n\n\n\n<p class=\"has-text-align-center\"><mark style=\"background-color:rgba(0, 0, 0, 0)\" class=\"has-inline-color has-palette-color-5-color\">Die genaue Terminierung wird gesamtheitlich mit den Teilnehmern abgesprochen.<\/mark><\/p>\n\n\n\n<h5 class=\"has-text-align-center\"><br>Teilnehmer: <\/h5>\n\n\n\n<p class=\"has-text-align-center\"><mark style=\"background-color:rgba(0, 0, 0, 0)\" class=\"has-inline-color has-palette-color-5-color\">2*-Taucher, Mindestalter 18 Jahre g\u00fcltige Tauchtauglichkeitsbescheinigung<br><\/mark><\/p>\n\n\n\n<h5 class=\"has-text-align-center\">Ausbildungziel: <\/h5>\n\n\n\n<p class=\"has-text-align-center\"><mark style=\"background-color:rgba(0, 0, 0, 0)\" class=\"has-inline-color has-palette-color-5-color\">HT 2*, Einf\u00fchrung in die sichere Durchf\u00fchrung der speziellen H\u00f6hlentauchtechniken\u00a0und Notfalltraining.<\/mark><\/p>\n\n\n\n<h5 class=\"has-text-align-center\"><br>Anforderungen: <\/h5>\n\n\n\n<p class=\"has-text-align-center\"><mark style=\"background-color:rgba(0, 0, 0, 0)\" class=\"has-inline-color has-palette-color-5-color\">gut trainierte, sichere Taucher Tauchtiefen von 40m und Tauchstrecken bis 3000m sind normal. Geeignete Ausr\u00fcstung (siehe Ausr\u00fcstungsliste) Verzicht auf Komfort.\u00a0Von den Teilnehmern wird erwartet, dass bei allen anfallenden Arbeiten mitgeholfen wird. Auf Grund von Witterungseinfl\u00fcssen kann eventuell kurzfristig umdisponiert werden.<\/mark><br><\/p>\n\n\n\n<h5 class=\"has-text-align-center\">Preise: <\/h5>\n\n\n\n<p class=\"has-text-align-center\"><mark style=\"background-color:rgba(0, 0, 0, 0)\" class=\"has-inline-color has-palette-color-5-color\">Preise auf AnfrageKurs, Unterlagen, Tauchguides und BrevetsNicht enthalten sind Fahrkosten, Verpflegung, Getr\u00e4nke, Gase und Campingplatzgeb\u00fchr.Mit der Anmeldung werden die Kurskosten in Rechnung gestellt.\u00a0Bereits bezahlte oder f\u00e4llige Kurskosten werden nur zur\u00fcckerstattet, wenn vom Kursteilnehmer ein Ersatzteilnehmer gefunden wird.Eine Reiser\u00fccktrittsversicherung wird deshalb empfohlen.<\/mark><\/p>\n\n\n\n<h5 class=\"has-text-align-center\"><br>sonstiges:<\/h5>\n\n\n\n<p class=\"has-text-align-center\"><mark style=\"background-color:rgba(0, 0, 0, 0)\" class=\"has-inline-color has-palette-color-5-color\"> Tauchtauglichkeitsbescheinigung nicht \u00e4lter als 1 Jahr.Voll taugliche Tauchausr\u00fcstung- (Zustand und Pr\u00fcffristen), Haftungsausschlu\u00df, Auslandskrankenversicherung und Tauchunfallversicherung. Zuwiderhandlungen gegen Anweisungen der Instruktoren oder Sicherheitsrichtlinien k\u00f6nnen zur ersatzlosen Wegweisung vom Kurs f\u00fchren. Auf Grund der meistens optimalen Sichtverh\u00e4ltnisse k\u00f6nnen auch UW -Fotografen auf Ihre Rechnung kommen.<br>Das Fotografieren darf aber nicht zur Behinderung der Gruppe werden.<br>Die weiteren Ablaufmodifikationen werden im Kreis der Kursanw\u00e4rter nach Anmeldeschluss gemeinschaftlich besprochen. Das exakte Kursdatum wird noch bekanntgegeben.<\/mark><\/p>\n\n\n\n<h5 class=\"has-text-align-center\"><br>Anmeldung: <\/h5>\n\n\n\n<p class=\"has-text-align-center\"><mark style=\"background-color:rgba(0, 0, 0, 0)\" class=\"has-inline-color has-palette-color-5-color\">Die Anmeldung und Informationen erfolgen bei Herrn Harald Lange oder direkt \u00fcber das ITD Headquarters.<br><br>Harald Lange ITD Cave Course-Direktor<br>Elektronstr.13 D-65933 Frankfurt<br>Tel.: +49 (0)69 382568 <\/mark><\/p>\n\n\n\n<p class=\"has-text-align-center\"><mark style=\"background-color:rgba(0, 0, 0, 0)\" class=\"has-inline-color has-palette-color-5-color\">email:<\/mark> <a href=\"mailto:tllange@gmx.net\">tllange@gmx.net<\/a> <\/p>\n\n\n\n<p class=\"has-text-align-center\"><mark style=\"background-color:rgba(0, 0, 0, 0)\" class=\"has-inline-color has-palette-color-5-color\">oder \u00fcber ITD Headquarters \u00a0 <br><br>Headquarter Germany:<br>ITD Deutschland Thomas Wulf<br>Biberpfad 14<br>04249 Leipzig<br><br>Tel: 0341\/9468051<br>Fax: 0341\/9103870<br>Mobil: 0170\/9305525<br>web: www.itd.info\/<\/mark><br>email: <a href=\"mailto:info@itd.info\">info@itd.info<\/a><\/p>\n<\/div>\n\n\n\n<div class=\"wp-block-column\" style=\"flex-basis:20%\"><div id='1' class='widgets_on_page wop_tiny1  wop_small1  wop_medium1  wop_large1  wop_wide1'>\n\t\t\t<ul><li id=\"media_image-9\" class=\"widget widget_media_image\"><img width=\"1\" height=\"1\" src=\"https:\/\/www.itd.info\/web\/wp-content\/uploads\/2021\/06\/blank.png\" class=\"image wp-image-400  attachment-20x20 size-20x20\" alt=\"\" loading=\"lazy\" style=\"max-width: 100%; height: auto;\" \/><\/li><li id=\"media_image-3\" class=\"widget widget_media_image\"><a href=\"https:\/\/www.ipdi2002.org\/\"><img width=\"140\" height=\"140\" src=\"https:\/\/www.itd.info\/web\/wp-content\/uploads\/2021\/06\/IPDI-klein.png\" class=\"image wp-image-59  attachment-full size-full\" alt=\"\" loading=\"lazy\" style=\"max-width: 100%; height: auto;\" \/><\/a><\/li><li id=\"media_image-8\" class=\"widget widget_media_image\"><img width=\"1\" height=\"1\" src=\"https:\/\/www.itd.info\/web\/wp-content\/uploads\/2021\/06\/blank.png\" class=\"image wp-image-400  attachment-20x20 size-20x20\" alt=\"\" loading=\"lazy\" style=\"max-width: 100%; height: auto;\" \/><\/li><li id=\"media_image-4\" class=\"widget widget_media_image\"><a href=\"http:\/\/www.bonex-systeme.de\/\"><img width=\"140\" height=\"71\" src=\"https:\/\/www.itd.info\/web\/wp-content\/uploads\/2021\/06\/Logo-bonex-300x153.png\" class=\"image wp-image-60  attachment-140x71 size-140x71\" alt=\"\" loading=\"lazy\" style=\"max-width: 100%; height: auto;\" srcset=\"https:\/\/www.itd.info\/web\/wp-content\/uploads\/2021\/06\/Logo-bonex-300x153.png 300w, https:\/\/www.itd.info\/web\/wp-content\/uploads\/2021\/06\/Logo-bonex-1024x523.png 1024w, https:\/\/www.itd.info\/web\/wp-content\/uploads\/2021\/06\/Logo-bonex-768x392.png 768w, https:\/\/www.itd.info\/web\/wp-content\/uploads\/2021\/06\/Logo-bonex.png 1346w\" sizes=\"(max-width: 140px) 100vw, 140px\" \/><\/a><\/li><li id=\"media_image-10\" class=\"widget widget_media_image\"><img width=\"1\" height=\"1\" src=\"https:\/\/www.itd.info\/web\/wp-content\/uploads\/2021\/06\/blank.png\" class=\"image wp-image-400  attachment-20x20 size-20x20\" alt=\"\" loading=\"lazy\" style=\"max-width: 100%; height: auto;\" \/><\/li><li id=\"media_image-5\" class=\"widget widget_media_image\"><a href=\"https:\/\/ks-tauchtechnik.de\/\"><img width=\"140\" height=\"140\" src=\"https:\/\/www.itd.info\/web\/wp-content\/uploads\/2021\/06\/Logo-ksTauchtechnik-150x150.png\" class=\"image wp-image-61  attachment-140x140 size-140x140\" alt=\"\" loading=\"lazy\" style=\"max-width: 100%; height: auto;\" srcset=\"https:\/\/www.itd.info\/web\/wp-content\/uploads\/2021\/06\/Logo-ksTauchtechnik-150x150.png 150w, https:\/\/www.itd.info\/web\/wp-content\/uploads\/2021\/06\/Logo-ksTauchtechnik-300x300.png 300w, https:\/\/www.itd.info\/web\/wp-content\/uploads\/2021\/06\/Logo-ksTauchtechnik.png 760w\" sizes=\"(max-width: 140px) 100vw, 140px\" \/><\/a><\/li><li id=\"media_image-11\" class=\"widget widget_media_image\"><img width=\"1\" height=\"1\" src=\"https:\/\/www.itd.info\/web\/wp-content\/uploads\/2021\/06\/blank.png\" class=\"image wp-image-400  attachment-20x20 size-20x20\" alt=\"\" loading=\"lazy\" style=\"max-width: 100%; height: auto;\" \/><\/li><li id=\"media_image-6\" class=\"widget widget_media_image\"><a href=\"https:\/\/www.tek-diver-shop.de\/\"><img width=\"2560\" height=\"1157\" src=\"https:\/\/www.itd.info\/web\/wp-content\/uploads\/2024\/08\/LogoHTD-neu-2024-Original-scaled.jpg\" class=\"image wp-image-549  attachment-full size-full\" alt=\"\" loading=\"lazy\" style=\"max-width: 100%; height: auto;\" srcset=\"https:\/\/www.itd.info\/web\/wp-content\/uploads\/2024\/08\/LogoHTD-neu-2024-Original-scaled.jpg 2560w, https:\/\/www.itd.info\/web\/wp-content\/uploads\/2024\/08\/LogoHTD-neu-2024-Original-300x136.jpg 300w, https:\/\/www.itd.info\/web\/wp-content\/uploads\/2024\/08\/LogoHTD-neu-2024-Original-1024x463.jpg 1024w, https:\/\/www.itd.info\/web\/wp-content\/uploads\/2024\/08\/LogoHTD-neu-2024-Original-768x347.jpg 768w, https:\/\/www.itd.info\/web\/wp-content\/uploads\/2024\/08\/LogoHTD-neu-2024-Original-1536x694.jpg 1536w, https:\/\/www.itd.info\/web\/wp-content\/uploads\/2024\/08\/LogoHTD-neu-2024-Original-2048x925.jpg 2048w\" sizes=\"(max-width: 2560px) 100vw, 2560px\" \/><\/a><\/li><li id=\"media_image-12\" class=\"widget widget_media_image\"><img width=\"1\" height=\"1\" src=\"https:\/\/www.itd.info\/web\/wp-content\/uploads\/2021\/06\/blank.png\" class=\"image wp-image-400  attachment-20x20 size-20x20\" alt=\"\" loading=\"lazy\" style=\"max-width: 100%; height: auto;\" \/><\/li><li id=\"media_image-7\" class=\"widget widget_media_image\"><a href=\"https:\/\/www.bluemarlin-redsea.com\/\"><img width=\"140\" height=\"160\" src=\"https:\/\/www.itd.info\/web\/wp-content\/uploads\/2021\/06\/Logo_dtd-262x300.png\" class=\"image wp-image-89  attachment-140x160 size-140x160\" alt=\"\" loading=\"lazy\" style=\"max-width: 100%; height: auto;\" srcset=\"https:\/\/www.itd.info\/web\/wp-content\/uploads\/2021\/06\/Logo_dtd-262x300.png 262w, https:\/\/www.itd.info\/web\/wp-content\/uploads\/2021\/06\/Logo_dtd.png 616w\" sizes=\"(max-width: 140px) 100vw, 140px\" \/><\/a><\/li><\/ul><\/div><!-- widgets_on_page -->\n<\/div>\n<\/div>\n\n\n\n<p><\/p>\n","protected":false},"excerpt":{"rendered":"<p>Tauchlehrerkurse 2024 H\u00f6hlentauchen Tek Tauchsafari Ausbildungskurs H\u00f6hlentauchen Frankreich 2026 Spezialkurse f\u00fcr H\u00f6hlentauchen werden von ITD regelm\u00e4\u00dfig angeboten.Im kombinierten 1*-2* H\u00f6hlentauchkurs (Cavern-\/Cave-Diver) werden den Teilnehmern die Grundkenntnisse vermittelt, um gefahrlos Tauchg\u00e4nge in der H\u00f6hlentauchzone 1 (Eingangsbereich) und H\u00f6hlentauchzone 2 ( St\u00e4ndige Dunkelheit) durchzuf\u00fchren. Die Tauchg\u00e4nge finden unter direkter Aufsicht erfahrener Instruktoren oder h\u00f6her brevetierten H\u00f6hlentauchern statt. Dieser Ausbildungs-nachweis wird heute weltweit f\u00fcr H\u00f6hlentauchg\u00e4nge zwingend verlangt. Ort:&nbsp; Rocamadour, Department du Lot- Zentralfrankreich Kursdatum: Die genaue Terminierung wird gesamtheitlich mit den Teilnehmern abgesprochen. Teilnehmer: 2*-Taucher, Mindestalter 18 Jahre g\u00fcltige Tauchtauglichkeitsbescheinigung Ausbildungziel: HT 2*, Einf\u00fchrung in die sichere Durchf\u00fchrung der speziellen H\u00f6hlentauchtechniken\u00a0und Notfalltraining. Anforderungen:\u2026<\/p>\n","protected":false},"author":1,"featured_media":0,"parent":0,"menu_order":0,"comment_status":"closed","ping_status":"closed","template":"","meta":[],"blocksy_meta":{"styles_descriptor":{"styles":{"desktop":"","tablet":"","mobile":""},"google_fonts":[]}},"yoast_head":"<!-- This site is optimized with the Yoast SEO plugin v18.4.1 - https:\/\/yoast.com\/wordpress\/plugins\/seo\/ -->\n<title>H\u00f6hlentauchen - ITD<\/title>\n<meta name=\"robots\" content=\"index, follow, max-snippet:-1, max-image-preview:large, max-video-preview:-1\" \/>\n<link rel=\"canonical\" href=\"https:\/\/www.itd.info\/web\/hoehlentauchen\/\" \/>\n<meta property=\"og:locale\" content=\"de_DE\" \/>\n<meta property=\"og:type\" content=\"article\" \/>\n<meta property=\"og:title\" content=\"H\u00f6hlentauchen - ITD\" \/>\n<meta property=\"og:description\" content=\"Tauchlehrerkurse 2024 H\u00f6hlentauchen Tek Tauchsafari Ausbildungskurs H\u00f6hlentauchen Frankreich 2026 Spezialkurse f\u00fcr H\u00f6hlentauchen werden von ITD regelm\u00e4\u00dfig angeboten.Im kombinierten 1*-2* H\u00f6hlentauchkurs (Cavern-\/Cave-Diver) werden den Teilnehmern die Grundkenntnisse vermittelt, um gefahrlos Tauchg\u00e4nge in der H\u00f6hlentauchzone 1 (Eingangsbereich) und H\u00f6hlentauchzone 2 ( St\u00e4ndige Dunkelheit) durchzuf\u00fchren. Die Tauchg\u00e4nge finden unter direkter Aufsicht erfahrener Instruktoren oder h\u00f6her brevetierten H\u00f6hlentauchern statt. Dieser Ausbildungs-nachweis wird heute weltweit f\u00fcr H\u00f6hlentauchg\u00e4nge zwingend verlangt. Ort:&nbsp; Rocamadour, Department du Lot- Zentralfrankreich Kursdatum: Die genaue Terminierung wird gesamtheitlich mit den Teilnehmern abgesprochen. Teilnehmer: 2*-Taucher, Mindestalter 18 Jahre g\u00fcltige Tauchtauglichkeitsbescheinigung Ausbildungziel: HT 2*, Einf\u00fchrung in die sichere Durchf\u00fchrung der speziellen H\u00f6hlentauchtechniken\u00a0und Notfalltraining. Anforderungen:\u2026\" \/>\n<meta property=\"og:url\" content=\"https:\/\/www.itd.info\/web\/hoehlentauchen\/\" \/>\n<meta property=\"og:site_name\" content=\"ITD\" \/>\n<meta property=\"article:modified_time\" content=\"2026-01-17T22:54:35+00:00\" \/>\n<meta name=\"twitter:card\" content=\"summary_large_image\" \/>\n<meta name=\"twitter:label1\" content=\"Gesch\u00e4tzte Lesezeit\" \/>\n\t<meta name=\"twitter:data1\" content=\"2 Minuten\" \/>\n<script type=\"application\/ld+json\" class=\"yoast-schema-graph\">{\"@context\":\"https:\/\/schema.org\",\"@graph\":[{\"@type\":\"Organization\",\"@id\":\"https:\/\/www.itd.info\/web\/#organization\",\"name\":\"ITD\",\"url\":\"https:\/\/www.itd.info\/web\/\",\"sameAs\":[],\"logo\":{\"@type\":\"ImageObject\",\"@id\":\"https:\/\/www.itd.info\/web\/#logo\",\"inLanguage\":\"de-DE\",\"url\":\"https:\/\/www.itd.info\/web\/wp-content\/uploads\/2021\/06\/itd.jpg\",\"contentUrl\":\"https:\/\/www.itd.info\/web\/wp-content\/uploads\/2021\/06\/itd.jpg\",\"width\":650,\"height\":409,\"caption\":\"ITD\"},\"image\":{\"@id\":\"https:\/\/www.itd.info\/web\/#logo\"}},{\"@type\":\"WebSite\",\"@id\":\"https:\/\/www.itd.info\/web\/#website\",\"url\":\"https:\/\/www.itd.info\/web\/\",\"name\":\"ITD\",\"description\":\"International Tek Diver\",\"publisher\":{\"@id\":\"https:\/\/www.itd.info\/web\/#organization\"},\"potentialAction\":[{\"@type\":\"SearchAction\",\"target\":{\"@type\":\"EntryPoint\",\"urlTemplate\":\"https:\/\/www.itd.info\/web\/?s={search_term_string}\"},\"query-input\":\"required name=search_term_string\"}],\"inLanguage\":\"de-DE\"},{\"@type\":\"WebPage\",\"@id\":\"https:\/\/www.itd.info\/web\/hoehlentauchen\/#webpage\",\"url\":\"https:\/\/www.itd.info\/web\/hoehlentauchen\/\",\"name\":\"H\u00f6hlentauchen - ITD\",\"isPartOf\":{\"@id\":\"https:\/\/www.itd.info\/web\/#website\"},\"datePublished\":\"2021-06-23T15:12:53+00:00\",\"dateModified\":\"2026-01-17T22:54:35+00:00\",\"breadcrumb\":{\"@id\":\"https:\/\/www.itd.info\/web\/hoehlentauchen\/#breadcrumb\"},\"inLanguage\":\"de-DE\",\"potentialAction\":[{\"@type\":\"ReadAction\",\"target\":[\"https:\/\/www.itd.info\/web\/hoehlentauchen\/\"]}]},{\"@type\":\"BreadcrumbList\",\"@id\":\"https:\/\/www.itd.info\/web\/hoehlentauchen\/#breadcrumb\",\"itemListElement\":[{\"@type\":\"ListItem\",\"position\":1,\"name\":\"Startseite\",\"item\":\"https:\/\/www.itd.info\/web\/\"},{\"@type\":\"ListItem\",\"position\":2,\"name\":\"H\u00f6hlentauchen\"}]}]}<\/script>\n<!-- \/ Yoast SEO plugin. -->","yoast_head_json":{"title":"H\u00f6hlentauchen - ITD","robots":{"index":"index","follow":"follow","max-snippet":"max-snippet:-1","max-image-preview":"max-image-preview:large","max-video-preview":"max-video-preview:-1"},"canonical":"https:\/\/www.itd.info\/web\/hoehlentauchen\/","og_locale":"de_DE","og_type":"article","og_title":"H\u00f6hlentauchen - ITD","og_description":"Tauchlehrerkurse 2024 H\u00f6hlentauchen Tek Tauchsafari Ausbildungskurs H\u00f6hlentauchen Frankreich 2026 Spezialkurse f\u00fcr H\u00f6hlentauchen werden von ITD regelm\u00e4\u00dfig angeboten.Im kombinierten 1*-2* H\u00f6hlentauchkurs (Cavern-\/Cave-Diver) werden den Teilnehmern die Grundkenntnisse vermittelt, um gefahrlos Tauchg\u00e4nge in der H\u00f6hlentauchzone 1 (Eingangsbereich) und H\u00f6hlentauchzone 2 ( St\u00e4ndige Dunkelheit) durchzuf\u00fchren. Die Tauchg\u00e4nge finden unter direkter Aufsicht erfahrener Instruktoren oder h\u00f6her brevetierten H\u00f6hlentauchern statt. Dieser Ausbildungs-nachweis wird heute weltweit f\u00fcr H\u00f6hlentauchg\u00e4nge zwingend verlangt. Ort:&nbsp; Rocamadour, Department du Lot- Zentralfrankreich Kursdatum: Die genaue Terminierung wird gesamtheitlich mit den Teilnehmern abgesprochen. Teilnehmer: 2*-Taucher, Mindestalter 18 Jahre g\u00fcltige Tauchtauglichkeitsbescheinigung Ausbildungziel: HT 2*, Einf\u00fchrung in die sichere Durchf\u00fchrung der speziellen H\u00f6hlentauchtechniken\u00a0und Notfalltraining. Anforderungen:\u2026","og_url":"https:\/\/www.itd.info\/web\/hoehlentauchen\/","og_site_name":"ITD","article_modified_time":"2026-01-17T22:54:35+00:00","twitter_card":"summary_large_image","twitter_misc":{"Gesch\u00e4tzte Lesezeit":"2 Minuten"},"schema":{"@context":"https:\/\/schema.org","@graph":[{"@type":"Organization","@id":"https:\/\/www.itd.info\/web\/#organization","name":"ITD","url":"https:\/\/www.itd.info\/web\/","sameAs":[],"logo":{"@type":"ImageObject","@id":"https:\/\/www.itd.info\/web\/#logo","inLanguage":"de-DE","url":"https:\/\/www.itd.info\/web\/wp-content\/uploads\/2021\/06\/itd.jpg","contentUrl":"https:\/\/www.itd.info\/web\/wp-content\/uploads\/2021\/06\/itd.jpg","width":650,"height":409,"caption":"ITD"},"image":{"@id":"https:\/\/www.itd.info\/web\/#logo"}},{"@type":"WebSite","@id":"https:\/\/www.itd.info\/web\/#website","url":"https:\/\/www.itd.info\/web\/","name":"ITD","description":"International Tek Diver","publisher":{"@id":"https:\/\/www.itd.info\/web\/#organization"},"potentialAction":[{"@type":"SearchAction","target":{"@type":"EntryPoint","urlTemplate":"https:\/\/www.itd.info\/web\/?s={search_term_string}"},"query-input":"required name=search_term_string"}],"inLanguage":"de-DE"},{"@type":"WebPage","@id":"https:\/\/www.itd.info\/web\/hoehlentauchen\/#webpage","url":"https:\/\/www.itd.info\/web\/hoehlentauchen\/","name":"H\u00f6hlentauchen - ITD","isPartOf":{"@id":"https:\/\/www.itd.info\/web\/#website"},"datePublished":"2021-06-23T15:12:53+00:00","dateModified":"2026-01-17T22:54:35+00:00","breadcrumb":{"@id":"https:\/\/www.itd.info\/web\/hoehlentauchen\/#breadcrumb"},"inLanguage":"de-DE","potentialAction":[{"@type":"ReadAction","target":["https:\/\/www.itd.info\/web\/hoehlentauchen\/"]}]},{"@type":"BreadcrumbList","@id":"https:\/\/www.itd.info\/web\/hoehlentauchen\/#breadcrumb","itemListElement":[{"@type":"ListItem","position":1,"name":"Startseite","item":"https:\/\/www.itd.info\/web\/"},{"@type":"ListItem","position":2,"name":"H\u00f6hlentauchen"}]}]}},"_links":{"self":[{"href":"https:\/\/www.itd.info\/web\/wp-json\/wp\/v2\/pages\/109"}],"collection":[{"href":"https:\/\/www.itd.info\/web\/wp-json\/wp\/v2\/pages"}],"about":[{"href":"https:\/\/www.itd.info\/web\/wp-json\/wp\/v2\/types\/page"}],"author":[{"embeddable":true,"href":"https:\/\/www.itd.info\/web\/wp-json\/wp\/v2\/users\/1"}],"replies":[{"embeddable":true,"href":"https:\/\/www.itd.info\/web\/wp-json\/wp\/v2\/comments?post=109"}],"version-history":[{"count":15,"href":"https:\/\/www.itd.info\/web\/wp-json\/wp\/v2\/pages\/109\/revisions"}],"predecessor-version":[{"id":560,"href":"https:\/\/www.itd.info\/web\/wp-json\/wp\/v2\/pages\/109\/revisions\/560"}],"wp:attachment":[{"href":"https:\/\/www.itd.info\/web\/wp-json\/wp\/v2\/media?parent=109"}],"curies":[{"name":"wp","href":"https:\/\/api.w.org\/{rel}","templated":true}]}}